{"id":11461,"date":"2026-02-20T07:57:34","date_gmt":"2026-02-20T07:57:34","guid":{"rendered":"https:\/\/engitech.az\/?post_type=product&#038;p=11461"},"modified":"2026-02-20T07:57:34","modified_gmt":"2026-02-20T07:57:34","slug":"epiqvision-flex-co-w01-portable-projector","status":"publish","type":"product","link":"https:\/\/engitech.az\/en\/product\/epiqvision-flex-co-w01-portable-projector\/","title":{"rendered":"EpiqVision\u00ae Flex CO-W01 Portable Projector"},"content":{"rendered":"<ul>\n<li data-start=\"42\" data-end=\"98\"><strong data-start=\"42\" data-end=\"53\">M\u0259hsul:<\/strong> EpiqVision\u00ae Flex CO-W01 Portable Projector<\/li>\n<li data-start=\"101\" data-end=\"137\"><strong data-start=\"101\" data-end=\"116\">Category:<\/strong> Portativ Proyektor<\/li>\n<li data-start=\"140\" data-end=\"180\"><strong data-start=\"140\" data-end=\"150\">Marka:<\/strong> Epson (EpiqVision seriyas\u0131)<\/li>\n<li data-start=\"183\" data-end=\"256\"><strong data-start=\"183\" data-end=\"201\">\u00c7\u0131x\u0131\u015f Q\u0259tnam\u0259:<\/strong> (model\u0259 g\u00f6r\u0259 d\u0259yi\u015f\u0259 bil\u0259r \u2013 ad\u0259t\u0259n HD v\u0259 ya Full HD)<\/li>\n<li data-start=\"259\" data-end=\"302\"><strong data-start=\"259\" data-end=\"275\">Texnologiya:<\/strong> 3LCD \/ LED (model\u0259 g\u00f6r\u0259)<\/li>\n<li data-start=\"305\" data-end=\"375\"><strong data-start=\"305\" data-end=\"318\">Usage:<\/strong> Portativ v\u0259 da\u015f\u0131na bil\u0259n kino v\u0259 t\u0259qdimat proyeksiyas\u0131<\/li>\n<li data-start=\"378\" data-end=\"423\"><strong data-start=\"378\" data-end=\"388\">Contact:<\/strong> USB \/ HDMI \/ Wi-Fi (model\u0259 g\u00f6r\u0259)<\/li>\n<li data-start=\"426\" data-end=\"487\"><strong data-start=\"426\" data-end=\"441\">Feature:<\/strong> Kompakt \u00f6l\u00e7\u00fc, s\u0259yah\u0259t v\u0259 ev kino \u00fc\u00e7\u00fcn ideal<\/li>\n<\/ul>","protected":false},"excerpt":{"rendered":"<p>M\u0259hsul: EpiqVision\u00ae Flex CO-W01 Portable Projector Kateqoriya: Portativ Proyektor Marka:  [&#8230;]<\/p>","protected":false},"featured_media":11462,"comment_status":"open","ping_status":"closed","template":"","meta":[],"product_brand":[],"product_cat":[239],"product_tag":[],"class_list":{"0":"post-11461","1":"product","2":"type-product","3":"status-publish","4":"has-post-thumbnail","6":"product_cat-epson","7":"pa_mehsul-tipi-projectors","9":"first","10":"instock","11":"sold-individually","12":"shipping-taxable","13":"purchasable","14":"product-type-simple"},"_links":{"self":[{"href":"https:\/\/engitech.az\/en\/wp-json\/wp\/v2\/product\/11461","targetHints":{"allow":["GET"]}}],"collection":[{"href":"https:\/\/engitech.az\/en\/wp-json\/wp\/v2\/product"}],"about":[{"href":"https:\/\/engitech.az\/en\/wp-json\/wp\/v2\/types\/product"}],"replies":[{"embeddable":true,"href":"https:\/\/engitech.az\/en\/wp-json\/wp\/v2\/comments?post=11461"}],"wp:featuredmedia":[{"embeddable":true,"href":"https:\/\/engitech.az\/en\/wp-json\/wp\/v2\/media\/11462"}],"wp:attachment":[{"href":"https:\/\/engitech.az\/en\/wp-json\/wp\/v2\/media?parent=11461"}],"wp:term":[{"taxonomy":"product_brand","embeddable":true,"href":"https:\/\/engitech.az\/en\/wp-json\/wp\/v2\/product_brand?post=11461"},{"taxonomy":"product_cat","embeddable":true,"href":"https:\/\/engitech.az\/en\/wp-json\/wp\/v2\/product_cat?post=11461"},{"taxonomy":"product_tag","embeddable":true,"href":"https:\/\/engitech.az\/en\/wp-json\/wp\/v2\/product_tag?post=11461"}],"curies":[{"name":"wp","href":"https:\/\/api.w.org\/{rel}","templated":true}]}}