{"id":11463,"date":"2026-02-20T08:00:17","date_gmt":"2026-02-20T08:00:17","guid":{"rendered":"https:\/\/engitech.az\/?post_type=product&#038;p=11463"},"modified":"2026-02-20T08:00:17","modified_gmt":"2026-02-20T08:00:17","slug":"powerlite-118-3lcd-xga-classroom-projector","status":"publish","type":"product","link":"https:\/\/engitech.az\/en\/product\/powerlite-118-3lcd-xga-classroom-projector\/","title":{"rendered":"PowerLite 118 3LCD XGA Classroom Projector"},"content":{"rendered":"<ul>\n<li data-start=\"42\" data-end=\"98\"><strong data-start=\"42\" data-end=\"53\">M\u0259hsul:<\/strong> PowerLite 118 3LCD XGA Classroom Projector<\/li>\n<li data-start=\"101\" data-end=\"148\"><strong data-start=\"101\" data-end=\"116\">Category:<\/strong> Classroom \/ T\u0259hsil Proyektoru<\/li>\n<li data-start=\"151\" data-end=\"169\"><strong data-start=\"151\" data-end=\"161\">Marka:<\/strong> Epson<\/li>\n<li data-start=\"172\" data-end=\"207\"><strong data-start=\"172\" data-end=\"190\">\u00c7\u0131x\u0131\u015f Q\u0259tnam\u0259:<\/strong> XGA (1024\u00d7768)<\/li>\n<li data-start=\"210\" data-end=\"233\"><strong data-start=\"210\" data-end=\"226\">Texnologiya:<\/strong> 3LCD<\/li>\n<li data-start=\"236\" data-end=\"294\"><strong data-start=\"236\" data-end=\"249\">Usage:<\/strong> T\u0259dris, sinif otaqlar\u0131 v\u0259 t\u0259qdimatlar \u00fc\u00e7\u00fcn<\/li>\n<li data-start=\"297\" data-end=\"340\"><strong data-start=\"297\" data-end=\"307\">Contact:<\/strong> HDMI \/ VGA \/ USB (model\u0259 g\u00f6r\u0259)<\/li>\n<li data-start=\"343\" data-end=\"409\"><strong data-start=\"343\" data-end=\"358\">Feature:<\/strong> Parlaq v\u0259 ayd\u0131n t\u0259svir t\u0259hsild\u0259 v\u0259 t\u0259qdimatlarda<\/li>\n<\/ul>","protected":false},"excerpt":{"rendered":"<p>M\u0259hsul: PowerLite 118 3LCD XGA Classroom Projector Kateqoriya: Classroom \/  [&#8230;]<\/p>","protected":false},"featured_media":11464,"comment_status":"open","ping_status":"closed","template":"","meta":[],"product_brand":[],"product_cat":[239],"product_tag":[],"class_list":{"0":"post-11463","1":"product","2":"type-product","3":"status-publish","4":"has-post-thumbnail","6":"product_cat-epson","7":"pa_mehsul-tipi-projectors","9":"first","10":"instock","11":"sold-individually","12":"shipping-taxable","13":"purchasable","14":"product-type-simple"},"_links":{"self":[{"href":"https:\/\/engitech.az\/en\/wp-json\/wp\/v2\/product\/11463","targetHints":{"allow":["GET"]}}],"collection":[{"href":"https:\/\/engitech.az\/en\/wp-json\/wp\/v2\/product"}],"about":[{"href":"https:\/\/engitech.az\/en\/wp-json\/wp\/v2\/types\/product"}],"replies":[{"embeddable":true,"href":"https:\/\/engitech.az\/en\/wp-json\/wp\/v2\/comments?post=11463"}],"wp:featuredmedia":[{"embeddable":true,"href":"https:\/\/engitech.az\/en\/wp-json\/wp\/v2\/media\/11464"}],"wp:attachment":[{"href":"https:\/\/engitech.az\/en\/wp-json\/wp\/v2\/media?parent=11463"}],"wp:term":[{"taxonomy":"product_brand","embeddable":true,"href":"https:\/\/engitech.az\/en\/wp-json\/wp\/v2\/product_brand?post=11463"},{"taxonomy":"product_cat","embeddable":true,"href":"https:\/\/engitech.az\/en\/wp-json\/wp\/v2\/product_cat?post=11463"},{"taxonomy":"product_tag","embeddable":true,"href":"https:\/\/engitech.az\/en\/wp-json\/wp\/v2\/product_tag?post=11463"}],"curies":[{"name":"wp","href":"https:\/\/api.w.org\/{rel}","templated":true}]}}