{"id":11465,"date":"2026-02-20T08:02:06","date_gmt":"2026-02-20T08:02:06","guid":{"rendered":"https:\/\/engitech.az\/?post_type=product&#038;p=11465"},"modified":"2026-02-20T08:02:06","modified_gmt":"2026-02-20T08:02:06","slug":"lifestudio-pop-projector","status":"publish","type":"product","link":"https:\/\/engitech.az\/en\/product\/lifestudio-pop-projector\/","title":{"rendered":"Lifestudio Pop Projector"},"content":{"rendered":"<ul>\n<li data-start=\"42\" data-end=\"80\"><strong data-start=\"42\" data-end=\"53\">M\u0259hsul:<\/strong> Lifestudio Pop Projector<\/li>\n<li data-start=\"83\" data-end=\"126\"><strong data-start=\"83\" data-end=\"98\">Category:<\/strong> Portativ \/ Mini Proyektor<\/li>\n<li data-start=\"129\" data-end=\"162\"><strong data-start=\"129\" data-end=\"139\">Marka:<\/strong> (m\u0259s\u0259l\u0259n) Lifestudio<\/li>\n<li data-start=\"165\" data-end=\"224\"><strong data-start=\"165\" data-end=\"183\">\u00c7\u0131x\u0131\u015f Q\u0259tnam\u0259:<\/strong> (model\u0259 g\u00f6r\u0259 d\u0259yi\u015f\u0259 bil\u0259r \u2013 ad\u0259t\u0259n HD)<\/li>\n<li data-start=\"227\" data-end=\"269\"><strong data-start=\"227\" data-end=\"243\">Texnologiya:<\/strong> LED \/ LCD (model\u0259 g\u00f6r\u0259)<\/li>\n<li data-start=\"272\" data-end=\"330\"><strong data-start=\"272\" data-end=\"285\">Usage:<\/strong> Ev, s\u0259yah\u0259t v\u0259 portativ proyeksiyalar \u00fc\u00e7\u00fcn<\/li>\n<li data-start=\"333\" data-end=\"378\"><strong data-start=\"333\" data-end=\"343\">Contact:<\/strong> HDMI \/ USB \/ Wi-Fi (model\u0259 g\u00f6r\u0259)<\/li>\n<\/ul>","protected":false},"excerpt":{"rendered":"<p>M\u0259hsul: Lifestudio Pop Projector Kateqoriya: Portativ \/ Mini Proyektor Marka:  [&#8230;]<\/p>","protected":false},"featured_media":11466,"comment_status":"open","ping_status":"closed","template":"","meta":[],"product_brand":[],"product_cat":[239],"product_tag":[],"class_list":{"0":"post-11465","1":"product","2":"type-product","3":"status-publish","4":"has-post-thumbnail","6":"product_cat-epson","7":"pa_mehsul-tipi-projectors","9":"first","10":"instock","11":"sold-individually","12":"shipping-taxable","13":"purchasable","14":"product-type-simple"},"_links":{"self":[{"href":"https:\/\/engitech.az\/en\/wp-json\/wp\/v2\/product\/11465","targetHints":{"allow":["GET"]}}],"collection":[{"href":"https:\/\/engitech.az\/en\/wp-json\/wp\/v2\/product"}],"about":[{"href":"https:\/\/engitech.az\/en\/wp-json\/wp\/v2\/types\/product"}],"replies":[{"embeddable":true,"href":"https:\/\/engitech.az\/en\/wp-json\/wp\/v2\/comments?post=11465"}],"wp:featuredmedia":[{"embeddable":true,"href":"https:\/\/engitech.az\/en\/wp-json\/wp\/v2\/media\/11466"}],"wp:attachment":[{"href":"https:\/\/engitech.az\/en\/wp-json\/wp\/v2\/media?parent=11465"}],"wp:term":[{"taxonomy":"product_brand","embeddable":true,"href":"https:\/\/engitech.az\/en\/wp-json\/wp\/v2\/product_brand?post=11465"},{"taxonomy":"product_cat","embeddable":true,"href":"https:\/\/engitech.az\/en\/wp-json\/wp\/v2\/product_cat?post=11465"},{"taxonomy":"product_tag","embeddable":true,"href":"https:\/\/engitech.az\/en\/wp-json\/wp\/v2\/product_tag?post=11465"}],"curies":[{"name":"wp","href":"https:\/\/api.w.org\/{rel}","templated":true}]}}