{"id":11467,"date":"2026-02-20T08:05:12","date_gmt":"2026-02-20T08:05:12","guid":{"rendered":"https:\/\/engitech.az\/?post_type=product&#038;p=11467"},"modified":"2026-02-20T08:05:13","modified_gmt":"2026-02-20T08:05:13","slug":"powerlite-1780w-wireless-wxga-3lcd-projector","status":"publish","type":"product","link":"https:\/\/engitech.az\/en\/product\/powerlite-1780w-wireless-wxga-3lcd-projector\/","title":{"rendered":"PowerLite 1780W Wireless WXGA 3LCD Projector"},"content":{"rendered":"<ul>\n<li data-start=\"42\" data-end=\"100\"><strong data-start=\"42\" data-end=\"53\">M\u0259hsul:<\/strong> PowerLite 1780W Wireless WXGA 3LCD Projector<\/li>\n<li data-start=\"103\" data-end=\"144\"><strong data-start=\"103\" data-end=\"118\">Category:<\/strong> Wireless WXGA Proyektor<\/li>\n<li data-start=\"147\" data-end=\"165\"><strong data-start=\"147\" data-end=\"157\">Marka:<\/strong> Epson<\/li>\n<li data-start=\"168\" data-end=\"204\"><strong data-start=\"168\" data-end=\"186\">\u00c7\u0131x\u0131\u015f Q\u0259tnam\u0259:<\/strong> WXGA (1280\u00d7800)<\/li>\n<li data-start=\"207\" data-end=\"230\"><strong data-start=\"207\" data-end=\"223\">Texnologiya:<\/strong> 3LCD<\/li>\n<li data-start=\"233\" data-end=\"264\"><strong data-start=\"233\" data-end=\"243\">Contact:<\/strong> Wi-Fi \/ HDMI \/ USB<\/li>\n<li data-start=\"267\" data-end=\"346\"><strong data-start=\"267\" data-end=\"280\">Usage:<\/strong> T\u0259dris, biznes t\u0259qdimatlar\u0131 v\u0259 geni\u015f ekranl\u0131 proyeksiyalar \u00fc\u00e7\u00fcn<\/li>\n<\/ul>","protected":false},"excerpt":{"rendered":"<p>M\u0259hsul: PowerLite 1780W Wireless WXGA 3LCD Projector Kateqoriya: Wireless WXGA  [&#8230;]<\/p>","protected":false},"featured_media":11468,"comment_status":"open","ping_status":"closed","template":"","meta":[],"product_brand":[],"product_cat":[239],"product_tag":[],"class_list":{"0":"post-11467","1":"product","2":"type-product","3":"status-publish","4":"has-post-thumbnail","6":"product_cat-epson","7":"pa_mehsul-tipi-projectors","9":"first","10":"instock","11":"sold-individually","12":"shipping-taxable","13":"purchasable","14":"product-type-simple"},"_links":{"self":[{"href":"https:\/\/engitech.az\/en\/wp-json\/wp\/v2\/product\/11467","targetHints":{"allow":["GET"]}}],"collection":[{"href":"https:\/\/engitech.az\/en\/wp-json\/wp\/v2\/product"}],"about":[{"href":"https:\/\/engitech.az\/en\/wp-json\/wp\/v2\/types\/product"}],"replies":[{"embeddable":true,"href":"https:\/\/engitech.az\/en\/wp-json\/wp\/v2\/comments?post=11467"}],"wp:featuredmedia":[{"embeddable":true,"href":"https:\/\/engitech.az\/en\/wp-json\/wp\/v2\/media\/11468"}],"wp:attachment":[{"href":"https:\/\/engitech.az\/en\/wp-json\/wp\/v2\/media?parent=11467"}],"wp:term":[{"taxonomy":"product_brand","embeddable":true,"href":"https:\/\/engitech.az\/en\/wp-json\/wp\/v2\/product_brand?post=11467"},{"taxonomy":"product_cat","embeddable":true,"href":"https:\/\/engitech.az\/en\/wp-json\/wp\/v2\/product_cat?post=11467"},{"taxonomy":"product_tag","embeddable":true,"href":"https:\/\/engitech.az\/en\/wp-json\/wp\/v2\/product_tag?post=11467"}],"curies":[{"name":"wp","href":"https:\/\/api.w.org\/{rel}","templated":true}]}}