{"id":11469,"date":"2026-02-20T08:07:51","date_gmt":"2026-02-20T08:07:51","guid":{"rendered":"https:\/\/engitech.az\/?post_type=product&#038;p=11469"},"modified":"2026-02-20T08:07:51","modified_gmt":"2026-02-20T08:07:51","slug":"pro-ex9270-wireless-full-hd-3lcd-projector","status":"publish","type":"product","link":"https:\/\/engitech.az\/en\/product\/pro-ex9270-wireless-full-hd-3lcd-projector\/","title":{"rendered":"Pro EX9270 Wireless Full HD 3LCD Projector"},"content":{"rendered":"<ul>\n<li data-start=\"42\" data-end=\"98\"><strong data-start=\"42\" data-end=\"53\">M\u0259hsul:<\/strong> Pro EX9270 Wireless Full HD 3LCD Projector<\/li>\n<li data-start=\"101\" data-end=\"136\"><strong data-start=\"101\" data-end=\"116\">Category:<\/strong> Full HD Proyektor<\/li>\n<li data-start=\"139\" data-end=\"157\"><strong data-start=\"139\" data-end=\"149\">Marka:<\/strong> Epson<\/li>\n<li data-start=\"160\" data-end=\"200\"><strong data-start=\"160\" data-end=\"178\">\u00c7\u0131x\u0131\u015f Q\u0259tnam\u0259:<\/strong> Full HD (1920\u00d71080)<\/li>\n<li data-start=\"203\" data-end=\"226\"><strong data-start=\"203\" data-end=\"219\">Texnologiya:<\/strong> 3LCD<\/li>\n<li data-start=\"229\" data-end=\"260\"><strong data-start=\"229\" data-end=\"239\">Contact:<\/strong> Wi-Fi \/ HDMI \/ USB<\/li>\n<li data-start=\"263\" data-end=\"356\"><strong data-start=\"263\" data-end=\"276\">Usage:<\/strong> T\u0259hsil, biznes t\u0259qdimatlar\u0131 v\u0259 ev kinoteatr\u0131 \u00fc\u00e7\u00fcn y\u00fcks\u0259k q\u0259tnam\u0259li proyeksiya<\/li>\n<\/ul>","protected":false},"excerpt":{"rendered":"<p>M\u0259hsul: Pro EX9270 Wireless Full HD 3LCD Projector Kateqoriya: Full  [&#8230;]<\/p>","protected":false},"featured_media":11470,"comment_status":"open","ping_status":"closed","template":"","meta":[],"product_brand":[],"product_cat":[239],"product_tag":[],"class_list":{"0":"post-11469","1":"product","2":"type-product","3":"status-publish","4":"has-post-thumbnail","6":"product_cat-epson","7":"pa_mehsul-tipi-projectors","9":"first","10":"instock","11":"sold-individually","12":"shipping-taxable","13":"purchasable","14":"product-type-simple"},"_links":{"self":[{"href":"https:\/\/engitech.az\/en\/wp-json\/wp\/v2\/product\/11469","targetHints":{"allow":["GET"]}}],"collection":[{"href":"https:\/\/engitech.az\/en\/wp-json\/wp\/v2\/product"}],"about":[{"href":"https:\/\/engitech.az\/en\/wp-json\/wp\/v2\/types\/product"}],"replies":[{"embeddable":true,"href":"https:\/\/engitech.az\/en\/wp-json\/wp\/v2\/comments?post=11469"}],"wp:featuredmedia":[{"embeddable":true,"href":"https:\/\/engitech.az\/en\/wp-json\/wp\/v2\/media\/11470"}],"wp:attachment":[{"href":"https:\/\/engitech.az\/en\/wp-json\/wp\/v2\/media?parent=11469"}],"wp:term":[{"taxonomy":"product_brand","embeddable":true,"href":"https:\/\/engitech.az\/en\/wp-json\/wp\/v2\/product_brand?post=11469"},{"taxonomy":"product_cat","embeddable":true,"href":"https:\/\/engitech.az\/en\/wp-json\/wp\/v2\/product_cat?post=11469"},{"taxonomy":"product_tag","embeddable":true,"href":"https:\/\/engitech.az\/en\/wp-json\/wp\/v2\/product_tag?post=11469"}],"curies":[{"name":"wp","href":"https:\/\/api.w.org\/{rel}","templated":true}]}}