{"id":11471,"date":"2026-02-20T08:11:09","date_gmt":"2026-02-20T08:11:09","guid":{"rendered":"https:\/\/engitech.az\/?post_type=product&#038;p=11471"},"modified":"2026-02-20T08:11:09","modified_gmt":"2026-02-20T08:11:09","slug":"home-cinema-2350-4k-pro-uhd-3-chip-3lcd-smart-streaming-projector","status":"publish","type":"product","link":"https:\/\/engitech.az\/en\/product\/home-cinema-2350-4k-pro-uhd-3-chip-3lcd-smart-streaming-projector\/","title":{"rendered":"Home Cinema 2350 4K PRO-UHD 3-Chip 3LCD Smart Streaming Projector"},"content":{"rendered":"<ul>\n<li data-start=\"42\" data-end=\"121\"><strong data-start=\"42\" data-end=\"53\">M\u0259hsul:<\/strong> Home Cinema 2350 4K PRO-UHD 3-Chip 3LCD Smart Streaming Projector<\/li>\n<li data-start=\"124\" data-end=\"162\"><strong data-start=\"124\" data-end=\"139\">Category:<\/strong> 4K PRO-UHD Proyektor<\/li>\n<li data-start=\"165\" data-end=\"183\"><strong data-start=\"165\" data-end=\"175\">Marka:<\/strong> Epson<\/li>\n<li data-start=\"186\" data-end=\"229\"><strong data-start=\"186\" data-end=\"204\">\u00c7\u0131x\u0131\u015f Q\u0259tnam\u0259:<\/strong> 4K PRO-UHD (3840\u00d72160)<\/li>\n<li data-start=\"232\" data-end=\"262\"><strong data-start=\"232\" data-end=\"248\">Texnologiya:<\/strong> 3-Chip 3LCD<\/li>\n<li data-start=\"265\" data-end=\"296\"><strong data-start=\"265\" data-end=\"275\">Contact:<\/strong> HDMI \/ Wi-Fi \/ USB<\/li>\n<li data-start=\"299\" data-end=\"376\"><strong data-start=\"299\" data-end=\"319\">Smart Streaming:<\/strong> B\u0259zi modell\u0259rd\u0259 inteqrasiya olunmu\u015f smart ax\u0131n d\u0259st\u0259yi<\/li>\n<li data-start=\"379\" data-end=\"464\"><strong data-start=\"379\" data-end=\"392\">Usage:<\/strong> Ev kinoteatr\u0131 \u00fc\u00e7\u00fcn y\u00fcks\u0259k keyfiyy\u0259tli v\u0259 a\u011f\u0131ll\u0131 multimedia proyeksiya<\/li>\n<\/ul>","protected":false},"excerpt":{"rendered":"<p>M\u0259hsul: Home Cinema 2350 4K PRO-UHD 3-Chip 3LCD Smart Streaming  [&#8230;]<\/p>","protected":false},"featured_media":11472,"comment_status":"open","ping_status":"closed","template":"","meta":[],"product_brand":[],"product_cat":[239],"product_tag":[],"class_list":{"0":"post-11471","1":"product","2":"type-product","3":"status-publish","4":"has-post-thumbnail","6":"product_cat-epson","7":"pa_mehsul-tipi-projectors","9":"first","10":"instock","11":"sold-individually","12":"shipping-taxable","13":"purchasable","14":"product-type-simple"},"_links":{"self":[{"href":"https:\/\/engitech.az\/en\/wp-json\/wp\/v2\/product\/11471","targetHints":{"allow":["GET"]}}],"collection":[{"href":"https:\/\/engitech.az\/en\/wp-json\/wp\/v2\/product"}],"about":[{"href":"https:\/\/engitech.az\/en\/wp-json\/wp\/v2\/types\/product"}],"replies":[{"embeddable":true,"href":"https:\/\/engitech.az\/en\/wp-json\/wp\/v2\/comments?post=11471"}],"wp:featuredmedia":[{"embeddable":true,"href":"https:\/\/engitech.az\/en\/wp-json\/wp\/v2\/media\/11472"}],"wp:attachment":[{"href":"https:\/\/engitech.az\/en\/wp-json\/wp\/v2\/media?parent=11471"}],"wp:term":[{"taxonomy":"product_brand","embeddable":true,"href":"https:\/\/engitech.az\/en\/wp-json\/wp\/v2\/product_brand?post=11471"},{"taxonomy":"product_cat","embeddable":true,"href":"https:\/\/engitech.az\/en\/wp-json\/wp\/v2\/product_cat?post=11471"},{"taxonomy":"product_tag","embeddable":true,"href":"https:\/\/engitech.az\/en\/wp-json\/wp\/v2\/product_tag?post=11471"}],"curies":[{"name":"wp","href":"https:\/\/api.w.org\/{rel}","templated":true}]}}