{"id":11473,"date":"2026-02-20T10:27:29","date_gmt":"2026-02-20T10:27:29","guid":{"rendered":"https:\/\/engitech.az\/?post_type=product&#038;p=11473"},"modified":"2026-02-20T10:27:30","modified_gmt":"2026-02-20T10:27:30","slug":"epson-epiqvision-ultra-ls650-smart-streaming-laser-projector","status":"publish","type":"product","link":"https:\/\/engitech.az\/en\/product\/epson-epiqvision-ultra-ls650-smart-streaming-laser-projector\/","title":{"rendered":"Epson EpiqVision Ultra LS650 Smart Streaming Laser Projector"},"content":{"rendered":"<ul>\n<li data-start=\"42\" data-end=\"116\"><strong data-start=\"42\" data-end=\"53\">M\u0259hsul:<\/strong> Epson EpiqVision Ultra LS650 Smart Streaming Laser Projector<\/li>\n<li data-start=\"119\" data-end=\"168\"><strong data-start=\"119\" data-end=\"134\">Category:<\/strong> Smart Streaming Laser Projector<\/li>\n<li data-start=\"171\" data-end=\"217\"><strong data-start=\"171\" data-end=\"181\">Marka:<\/strong> Epson (EpiqVision Ultra seriyas\u0131)<\/li>\n<li data-start=\"220\" data-end=\"274\"><strong data-start=\"220\" data-end=\"238\">\u00c7\u0131x\u0131\u015f Q\u0259tnam\u0259:<\/strong> (ad\u0259t\u0259n Full HD \/ 4K Enhancement)<\/li>\n<li data-start=\"277\" data-end=\"308\"><strong data-start=\"277\" data-end=\"293\">Texnologiya:<\/strong> Laser \/ 3LCD<\/li>\n<li data-start=\"311\" data-end=\"372\"><strong data-start=\"311\" data-end=\"331\">Smart Streaming:<\/strong> A\u011f\u0131ll\u0131 ax\u0131n v\u0259 smart platforma d\u0259st\u0259yi<\/li>\n<li data-start=\"375\" data-end=\"418\"><strong data-start=\"375\" data-end=\"385\">Contact:<\/strong> Wi-Fi \/ HDMI \/ USB \/ Bluetooth<\/li>\n<li data-start=\"421\" data-end=\"509\"><strong data-start=\"421\" data-end=\"434\">Usage:<\/strong> Ev kinoteatr\u0131 v\u0259 multimedia streaming \u00fc\u00e7\u00fcn y\u00fcks\u0259k keyfiyy\u0259tli proyeksiya<\/li>\n<\/ul>","protected":false},"excerpt":{"rendered":"<p>M\u0259hsul: Epson EpiqVision Ultra LS650 Smart Streaming Laser Projector Kateqoriya:  [&#8230;]<\/p>","protected":false},"featured_media":11474,"comment_status":"open","ping_status":"closed","template":"","meta":[],"product_brand":[],"product_cat":[239],"product_tag":[],"class_list":{"0":"post-11473","1":"product","2":"type-product","3":"status-publish","4":"has-post-thumbnail","6":"product_cat-epson","7":"pa_mehsul-tipi-projectors","9":"first","10":"instock","11":"sold-individually","12":"shipping-taxable","13":"purchasable","14":"product-type-simple"},"_links":{"self":[{"href":"https:\/\/engitech.az\/en\/wp-json\/wp\/v2\/product\/11473","targetHints":{"allow":["GET"]}}],"collection":[{"href":"https:\/\/engitech.az\/en\/wp-json\/wp\/v2\/product"}],"about":[{"href":"https:\/\/engitech.az\/en\/wp-json\/wp\/v2\/types\/product"}],"replies":[{"embeddable":true,"href":"https:\/\/engitech.az\/en\/wp-json\/wp\/v2\/comments?post=11473"}],"wp:featuredmedia":[{"embeddable":true,"href":"https:\/\/engitech.az\/en\/wp-json\/wp\/v2\/media\/11474"}],"wp:attachment":[{"href":"https:\/\/engitech.az\/en\/wp-json\/wp\/v2\/media?parent=11473"}],"wp:term":[{"taxonomy":"product_brand","embeddable":true,"href":"https:\/\/engitech.az\/en\/wp-json\/wp\/v2\/product_brand?post=11473"},{"taxonomy":"product_cat","embeddable":true,"href":"https:\/\/engitech.az\/en\/wp-json\/wp\/v2\/product_cat?post=11473"},{"taxonomy":"product_tag","embeddable":true,"href":"https:\/\/engitech.az\/en\/wp-json\/wp\/v2\/product_tag?post=11473"}],"curies":[{"name":"wp","href":"https:\/\/api.w.org\/{rel}","templated":true}]}}