{"id":11477,"date":"2026-02-20T10:32:49","date_gmt":"2026-02-20T10:32:49","guid":{"rendered":"https:\/\/engitech.az\/?post_type=product&#038;p=11477"},"modified":"2026-02-20T10:32:49","modified_gmt":"2026-02-20T10:32:49","slug":"powerlite-805f-full-hd-1080p-ultra-short-throw-laser-projector","status":"publish","type":"product","link":"https:\/\/engitech.az\/en\/product\/powerlite-805f-full-hd-1080p-ultra-short-throw-laser-projector\/","title":{"rendered":"PowerLite 805F Full HD 1080p Ultra Short Throw Laser Projector"},"content":{"rendered":"<ul>\n<li data-start=\"42\" data-end=\"118\"><strong data-start=\"42\" data-end=\"53\">M\u0259hsul:<\/strong> PowerLite 805F Full HD 1080p Ultra Short Throw Laser Projector<\/li>\n<li data-start=\"121\" data-end=\"193\"><strong data-start=\"121\" data-end=\"136\">Category:<\/strong> Ultra Short Throw (Q\u0131sa at\u0131\u015f m\u0259saf\u0259li) Laser Proyektor<\/li>\n<li data-start=\"196\" data-end=\"214\"><strong data-start=\"196\" data-end=\"206\">Marka:<\/strong> Epson<\/li>\n<li data-start=\"217\" data-end=\"251\"><strong data-start=\"217\" data-end=\"235\">\u00c7\u0131x\u0131\u015f Q\u0259tnam\u0259:<\/strong> Full HD 1080p<\/li>\n<li data-start=\"254\" data-end=\"285\"><strong data-start=\"254\" data-end=\"270\">Texnologiya:<\/strong> Laser \/ 3LCD<\/li>\n<li data-start=\"288\" data-end=\"333\"><strong data-start=\"288\" data-end=\"298\">Contact:<\/strong> HDMI \/ Wi-Fi \/ USB (model\u0259 g\u00f6r\u0259)<\/li>\n<li data-start=\"336\" data-end=\"422\"><strong data-start=\"336\" data-end=\"349\">Usage:<\/strong> Ev kino v\u0259 ofis\/t\u0259qdimat m\u0259kanlar\u0131nda q\u0131sa m\u0259saf\u0259d\u0259n b\u00f6y\u00fck t\u0259svir \u00fc\u00e7\u00fcn<\/li>\n<\/ul>","protected":false},"excerpt":{"rendered":"<p>M\u0259hsul: PowerLite 805F Full HD 1080p Ultra Short Throw Laser  [&#8230;]<\/p>","protected":false},"featured_media":11478,"comment_status":"open","ping_status":"closed","template":"","meta":[],"product_brand":[],"product_cat":[239],"product_tag":[],"class_list":{"0":"post-11477","1":"product","2":"type-product","3":"status-publish","4":"has-post-thumbnail","6":"product_cat-epson","7":"pa_mehsul-tipi-projectors","9":"first","10":"instock","11":"sold-individually","12":"shipping-taxable","13":"purchasable","14":"product-type-simple"},"_links":{"self":[{"href":"https:\/\/engitech.az\/en\/wp-json\/wp\/v2\/product\/11477","targetHints":{"allow":["GET"]}}],"collection":[{"href":"https:\/\/engitech.az\/en\/wp-json\/wp\/v2\/product"}],"about":[{"href":"https:\/\/engitech.az\/en\/wp-json\/wp\/v2\/types\/product"}],"replies":[{"embeddable":true,"href":"https:\/\/engitech.az\/en\/wp-json\/wp\/v2\/comments?post=11477"}],"wp:featuredmedia":[{"embeddable":true,"href":"https:\/\/engitech.az\/en\/wp-json\/wp\/v2\/media\/11478"}],"wp:attachment":[{"href":"https:\/\/engitech.az\/en\/wp-json\/wp\/v2\/media?parent=11477"}],"wp:term":[{"taxonomy":"product_brand","embeddable":true,"href":"https:\/\/engitech.az\/en\/wp-json\/wp\/v2\/product_brand?post=11477"},{"taxonomy":"product_cat","embeddable":true,"href":"https:\/\/engitech.az\/en\/wp-json\/wp\/v2\/product_cat?post=11477"},{"taxonomy":"product_tag","embeddable":true,"href":"https:\/\/engitech.az\/en\/wp-json\/wp\/v2\/product_tag?post=11477"}],"curies":[{"name":"wp","href":"https:\/\/api.w.org\/{rel}","templated":true}]}}