{"id":11479,"date":"2026-02-20T10:35:59","date_gmt":"2026-02-20T10:35:59","guid":{"rendered":"https:\/\/engitech.az\/?post_type=product&#038;p=11479"},"modified":"2026-02-20T10:35:59","modified_gmt":"2026-02-20T10:35:59","slug":"powerlite-l695se-6000-lumen-short-throw-3lcd-laser-projector","status":"publish","type":"product","link":"https:\/\/engitech.az\/en\/product\/powerlite-l695se-6000-lumen-short-throw-3lcd-laser-projector\/","title":{"rendered":"PowerLite L695SE 6,000-Lumen Short Throw 3LCD Laser Projector"},"content":{"rendered":"<ul>\n<li data-start=\"42\" data-end=\"117\"><strong data-start=\"42\" data-end=\"53\">M\u0259hsul:<\/strong> PowerLite L695SE 6,000-Lumen Short Throw 3LCD Laser Projector<\/li>\n<li data-start=\"120\" data-end=\"186\"><strong data-start=\"120\" data-end=\"135\">Category:<\/strong> Short Throw (Q\u0131sa at\u0131\u015f m\u0259saf\u0259li) Laser Proyektor<\/li>\n<li data-start=\"189\" data-end=\"207\"><strong data-start=\"189\" data-end=\"199\">Marka:<\/strong> Epson<\/li>\n<li data-start=\"210\" data-end=\"244\"><strong data-start=\"210\" data-end=\"230\">\u00c7\u0131x\u0131\u015f Parlaql\u0131q:<\/strong> 6,000 Lumen<\/li>\n<li data-start=\"247\" data-end=\"278\"><strong data-start=\"247\" data-end=\"263\">Texnologiya:<\/strong> Laser \/ 3LCD<\/li>\n<li data-start=\"281\" data-end=\"326\"><strong data-start=\"281\" data-end=\"291\">Contact:<\/strong> HDMI \/ Wi-Fi \/ USB (model\u0259 g\u00f6r\u0259)<\/li>\n<li data-start=\"329\" data-end=\"416\"><strong data-start=\"329\" data-end=\"342\">Usage:<\/strong> T\u0259hsil, ofis v\u0259 t\u0259qdimatlar \u00fc\u00e7\u00fcn q\u0131sa m\u0259saf\u0259d\u0259n ayd\u0131n v\u0259 parlaq g\u00f6r\u00fcnt\u00fc<\/li>\n<\/ul>","protected":false},"excerpt":{"rendered":"<p>M\u0259hsul: PowerLite L695SE 6,000-Lumen Short Throw 3LCD Laser Projector Kateqoriya:  [&#8230;]<\/p>","protected":false},"featured_media":11480,"comment_status":"open","ping_status":"closed","template":"","meta":[],"product_brand":[],"product_cat":[239],"product_tag":[],"class_list":{"0":"post-11479","1":"product","2":"type-product","3":"status-publish","4":"has-post-thumbnail","6":"product_cat-epson","7":"pa_mehsul-tipi-projectors","9":"first","10":"instock","11":"sold-individually","12":"shipping-taxable","13":"purchasable","14":"product-type-simple"},"_links":{"self":[{"href":"https:\/\/engitech.az\/en\/wp-json\/wp\/v2\/product\/11479","targetHints":{"allow":["GET"]}}],"collection":[{"href":"https:\/\/engitech.az\/en\/wp-json\/wp\/v2\/product"}],"about":[{"href":"https:\/\/engitech.az\/en\/wp-json\/wp\/v2\/types\/product"}],"replies":[{"embeddable":true,"href":"https:\/\/engitech.az\/en\/wp-json\/wp\/v2\/comments?post=11479"}],"wp:featuredmedia":[{"embeddable":true,"href":"https:\/\/engitech.az\/en\/wp-json\/wp\/v2\/media\/11480"}],"wp:attachment":[{"href":"https:\/\/engitech.az\/en\/wp-json\/wp\/v2\/media?parent=11479"}],"wp:term":[{"taxonomy":"product_brand","embeddable":true,"href":"https:\/\/engitech.az\/en\/wp-json\/wp\/v2\/product_brand?post=11479"},{"taxonomy":"product_cat","embeddable":true,"href":"https:\/\/engitech.az\/en\/wp-json\/wp\/v2\/product_cat?post=11479"},{"taxonomy":"product_tag","embeddable":true,"href":"https:\/\/engitech.az\/en\/wp-json\/wp\/v2\/product_tag?post=11479"}],"curies":[{"name":"wp","href":"https:\/\/api.w.org\/{rel}","templated":true}]}}