{"id":11481,"date":"2026-02-20T10:42:01","date_gmt":"2026-02-20T10:42:01","guid":{"rendered":"https:\/\/engitech.az\/?post_type=product&#038;p=11481"},"modified":"2026-02-20T10:42:01","modified_gmt":"2026-02-20T10:42:01","slug":"epson-perfection-v19-ii-color-photo-and-document-flatbed-scanner","status":"publish","type":"product","link":"https:\/\/engitech.az\/en\/product\/epson-perfection-v19-ii-color-photo-and-document-flatbed-scanner\/","title":{"rendered":"Epson Perfection V19 II Color Photo and Document Flatbed Scanner"},"content":{"rendered":"<ul>\n<li data-start=\"42\" data-end=\"120\"><strong data-start=\"42\" data-end=\"53\">M\u0259hsul:<\/strong> Epson Perfection V19 II Color Photo and Document Flatbed Scanner<\/li>\n<li data-start=\"123\" data-end=\"180\"><strong data-start=\"123\" data-end=\"138\">Category:<\/strong> Flatbed Scanner (S\u0259n\u0259d v\u0259 Foto Skanner)<\/li>\n<li data-start=\"183\" data-end=\"201\"><strong data-start=\"183\" data-end=\"193\">Marka:<\/strong> Epson<\/li>\n<li data-start=\"204\" data-end=\"228\"><strong data-start=\"204\" data-end=\"214\">Output:<\/strong> R\u0259ngli skan<\/li>\n<li data-start=\"231\" data-end=\"286\"><strong data-start=\"231\" data-end=\"244\">Function:<\/strong> S\u0259n\u0259d, foto v\u0259 r\u0259q\u0259msal arxivl\u0259m\u0259 skan\u0131<\/li>\n<li data-start=\"289\" data-end=\"305\"><strong data-start=\"289\" data-end=\"299\">Contact:<\/strong> USB<\/li>\n<li data-start=\"308\" data-end=\"381\"><strong data-start=\"308\" data-end=\"321\">Usage:<\/strong> Ev v\u0259 ofis \u00fc\u00e7\u00fcn y\u00fcks\u0259k keyfiyy\u0259tli foto v\u0259 s\u0259n\u0259d skanlar\u0131<\/li>\n<\/ul>","protected":false},"excerpt":{"rendered":"<p>M\u0259hsul: Epson Perfection V19 II Color Photo and Document Flatbed  [&#8230;]<\/p>","protected":false},"featured_media":11487,"comment_status":"open","ping_status":"closed","template":"","meta":[],"product_brand":[],"product_cat":[239],"product_tag":[],"class_list":{"0":"post-11481","1":"product","2":"type-product","3":"status-publish","4":"has-post-thumbnail","6":"product_cat-epson","7":"pa_mehsul-tipi-scanners","9":"first","10":"instock","11":"sold-individually","12":"shipping-taxable","13":"purchasable","14":"product-type-simple"},"_links":{"self":[{"href":"https:\/\/engitech.az\/en\/wp-json\/wp\/v2\/product\/11481","targetHints":{"allow":["GET"]}}],"collection":[{"href":"https:\/\/engitech.az\/en\/wp-json\/wp\/v2\/product"}],"about":[{"href":"https:\/\/engitech.az\/en\/wp-json\/wp\/v2\/types\/product"}],"replies":[{"embeddable":true,"href":"https:\/\/engitech.az\/en\/wp-json\/wp\/v2\/comments?post=11481"}],"wp:featuredmedia":[{"embeddable":true,"href":"https:\/\/engitech.az\/en\/wp-json\/wp\/v2\/media\/11487"}],"wp:attachment":[{"href":"https:\/\/engitech.az\/en\/wp-json\/wp\/v2\/media?parent=11481"}],"wp:term":[{"taxonomy":"product_brand","embeddable":true,"href":"https:\/\/engitech.az\/en\/wp-json\/wp\/v2\/product_brand?post=11481"},{"taxonomy":"product_cat","embeddable":true,"href":"https:\/\/engitech.az\/en\/wp-json\/wp\/v2\/product_cat?post=11481"},{"taxonomy":"product_tag","embeddable":true,"href":"https:\/\/engitech.az\/en\/wp-json\/wp\/v2\/product_tag?post=11481"}],"curies":[{"name":"wp","href":"https:\/\/api.w.org\/{rel}","templated":true}]}}