{"id":11488,"date":"2026-02-20T10:44:07","date_gmt":"2026-02-20T10:44:07","guid":{"rendered":"https:\/\/engitech.az\/?post_type=product&#038;p=11488"},"modified":"2026-02-20T10:44:08","modified_gmt":"2026-02-20T10:44:08","slug":"workforce-es-50-portable-document-scanner","status":"publish","type":"product","link":"https:\/\/engitech.az\/en\/product\/workforce-es-50-portable-document-scanner\/","title":{"rendered":"WorkForce ES-50 Portable Document Scanner"},"content":{"rendered":"<ul>\n<li data-start=\"42\" data-end=\"97\"><strong data-start=\"42\" data-end=\"53\">M\u0259hsul:<\/strong> WorkForce ES-50 Portable Document Scanner<\/li>\n<li data-start=\"100\" data-end=\"141\"><strong data-start=\"100\" data-end=\"115\">Category:<\/strong> Portativ S\u0259n\u0259d Skanneri<\/li>\n<li data-start=\"144\" data-end=\"183\"><strong data-start=\"144\" data-end=\"154\">Marka:<\/strong> Epson (WorkForce seriyas\u0131)<\/li>\n<li data-start=\"186\" data-end=\"219\"><strong data-start=\"186\" data-end=\"196\">Output:<\/strong> R\u0259ngli\/Monoxrom skan<\/li>\n<li data-start=\"222\" data-end=\"238\"><strong data-start=\"222\" data-end=\"232\">Contact:<\/strong> USB<\/li>\n<li data-start=\"241\" data-end=\"299\"><strong data-start=\"241\" data-end=\"254\">Function:<\/strong> Portativ skan \u2014 s\u0259n\u0259d, q\u0259bz, vizitka v\u0259 s.<\/li>\n<li data-start=\"302\" data-end=\"357\"><strong data-start=\"302\" data-end=\"315\">Usage:<\/strong> S\u0259yah\u0259t, ofis v\u0259 mobil skan i\u015fl\u0259ri \u00fc\u00e7\u00fcn<\/li>\n<\/ul>","protected":false},"excerpt":{"rendered":"<p>M\u0259hsul: WorkForce ES-50 Portable Document Scanner Kateqoriya: Portativ S\u0259n\u0259d Skanneri  [&#8230;]<\/p>","protected":false},"featured_media":11489,"comment_status":"open","ping_status":"closed","template":"","meta":[],"product_brand":[],"product_cat":[239],"product_tag":[],"class_list":{"0":"post-11488","1":"product","2":"type-product","3":"status-publish","4":"has-post-thumbnail","6":"product_cat-epson","7":"pa_mehsul-tipi-scanners","9":"first","10":"instock","11":"sold-individually","12":"shipping-taxable","13":"purchasable","14":"product-type-simple"},"_links":{"self":[{"href":"https:\/\/engitech.az\/en\/wp-json\/wp\/v2\/product\/11488","targetHints":{"allow":["GET"]}}],"collection":[{"href":"https:\/\/engitech.az\/en\/wp-json\/wp\/v2\/product"}],"about":[{"href":"https:\/\/engitech.az\/en\/wp-json\/wp\/v2\/types\/product"}],"replies":[{"embeddable":true,"href":"https:\/\/engitech.az\/en\/wp-json\/wp\/v2\/comments?post=11488"}],"wp:featuredmedia":[{"embeddable":true,"href":"https:\/\/engitech.az\/en\/wp-json\/wp\/v2\/media\/11489"}],"wp:attachment":[{"href":"https:\/\/engitech.az\/en\/wp-json\/wp\/v2\/media?parent=11488"}],"wp:term":[{"taxonomy":"product_brand","embeddable":true,"href":"https:\/\/engitech.az\/en\/wp-json\/wp\/v2\/product_brand?post=11488"},{"taxonomy":"product_cat","embeddable":true,"href":"https:\/\/engitech.az\/en\/wp-json\/wp\/v2\/product_cat?post=11488"},{"taxonomy":"product_tag","embeddable":true,"href":"https:\/\/engitech.az\/en\/wp-json\/wp\/v2\/product_tag?post=11488"}],"curies":[{"name":"wp","href":"https:\/\/api.w.org\/{rel}","templated":true}]}}