{"id":11492,"date":"2026-02-20T10:53:17","date_gmt":"2026-02-20T10:53:17","guid":{"rendered":"https:\/\/engitech.az\/?post_type=product&#038;p=11492"},"modified":"2026-02-20T10:53:18","modified_gmt":"2026-02-20T10:53:18","slug":"workforce-es-580w-wireless-duplex-touchscreen-desktop-document-scanner","status":"publish","type":"product","link":"https:\/\/engitech.az\/en\/product\/workforce-es-580w-wireless-duplex-touchscreen-desktop-document-scanner\/","title":{"rendered":"WorkForce ES-580W Wireless Duplex Touchscreen Desktop Document Scanner"},"content":{"rendered":"<ul>\n<li data-start=\"42\" data-end=\"106\"><strong data-start=\"42\" data-end=\"53\">M\u0259hsul:<\/strong> WorkForce ES-C220 Compact Desktop Document Scanner<\/li>\n<li data-start=\"109\" data-end=\"150\"><strong data-start=\"109\" data-end=\"124\">Category:<\/strong> Masa\u00fcst\u00fc S\u0259n\u0259d Skanneri<\/li>\n<li data-start=\"153\" data-end=\"192\"><strong data-start=\"153\" data-end=\"163\">Marka:<\/strong> Epson (WorkForce seriyas\u0131)<\/li>\n<li data-start=\"195\" data-end=\"228\"><strong data-start=\"195\" data-end=\"205\">Output:<\/strong> R\u0259ngli\/Monoxrom skan<\/li>\n<li data-start=\"231\" data-end=\"247\"><strong data-start=\"231\" data-end=\"241\">Contact:<\/strong> USB<\/li>\n<li data-start=\"250\" data-end=\"298\"><strong data-start=\"250\" data-end=\"263\">Function:<\/strong> S\u0259n\u0259d skan (q\u0259bz, vizitka v\u0259 s.)<\/li>\n<li data-start=\"301\" data-end=\"356\"><strong data-start=\"301\" data-end=\"314\">Usage:<\/strong> Ofis v\u0259 g\u00fcnd\u0259lik s\u0259n\u0259d skan i\u015fl\u0259ri \u00fc\u00e7\u00fcn<\/li>\n<\/ul>","protected":false},"excerpt":{"rendered":"<p>M\u0259hsul: WorkForce ES-C220 Compact Desktop Document Scanner Kateqoriya: Masa\u00fcst\u00fc S\u0259n\u0259d  [&#8230;]<\/p>","protected":false},"featured_media":11494,"comment_status":"open","ping_status":"closed","template":"","meta":[],"product_brand":[],"product_cat":[239],"product_tag":[],"class_list":{"0":"post-11492","1":"product","2":"type-product","3":"status-publish","4":"has-post-thumbnail","6":"product_cat-epson","7":"pa_mehsul-tipi-scanners","9":"first","10":"instock","11":"sold-individually","12":"shipping-taxable","13":"purchasable","14":"product-type-simple"},"_links":{"self":[{"href":"https:\/\/engitech.az\/en\/wp-json\/wp\/v2\/product\/11492","targetHints":{"allow":["GET"]}}],"collection":[{"href":"https:\/\/engitech.az\/en\/wp-json\/wp\/v2\/product"}],"about":[{"href":"https:\/\/engitech.az\/en\/wp-json\/wp\/v2\/types\/product"}],"replies":[{"embeddable":true,"href":"https:\/\/engitech.az\/en\/wp-json\/wp\/v2\/comments?post=11492"}],"wp:featuredmedia":[{"embeddable":true,"href":"https:\/\/engitech.az\/en\/wp-json\/wp\/v2\/media\/11494"}],"wp:attachment":[{"href":"https:\/\/engitech.az\/en\/wp-json\/wp\/v2\/media?parent=11492"}],"wp:term":[{"taxonomy":"product_brand","embeddable":true,"href":"https:\/\/engitech.az\/en\/wp-json\/wp\/v2\/product_brand?post=11492"},{"taxonomy":"product_cat","embeddable":true,"href":"https:\/\/engitech.az\/en\/wp-json\/wp\/v2\/product_cat?post=11492"},{"taxonomy":"product_tag","embeddable":true,"href":"https:\/\/engitech.az\/en\/wp-json\/wp\/v2\/product_tag?post=11492"}],"curies":[{"name":"wp","href":"https:\/\/api.w.org\/{rel}","templated":true}]}}