{"id":11495,"date":"2026-02-20T10:56:52","date_gmt":"2026-02-20T10:56:52","guid":{"rendered":"https:\/\/engitech.az\/?post_type=product&#038;p=11495"},"modified":"2026-02-20T10:56:53","modified_gmt":"2026-02-20T10:56:53","slug":"epson-ds-410-document-scanner","status":"publish","type":"product","link":"https:\/\/engitech.az\/en\/product\/epson-ds-410-document-scanner\/","title":{"rendered":"Epson DS-410 Document Scanner"},"content":{"rendered":"<ul>\n<li data-start=\"42\" data-end=\"85\"><strong data-start=\"42\" data-end=\"53\">M\u0259hsul:<\/strong> Epson DS-410 Document Scanner<\/li>\n<li data-start=\"88\" data-end=\"120\"><strong data-start=\"88\" data-end=\"103\">Category:<\/strong> S\u0259n\u0259d Skanneri<\/li>\n<li data-start=\"123\" data-end=\"141\"><strong data-start=\"123\" data-end=\"133\">Marka:<\/strong> Epson<\/li>\n<li data-start=\"144\" data-end=\"177\"><strong data-start=\"144\" data-end=\"154\">Output:<\/strong> R\u0259ngli\/Monoxrom skan<\/li>\n<li data-start=\"180\" data-end=\"196\"><strong data-start=\"180\" data-end=\"190\">Contact:<\/strong> USB<\/li>\n<li data-start=\"199\" data-end=\"245\"><strong data-start=\"199\" data-end=\"212\">Function:<\/strong> S\u0259n\u0259d, form v\u0259 qeydl\u0259rin skan\u0131<\/li>\n<li data-start=\"248\" data-end=\"303\"><strong data-start=\"248\" data-end=\"261\">Usage:<\/strong> Ofis v\u0259 g\u00fcnd\u0259lik s\u0259n\u0259d skan i\u015fl\u0259ri \u00fc\u00e7\u00fcn<\/li>\n<\/ul>","protected":false},"excerpt":{"rendered":"<p>M\u0259hsul: Epson DS-410 Document Scanner Kateqoriya: S\u0259n\u0259d Skanneri Marka: Epson  [&#8230;]<\/p>","protected":false},"featured_media":11496,"comment_status":"open","ping_status":"closed","template":"","meta":[],"product_brand":[],"product_cat":[239],"product_tag":[],"class_list":{"0":"post-11495","1":"product","2":"type-product","3":"status-publish","4":"has-post-thumbnail","6":"product_cat-epson","7":"pa_mehsul-tipi-scanners","9":"first","10":"instock","11":"sold-individually","12":"shipping-taxable","13":"purchasable","14":"product-type-simple"},"_links":{"self":[{"href":"https:\/\/engitech.az\/en\/wp-json\/wp\/v2\/product\/11495","targetHints":{"allow":["GET"]}}],"collection":[{"href":"https:\/\/engitech.az\/en\/wp-json\/wp\/v2\/product"}],"about":[{"href":"https:\/\/engitech.az\/en\/wp-json\/wp\/v2\/types\/product"}],"replies":[{"embeddable":true,"href":"https:\/\/engitech.az\/en\/wp-json\/wp\/v2\/comments?post=11495"}],"wp:featuredmedia":[{"embeddable":true,"href":"https:\/\/engitech.az\/en\/wp-json\/wp\/v2\/media\/11496"}],"wp:attachment":[{"href":"https:\/\/engitech.az\/en\/wp-json\/wp\/v2\/media?parent=11495"}],"wp:term":[{"taxonomy":"product_brand","embeddable":true,"href":"https:\/\/engitech.az\/en\/wp-json\/wp\/v2\/product_brand?post=11495"},{"taxonomy":"product_cat","embeddable":true,"href":"https:\/\/engitech.az\/en\/wp-json\/wp\/v2\/product_cat?post=11495"},{"taxonomy":"product_tag","embeddable":true,"href":"https:\/\/engitech.az\/en\/wp-json\/wp\/v2\/product_tag?post=11495"}],"curies":[{"name":"wp","href":"https:\/\/api.w.org\/{rel}","templated":true}]}}