{"id":11497,"date":"2026-02-20T12:21:20","date_gmt":"2026-02-20T12:21:20","guid":{"rendered":"https:\/\/engitech.az\/?post_type=product&#038;p=11497"},"modified":"2026-02-20T12:21:20","modified_gmt":"2026-02-20T12:21:20","slug":"epson-ds-1730-flatbed-color-duplex-document-scanner","status":"publish","type":"product","link":"https:\/\/engitech.az\/en\/product\/epson-ds-1730-flatbed-color-duplex-document-scanner\/","title":{"rendered":"Epson DS-1730 Flatbed Color Duplex Document Scanner"},"content":{"rendered":"<ul>\n<li data-start=\"42\" data-end=\"107\"><strong data-start=\"42\" data-end=\"53\">M\u0259hsul:<\/strong> Epson DS-1730 Flatbed Color Duplex Document Scanner<\/li>\n<li data-start=\"110\" data-end=\"150\"><strong data-start=\"110\" data-end=\"125\">Category:<\/strong> Flatbed Duplex Skanner<\/li>\n<li data-start=\"153\" data-end=\"171\"><strong data-start=\"153\" data-end=\"163\">Marka:<\/strong> Epson<\/li>\n<li data-start=\"174\" data-end=\"207\"><strong data-start=\"174\" data-end=\"184\">Output:<\/strong> R\u0259ngli\/Monoxrom skan<\/li>\n<li data-start=\"210\" data-end=\"253\"><strong data-start=\"210\" data-end=\"221\">Duplex:<\/strong> \u0130ki t\u0259r\u0259fli eyni zamanda skan<\/li>\n<li data-start=\"256\" data-end=\"272\"><strong data-start=\"256\" data-end=\"266\">Contact:<\/strong> USB<\/li>\n<li data-start=\"275\" data-end=\"350\"><strong data-start=\"275\" data-end=\"288\">Function:<\/strong> S\u0259n\u0259d, foto v\u0259 dig\u0259r materiallar\u0131n y\u00fcks\u0259k keyfiyy\u0259tli skan\u0131<\/li>\n<li data-start=\"353\" data-end=\"414\"><strong data-start=\"353\" data-end=\"366\">Usage:<\/strong> Ofis v\u0259 professional s\u0259n\u0259d arxivl\u0259\u015fdirm\u0259 \u00fc\u00e7\u00fcn<\/li>\n<\/ul>","protected":false},"excerpt":{"rendered":"<p>M\u0259hsul: Epson DS-1730 Flatbed Color Duplex Document Scanner Kateqoriya: Flatbed  [&#8230;]<\/p>","protected":false},"featured_media":11498,"comment_status":"open","ping_status":"closed","template":"","meta":[],"product_brand":[],"product_cat":[239],"product_tag":[],"class_list":{"0":"post-11497","1":"product","2":"type-product","3":"status-publish","4":"has-post-thumbnail","6":"product_cat-epson","7":"pa_mehsul-tipi-scanners","9":"first","10":"instock","11":"sold-individually","12":"shipping-taxable","13":"purchasable","14":"product-type-simple"},"_links":{"self":[{"href":"https:\/\/engitech.az\/en\/wp-json\/wp\/v2\/product\/11497","targetHints":{"allow":["GET"]}}],"collection":[{"href":"https:\/\/engitech.az\/en\/wp-json\/wp\/v2\/product"}],"about":[{"href":"https:\/\/engitech.az\/en\/wp-json\/wp\/v2\/types\/product"}],"replies":[{"embeddable":true,"href":"https:\/\/engitech.az\/en\/wp-json\/wp\/v2\/comments?post=11497"}],"wp:featuredmedia":[{"embeddable":true,"href":"https:\/\/engitech.az\/en\/wp-json\/wp\/v2\/media\/11498"}],"wp:attachment":[{"href":"https:\/\/engitech.az\/en\/wp-json\/wp\/v2\/media?parent=11497"}],"wp:term":[{"taxonomy":"product_brand","embeddable":true,"href":"https:\/\/engitech.az\/en\/wp-json\/wp\/v2\/product_brand?post=11497"},{"taxonomy":"product_cat","embeddable":true,"href":"https:\/\/engitech.az\/en\/wp-json\/wp\/v2\/product_cat?post=11497"},{"taxonomy":"product_tag","embeddable":true,"href":"https:\/\/engitech.az\/en\/wp-json\/wp\/v2\/product_tag?post=11497"}],"curies":[{"name":"wp","href":"https:\/\/api.w.org\/{rel}","templated":true}]}}