{"id":11499,"date":"2026-02-20T12:23:55","date_gmt":"2026-02-20T12:23:55","guid":{"rendered":"https:\/\/engitech.az\/?post_type=product&#038;p=11499"},"modified":"2026-02-20T12:23:55","modified_gmt":"2026-02-20T12:23:55","slug":"fastfoto-ff-680w-wireless-high-speed-photo-scanning-system","status":"publish","type":"product","link":"https:\/\/engitech.az\/en\/product\/fastfoto-ff-680w-wireless-high-speed-photo-scanning-system\/","title":{"rendered":"FastFoto FF-680W Wireless High-speed Photo Scanning System"},"content":{"rendered":"<ul>\n<li data-start=\"42\" data-end=\"114\"><strong data-start=\"42\" data-end=\"53\">M\u0259hsul:<\/strong> FastFoto FF-680W Wireless High-speed Photo Scanning System<\/li>\n<li data-start=\"117\" data-end=\"157\"><strong data-start=\"117\" data-end=\"132\">Category:<\/strong> Foto v\u0259 S\u0259n\u0259d Skanneri<\/li>\n<li data-start=\"160\" data-end=\"198\"><strong data-start=\"160\" data-end=\"170\">Marka:<\/strong> Epson (FastFoto seriyas\u0131)<\/li>\n<li data-start=\"201\" data-end=\"225\"><strong data-start=\"201\" data-end=\"211\">Output:<\/strong> R\u0259ngli skan<\/li>\n<li data-start=\"228\" data-end=\"252\"><strong data-start=\"228\" data-end=\"238\">Contact:<\/strong> Wi-Fi \/ USB<\/li>\n<li data-start=\"255\" data-end=\"312\"><strong data-start=\"255\" data-end=\"268\">Function:<\/strong> Y\u00fcks\u0259k s\u00fcr\u0259tli foto v\u0259 s\u0259n\u0259d skan sistemi<\/li>\n<li data-start=\"315\" data-end=\"414\"><strong data-start=\"315\" data-end=\"328\">Usage:<\/strong> Foto albomlar, s\u0259n\u0259dl\u0259r v\u0259 yadda\u015f materiallar\u0131n\u0131n s\u00fcr\u0259tli r\u0259q\u0259msalla\u015fd\u0131r\u0131lmas\u0131 \u00fc\u00e7\u00fcn<\/li>\n<\/ul>","protected":false},"excerpt":{"rendered":"<p>M\u0259hsul: FastFoto FF-680W Wireless High-speed Photo Scanning System Kateqoriya: Foto  [&#8230;]<\/p>","protected":false},"featured_media":11500,"comment_status":"open","ping_status":"closed","template":"","meta":[],"product_brand":[],"product_cat":[239],"product_tag":[],"class_list":{"0":"post-11499","1":"product","2":"type-product","3":"status-publish","4":"has-post-thumbnail","6":"product_cat-epson","7":"pa_mehsul-tipi-scanners","9":"first","10":"instock","11":"sold-individually","12":"shipping-taxable","13":"purchasable","14":"product-type-simple"},"_links":{"self":[{"href":"https:\/\/engitech.az\/en\/wp-json\/wp\/v2\/product\/11499","targetHints":{"allow":["GET"]}}],"collection":[{"href":"https:\/\/engitech.az\/en\/wp-json\/wp\/v2\/product"}],"about":[{"href":"https:\/\/engitech.az\/en\/wp-json\/wp\/v2\/types\/product"}],"replies":[{"embeddable":true,"href":"https:\/\/engitech.az\/en\/wp-json\/wp\/v2\/comments?post=11499"}],"wp:featuredmedia":[{"embeddable":true,"href":"https:\/\/engitech.az\/en\/wp-json\/wp\/v2\/media\/11500"}],"wp:attachment":[{"href":"https:\/\/engitech.az\/en\/wp-json\/wp\/v2\/media?parent=11499"}],"wp:term":[{"taxonomy":"product_brand","embeddable":true,"href":"https:\/\/engitech.az\/en\/wp-json\/wp\/v2\/product_brand?post=11499"},{"taxonomy":"product_cat","embeddable":true,"href":"https:\/\/engitech.az\/en\/wp-json\/wp\/v2\/product_cat?post=11499"},{"taxonomy":"product_tag","embeddable":true,"href":"https:\/\/engitech.az\/en\/wp-json\/wp\/v2\/product_tag?post=11499"}],"curies":[{"name":"wp","href":"https:\/\/api.w.org\/{rel}","templated":true}]}}