{"id":11503,"date":"2026-02-20T12:52:28","date_gmt":"2026-02-20T12:52:28","guid":{"rendered":"https:\/\/engitech.az\/?post_type=product&#038;p=11503"},"modified":"2026-02-20T12:52:28","modified_gmt":"2026-02-20T12:52:28","slug":"epson-workforce-ds-50000-color-document-scanner","status":"publish","type":"product","link":"https:\/\/engitech.az\/en\/product\/epson-workforce-ds-50000-color-document-scanner\/","title":{"rendered":"Epson WorkForce DS-50000 Color Document Scanner"},"content":{"rendered":"<ul>\n<li data-start=\"42\" data-end=\"103\"><strong data-start=\"42\" data-end=\"53\">M\u0259hsul:<\/strong> Epson WorkForce DS-50000 Color Document Scanner<\/li>\n<li data-start=\"106\" data-end=\"138\"><strong data-start=\"106\" data-end=\"121\">Category:<\/strong> S\u0259n\u0259d Skanneri<\/li>\n<li data-start=\"141\" data-end=\"180\"><strong data-start=\"141\" data-end=\"151\">Marka:<\/strong> Epson (WorkForce seriyas\u0131)<\/li>\n<li data-start=\"183\" data-end=\"216\"><strong data-start=\"183\" data-end=\"193\">Output:<\/strong> R\u0259ngli\/Monoxrom skan<\/li>\n<li data-start=\"219\" data-end=\"260\"><strong data-start=\"219\" data-end=\"229\">Contact:<\/strong> USB \/ Ethernet (model\u0259 g\u00f6r\u0259)<\/li>\n<li data-start=\"263\" data-end=\"323\"><strong data-start=\"263\" data-end=\"276\">Function:<\/strong> Y\u00fcks\u0259k tutumlu s\u0259n\u0259d v\u0259 r\u0259q\u0259msal arxiv skan\u0131<\/li>\n<li data-start=\"326\" data-end=\"389\"><strong data-start=\"326\" data-end=\"339\">Usage:<\/strong> Ofis v\u0259 pe\u015f\u0259kar s\u0259n\u0259d idar\u0259etm\u0259 t\u0259tbiql\u0259ri \u00fc\u00e7\u00fcn<\/li>\n<\/ul>","protected":false},"excerpt":{"rendered":"<p>M\u0259hsul: Epson WorkForce DS-50000 Color Document Scanner Kateqoriya: S\u0259n\u0259d Skanneri  [&#8230;]<\/p>","protected":false},"featured_media":11504,"comment_status":"open","ping_status":"closed","template":"","meta":[],"product_brand":[],"product_cat":[239],"product_tag":[],"class_list":{"0":"post-11503","1":"product","2":"type-product","3":"status-publish","4":"has-post-thumbnail","6":"product_cat-epson","7":"pa_mehsul-tipi-scanners","9":"first","10":"instock","11":"sold-individually","12":"shipping-taxable","13":"purchasable","14":"product-type-simple"},"_links":{"self":[{"href":"https:\/\/engitech.az\/en\/wp-json\/wp\/v2\/product\/11503","targetHints":{"allow":["GET"]}}],"collection":[{"href":"https:\/\/engitech.az\/en\/wp-json\/wp\/v2\/product"}],"about":[{"href":"https:\/\/engitech.az\/en\/wp-json\/wp\/v2\/types\/product"}],"replies":[{"embeddable":true,"href":"https:\/\/engitech.az\/en\/wp-json\/wp\/v2\/comments?post=11503"}],"wp:featuredmedia":[{"embeddable":true,"href":"https:\/\/engitech.az\/en\/wp-json\/wp\/v2\/media\/11504"}],"wp:attachment":[{"href":"https:\/\/engitech.az\/en\/wp-json\/wp\/v2\/media?parent=11503"}],"wp:term":[{"taxonomy":"product_brand","embeddable":true,"href":"https:\/\/engitech.az\/en\/wp-json\/wp\/v2\/product_brand?post=11503"},{"taxonomy":"product_cat","embeddable":true,"href":"https:\/\/engitech.az\/en\/wp-json\/wp\/v2\/product_cat?post=11503"},{"taxonomy":"product_tag","embeddable":true,"href":"https:\/\/engitech.az\/en\/wp-json\/wp\/v2\/product_tag?post=11503"}],"curies":[{"name":"wp","href":"https:\/\/api.w.org\/{rel}","templated":true}]}}