{"id":11519,"date":"2026-02-24T08:50:26","date_gmt":"2026-02-24T08:50:26","guid":{"rendered":"https:\/\/engitech.az\/?post_type=product&#038;p=11519"},"modified":"2026-02-24T08:50:27","modified_gmt":"2026-02-24T08:50:27","slug":"mx-master-4","status":"publish","type":"product","link":"https:\/\/engitech.az\/en\/product\/mx-master-4\/","title":{"rendered":"MX Master 4"},"content":{"rendered":"<p>\u2022 <strong data-start=\"27\" data-end=\"38\">M\u0259hsul:<\/strong> Logitech MX Master 4<br data-start=\"59\" data-end=\"62\" \/>\u2022 <strong data-start=\"64\" data-end=\"79\">Category:<\/strong> Simsiz Komp\u00fcter Si\u00e7an\u0131 (Wireless Mouse)<br data-start=\"119\" data-end=\"122\" \/>\u2022 <strong data-start=\"124\" data-end=\"134\">Marka:<\/strong> Logitech (MX seriyas\u0131)<br data-start=\"157\" data-end=\"160\" \/>\u2022 <strong data-start=\"162\" data-end=\"172\">Contact:<\/strong> Bluetooth \/ USB receiver<br data-start=\"197\" data-end=\"200\" \/>\u2022 <strong data-start=\"202\" data-end=\"218\">Functions:<\/strong> Y\u00fcks\u0259k d\u0259qiqlikli sensor, proqramla\u015fd\u0131r\u0131la bil\u0259n d\u00fcym\u0259l\u0259r, \u00e7oxlu cihaz d\u0259st\u0259yi<br data-start=\"297\" data-end=\"300\" \/>\u2022 <strong data-start=\"302\" data-end=\"315\">Usage:<\/strong> Pe\u015f\u0259kar v\u0259 g\u00fcnd\u0259lik istifad\u0259 \u00fc\u00e7\u00fcn ergonomik v\u0259 y\u00fcks\u0259k performansl\u0131 si\u00e7an<\/p>","protected":false},"excerpt":{"rendered":"<p>\u2022 M\u0259hsul: Logitech MX Master 4\u2022 Kateqoriya: Simsiz Komp\u00fcter Si\u00e7an\u0131  [&#8230;]<\/p>","protected":false},"featured_media":11525,"comment_status":"open","ping_status":"closed","template":"","meta":[],"product_brand":[],"product_cat":[66],"product_tag":[],"class_list":{"0":"post-11519","1":"product","2":"type-product","3":"status-publish","4":"has-post-thumbnail","6":"product_cat-logitech","7":"pa_mehsul-tipi-mice","9":"first","10":"instock","11":"sold-individually","12":"shipping-taxable","13":"purchasable","14":"product-type-simple"},"_links":{"self":[{"href":"https:\/\/engitech.az\/en\/wp-json\/wp\/v2\/product\/11519","targetHints":{"allow":["GET"]}}],"collection":[{"href":"https:\/\/engitech.az\/en\/wp-json\/wp\/v2\/product"}],"about":[{"href":"https:\/\/engitech.az\/en\/wp-json\/wp\/v2\/types\/product"}],"replies":[{"embeddable":true,"href":"https:\/\/engitech.az\/en\/wp-json\/wp\/v2\/comments?post=11519"}],"wp:featuredmedia":[{"embeddable":true,"href":"https:\/\/engitech.az\/en\/wp-json\/wp\/v2\/media\/11525"}],"wp:attachment":[{"href":"https:\/\/engitech.az\/en\/wp-json\/wp\/v2\/media?parent=11519"}],"wp:term":[{"taxonomy":"product_brand","embeddable":true,"href":"https:\/\/engitech.az\/en\/wp-json\/wp\/v2\/product_brand?post=11519"},{"taxonomy":"product_cat","embeddable":true,"href":"https:\/\/engitech.az\/en\/wp-json\/wp\/v2\/product_cat?post=11519"},{"taxonomy":"product_tag","embeddable":true,"href":"https:\/\/engitech.az\/en\/wp-json\/wp\/v2\/product_tag?post=11519"}],"curies":[{"name":"wp","href":"https:\/\/api.w.org\/{rel}","templated":true}]}}