{"id":11527,"date":"2026-02-24T08:54:15","date_gmt":"2026-02-24T08:54:15","guid":{"rendered":"https:\/\/engitech.az\/?post_type=product&#038;p=11527"},"modified":"2026-02-24T08:54:15","modified_gmt":"2026-02-24T08:54:15","slug":"ergo-lift","status":"publish","type":"product","link":"https:\/\/engitech.az\/en\/product\/ergo-lift\/","title":{"rendered":"Ergo LIFT"},"content":{"rendered":"<p>\u2022 <strong data-start=\"44\" data-end=\"55\">M\u0259hsul:<\/strong> Logitech Ergo LIFT<br data-start=\"74\" data-end=\"77\" \/>\u2022 <strong data-start=\"79\" data-end=\"94\">Category:<\/strong> Ergonomik Simsiz Komp\u00fcter Si\u00e7an\u0131 (Wireless Mouse)<br data-start=\"144\" data-end=\"147\" \/>\u2022 <strong data-start=\"149\" data-end=\"159\">Marka:<\/strong> Logitech (Ergo seriyas\u0131)<br data-start=\"184\" data-end=\"187\" \/>\u2022 <strong data-start=\"189\" data-end=\"199\">Contact:<\/strong> Bluetooth \/ USB receiver<br data-start=\"224\" data-end=\"227\" \/>\u2022 <strong data-start=\"229\" data-end=\"245\">Functions:<\/strong> \u015eaquli ergonomik dizayn, d\u0259qiq optik sensor, s\u0259ssiz d\u00fcym\u0259l\u0259r<br data-start=\"306\" data-end=\"309\" \/>\u2022 <strong data-start=\"311\" data-end=\"324\">Usage:<\/strong> Uzunm\u00fcdd\u0259tli i\u015f \u00fc\u00e7\u00fcn rahatl\u0131q t\u0259min ed\u0259n ergonomik si\u00e7an<\/p>","protected":false},"excerpt":{"rendered":"<p>\u2022 M\u0259hsul: Logitech Ergo LIFT\u2022 Kateqoriya: Ergonomik Simsiz Komp\u00fcter Si\u00e7an\u0131  [&#8230;]<\/p>","protected":false},"featured_media":11528,"comment_status":"open","ping_status":"closed","template":"","meta":[],"product_brand":[],"product_cat":[66],"product_tag":[],"class_list":{"0":"post-11527","1":"product","2":"type-product","3":"status-publish","4":"has-post-thumbnail","6":"product_cat-logitech","7":"pa_mehsul-tipi-mice","9":"first","10":"instock","11":"sold-individually","12":"shipping-taxable","13":"purchasable","14":"product-type-simple"},"_links":{"self":[{"href":"https:\/\/engitech.az\/en\/wp-json\/wp\/v2\/product\/11527","targetHints":{"allow":["GET"]}}],"collection":[{"href":"https:\/\/engitech.az\/en\/wp-json\/wp\/v2\/product"}],"about":[{"href":"https:\/\/engitech.az\/en\/wp-json\/wp\/v2\/types\/product"}],"replies":[{"embeddable":true,"href":"https:\/\/engitech.az\/en\/wp-json\/wp\/v2\/comments?post=11527"}],"wp:featuredmedia":[{"embeddable":true,"href":"https:\/\/engitech.az\/en\/wp-json\/wp\/v2\/media\/11528"}],"wp:attachment":[{"href":"https:\/\/engitech.az\/en\/wp-json\/wp\/v2\/media?parent=11527"}],"wp:term":[{"taxonomy":"product_brand","embeddable":true,"href":"https:\/\/engitech.az\/en\/wp-json\/wp\/v2\/product_brand?post=11527"},{"taxonomy":"product_cat","embeddable":true,"href":"https:\/\/engitech.az\/en\/wp-json\/wp\/v2\/product_cat?post=11527"},{"taxonomy":"product_tag","embeddable":true,"href":"https:\/\/engitech.az\/en\/wp-json\/wp\/v2\/product_tag?post=11527"}],"curies":[{"name":"wp","href":"https:\/\/api.w.org\/{rel}","templated":true}]}}