{"id":11530,"date":"2026-02-24T08:56:26","date_gmt":"2026-02-24T08:56:26","guid":{"rendered":"https:\/\/engitech.az\/?post_type=product&#038;p=11530"},"modified":"2026-02-24T08:56:27","modified_gmt":"2026-02-24T08:56:27","slug":"mx-anywhere-3s","status":"publish","type":"product","link":"https:\/\/engitech.az\/en\/product\/mx-anywhere-3s\/","title":{"rendered":"MX Anywhere 3S"},"content":{"rendered":"<p>\u2022 <strong data-start=\"45\" data-end=\"56\">M\u0259hsul:<\/strong> Logitech MX Anywhere 3S<br data-start=\"80\" data-end=\"83\" \/>\u2022 <strong data-start=\"85\" data-end=\"100\" data-is-only-node=\"\">Category:<\/strong> Simsiz Komp\u00fcter Si\u00e7an\u0131 (Wireless Mouse)<br data-start=\"140\" data-end=\"143\" \/>\u2022 <strong data-start=\"145\" data-end=\"155\">Marka:<\/strong> Logitech (MX seriyas\u0131)<br data-start=\"178\" data-end=\"181\" \/>\u2022 <strong data-start=\"183\" data-end=\"193\">Contact:<\/strong> Bluetooth \/ USB receiver<br data-start=\"218\" data-end=\"221\" \/>\u2022 <strong data-start=\"223\" data-end=\"239\">Functions:<\/strong> Y\u00fcks\u0259k d\u0259qiqlikli sensor, kompakt dizayn, s\u0259ssiz klikl\u0259r<br data-start=\"296\" data-end=\"299\" \/>\u2022 <strong data-start=\"301\" data-end=\"314\">Usage:<\/strong> Mobil v\u0259 masa\u00fcst\u00fc istifad\u0259 \u00fc\u00e7\u00fcn \u00e7evik v\u0259 \u00e7oxfunksiyal\u0131 si\u00e7an<\/p>","protected":false},"excerpt":{"rendered":"<p>\u2022 M\u0259hsul: Logitech MX Anywhere 3S\u2022 Kateqoriya: Simsiz Komp\u00fcter Si\u00e7an\u0131  [&#8230;]<\/p>","protected":false},"featured_media":11531,"comment_status":"open","ping_status":"closed","template":"","meta":[],"product_brand":[],"product_cat":[66],"product_tag":[],"class_list":{"0":"post-11530","1":"product","2":"type-product","3":"status-publish","4":"has-post-thumbnail","6":"product_cat-logitech","7":"pa_mehsul-tipi-mice","9":"first","10":"instock","11":"sold-individually","12":"shipping-taxable","13":"purchasable","14":"product-type-simple"},"_links":{"self":[{"href":"https:\/\/engitech.az\/en\/wp-json\/wp\/v2\/product\/11530","targetHints":{"allow":["GET"]}}],"collection":[{"href":"https:\/\/engitech.az\/en\/wp-json\/wp\/v2\/product"}],"about":[{"href":"https:\/\/engitech.az\/en\/wp-json\/wp\/v2\/types\/product"}],"replies":[{"embeddable":true,"href":"https:\/\/engitech.az\/en\/wp-json\/wp\/v2\/comments?post=11530"}],"wp:featuredmedia":[{"embeddable":true,"href":"https:\/\/engitech.az\/en\/wp-json\/wp\/v2\/media\/11531"}],"wp:attachment":[{"href":"https:\/\/engitech.az\/en\/wp-json\/wp\/v2\/media?parent=11530"}],"wp:term":[{"taxonomy":"product_brand","embeddable":true,"href":"https:\/\/engitech.az\/en\/wp-json\/wp\/v2\/product_brand?post=11530"},{"taxonomy":"product_cat","embeddable":true,"href":"https:\/\/engitech.az\/en\/wp-json\/wp\/v2\/product_cat?post=11530"},{"taxonomy":"product_tag","embeddable":true,"href":"https:\/\/engitech.az\/en\/wp-json\/wp\/v2\/product_tag?post=11530"}],"curies":[{"name":"wp","href":"https:\/\/api.w.org\/{rel}","templated":true}]}}