{"id":11532,"date":"2026-02-24T08:58:21","date_gmt":"2026-02-24T08:58:21","guid":{"rendered":"https:\/\/engitech.az\/?post_type=product&#038;p=11532"},"modified":"2026-02-24T08:58:21","modified_gmt":"2026-02-24T08:58:21","slug":"mx-ergo-s","status":"publish","type":"product","link":"https:\/\/engitech.az\/en\/product\/mx-ergo-s\/","title":{"rendered":"MX Ergo S"},"content":{"rendered":"<p>\u2022 <strong data-start=\"45\" data-end=\"56\">M\u0259hsul:<\/strong> Logitech MX Ergo S<br data-start=\"75\" data-end=\"78\" \/>\u2022 <strong data-start=\"80\" data-end=\"95\" data-is-only-node=\"\">Category:<\/strong> Simsiz Ergonomik Trackball Si\u00e7an\u0131<br data-start=\"129\" data-end=\"132\" \/>\u2022 <strong data-start=\"134\" data-end=\"144\">Marka:<\/strong> Logitech (MX Ergo seriyas\u0131)<br data-start=\"172\" data-end=\"175\" \/>\u2022 <strong data-start=\"177\" data-end=\"187\">Contact:<\/strong> Bluetooth \/ USB receiver<br data-start=\"212\" data-end=\"215\" \/>\u2022 <strong data-start=\"217\" data-end=\"233\">Functions:<\/strong> Trackball dizayn, t\u0259nziml\u0259n\u0259n meyl buca\u011f\u0131, proqramla\u015fd\u0131r\u0131la bil\u0259n d\u00fcym\u0259l\u0259r<br data-start=\"308\" data-end=\"311\" \/>\u2022 <strong data-start=\"313\" data-end=\"326\">Usage:<\/strong> Uzunm\u00fcdd\u0259tli i\u015fl\u0259m\u0259 \u00fc\u00e7\u00fcn rahat v\u0259 d\u0259qiq idar\u0259<\/p>","protected":false},"excerpt":{"rendered":"<p>\u2022 M\u0259hsul: Logitech MX Ergo S\u2022 Kateqoriya: Simsiz Ergonomik Trackball  [&#8230;]<\/p>","protected":false},"featured_media":11533,"comment_status":"open","ping_status":"closed","template":"","meta":[],"product_brand":[],"product_cat":[66],"product_tag":[],"class_list":{"0":"post-11532","1":"product","2":"type-product","3":"status-publish","4":"has-post-thumbnail","6":"product_cat-logitech","7":"pa_mehsul-tipi-mice","9":"first","10":"instock","11":"sold-individually","12":"shipping-taxable","13":"purchasable","14":"product-type-simple"},"_links":{"self":[{"href":"https:\/\/engitech.az\/en\/wp-json\/wp\/v2\/product\/11532","targetHints":{"allow":["GET"]}}],"collection":[{"href":"https:\/\/engitech.az\/en\/wp-json\/wp\/v2\/product"}],"about":[{"href":"https:\/\/engitech.az\/en\/wp-json\/wp\/v2\/types\/product"}],"replies":[{"embeddable":true,"href":"https:\/\/engitech.az\/en\/wp-json\/wp\/v2\/comments?post=11532"}],"wp:featuredmedia":[{"embeddable":true,"href":"https:\/\/engitech.az\/en\/wp-json\/wp\/v2\/media\/11533"}],"wp:attachment":[{"href":"https:\/\/engitech.az\/en\/wp-json\/wp\/v2\/media?parent=11532"}],"wp:term":[{"taxonomy":"product_brand","embeddable":true,"href":"https:\/\/engitech.az\/en\/wp-json\/wp\/v2\/product_brand?post=11532"},{"taxonomy":"product_cat","embeddable":true,"href":"https:\/\/engitech.az\/en\/wp-json\/wp\/v2\/product_cat?post=11532"},{"taxonomy":"product_tag","embeddable":true,"href":"https:\/\/engitech.az\/en\/wp-json\/wp\/v2\/product_tag?post=11532"}],"curies":[{"name":"wp","href":"https:\/\/api.w.org\/{rel}","templated":true}]}}