{"id":11534,"date":"2026-02-24T11:30:14","date_gmt":"2026-02-24T11:30:14","guid":{"rendered":"https:\/\/engitech.az\/?post_type=product&#038;p=11534"},"modified":"2026-02-24T11:30:14","modified_gmt":"2026-02-24T11:30:14","slug":"m720-triathlon","status":"publish","type":"product","link":"https:\/\/engitech.az\/en\/product\/m720-triathlon\/","title":{"rendered":"M720 Triathlon"},"content":{"rendered":"<p>\u2022 <strong data-start=\"45\" data-end=\"56\">M\u0259hsul:<\/strong> Logitech M720 Triathlon<br data-start=\"80\" data-end=\"83\" \/>\u2022 <strong data-start=\"85\" data-end=\"100\" data-is-only-node=\"\">Category:<\/strong> Simsiz Komp\u00fcter Si\u00e7an\u0131 (Wireless Mouse)<br data-start=\"140\" data-end=\"143\" \/>\u2022 <strong data-start=\"145\" data-end=\"155\">Marka:<\/strong> Logitech<br data-start=\"164\" data-end=\"167\" \/>\u2022 <strong data-start=\"169\" data-end=\"179\">Contact:<\/strong> Bluetooth \/ USB receiver<br data-start=\"204\" data-end=\"207\" \/>\u2022 <strong data-start=\"209\" data-end=\"225\">Functions:<\/strong> \u00c7ox cihaz d\u0259st\u0259yi (Multi-Device), uzun batareya \u00f6mr\u00fc, proqramla\u015fd\u0131r\u0131la bil\u0259n d\u00fcym\u0259l\u0259r<br data-start=\"311\" data-end=\"314\" \/>\u2022 <strong data-start=\"316\" data-end=\"329\">Usage:<\/strong> Pe\u015f\u0259kar v\u0259 g\u00fcnd\u0259lik istifad\u0259 \u00fc\u00e7\u00fcn \u00e7oxfunksiyal\u0131 si\u00e7an<\/p>","protected":false},"excerpt":{"rendered":"<p>\u2022 M\u0259hsul: Logitech M720 Triathlon\u2022 Kateqoriya: Simsiz Komp\u00fcter Si\u00e7an\u0131 (Wireless  [&#8230;]<\/p>","protected":false},"featured_media":11535,"comment_status":"open","ping_status":"closed","template":"","meta":[],"product_brand":[],"product_cat":[66],"product_tag":[],"class_list":{"0":"post-11534","1":"product","2":"type-product","3":"status-publish","4":"has-post-thumbnail","6":"product_cat-logitech","7":"pa_mehsul-tipi-mice","9":"first","10":"instock","11":"sold-individually","12":"shipping-taxable","13":"purchasable","14":"product-type-simple"},"_links":{"self":[{"href":"https:\/\/engitech.az\/en\/wp-json\/wp\/v2\/product\/11534","targetHints":{"allow":["GET"]}}],"collection":[{"href":"https:\/\/engitech.az\/en\/wp-json\/wp\/v2\/product"}],"about":[{"href":"https:\/\/engitech.az\/en\/wp-json\/wp\/v2\/types\/product"}],"replies":[{"embeddable":true,"href":"https:\/\/engitech.az\/en\/wp-json\/wp\/v2\/comments?post=11534"}],"wp:featuredmedia":[{"embeddable":true,"href":"https:\/\/engitech.az\/en\/wp-json\/wp\/v2\/media\/11535"}],"wp:attachment":[{"href":"https:\/\/engitech.az\/en\/wp-json\/wp\/v2\/media?parent=11534"}],"wp:term":[{"taxonomy":"product_brand","embeddable":true,"href":"https:\/\/engitech.az\/en\/wp-json\/wp\/v2\/product_brand?post=11534"},{"taxonomy":"product_cat","embeddable":true,"href":"https:\/\/engitech.az\/en\/wp-json\/wp\/v2\/product_cat?post=11534"},{"taxonomy":"product_tag","embeddable":true,"href":"https:\/\/engitech.az\/en\/wp-json\/wp\/v2\/product_tag?post=11534"}],"curies":[{"name":"wp","href":"https:\/\/api.w.org\/{rel}","templated":true}]}}