{"id":11536,"date":"2026-02-24T11:32:41","date_gmt":"2026-02-24T11:32:41","guid":{"rendered":"https:\/\/engitech.az\/?post_type=product&#038;p=11536"},"modified":"2026-02-24T11:34:11","modified_gmt":"2026-02-24T11:34:11","slug":"pop-mouse","status":"publish","type":"product","link":"https:\/\/engitech.az\/en\/product\/pop-mouse\/","title":{"rendered":"POP Mouse"},"content":{"rendered":"<p>\u2022 <strong data-start=\"45\" data-end=\"56\">M\u0259hsul:<\/strong> Logitech POP Mouse<br data-start=\"75\" data-end=\"78\" \/>\u2022 <strong data-start=\"80\" data-end=\"95\" data-is-only-node=\"\">Category:<\/strong> Simsiz Komp\u00fcter Si\u00e7an\u0131 (Wireless Mouse)<br data-start=\"135\" data-end=\"138\" \/>\u2022 <strong data-start=\"140\" data-end=\"150\">Marka:<\/strong> Logitech (POP seriyas\u0131)<br data-start=\"174\" data-end=\"177\" \/>\u2022 <strong data-start=\"179\" data-end=\"189\">Contact:<\/strong> Bluetooth \/ USB receiver<br data-start=\"214\" data-end=\"217\" \/>\u2022 <strong data-start=\"219\" data-end=\"235\">Functions:<\/strong> R\u0259ngar\u0259ng dizayn, y\u00fcng\u00fcl klikl\u0259r, kompakt \u00f6l\u00e7\u00fc<br data-start=\"282\" data-end=\"285\" \/>\u2022 <strong data-start=\"287\" data-end=\"300\">Usage:<\/strong> G\u00fcnd\u0259lik istifad\u0259 v\u0259 mobil i\u015f \u00fc\u00e7\u00fcn rahat si\u00e7an<\/p>","protected":false},"excerpt":{"rendered":"<p>\u2022 M\u0259hsul: Logitech POP Mouse\u2022 Kateqoriya: Simsiz Komp\u00fcter Si\u00e7an\u0131 (Wireless  [&#8230;]<\/p>","protected":false},"featured_media":11539,"comment_status":"open","ping_status":"closed","template":"","meta":[],"product_brand":[],"product_cat":[66],"product_tag":[],"class_list":{"0":"post-11536","1":"product","2":"type-product","3":"status-publish","4":"has-post-thumbnail","6":"product_cat-logitech","7":"pa_mehsul-tipi-mice","9":"first","10":"instock","11":"sold-individually","12":"shipping-taxable","13":"purchasable","14":"product-type-simple"},"_links":{"self":[{"href":"https:\/\/engitech.az\/en\/wp-json\/wp\/v2\/product\/11536","targetHints":{"allow":["GET"]}}],"collection":[{"href":"https:\/\/engitech.az\/en\/wp-json\/wp\/v2\/product"}],"about":[{"href":"https:\/\/engitech.az\/en\/wp-json\/wp\/v2\/types\/product"}],"replies":[{"embeddable":true,"href":"https:\/\/engitech.az\/en\/wp-json\/wp\/v2\/comments?post=11536"}],"wp:featuredmedia":[{"embeddable":true,"href":"https:\/\/engitech.az\/en\/wp-json\/wp\/v2\/media\/11539"}],"wp:attachment":[{"href":"https:\/\/engitech.az\/en\/wp-json\/wp\/v2\/media?parent=11536"}],"wp:term":[{"taxonomy":"product_brand","embeddable":true,"href":"https:\/\/engitech.az\/en\/wp-json\/wp\/v2\/product_brand?post=11536"},{"taxonomy":"product_cat","embeddable":true,"href":"https:\/\/engitech.az\/en\/wp-json\/wp\/v2\/product_cat?post=11536"},{"taxonomy":"product_tag","embeddable":true,"href":"https:\/\/engitech.az\/en\/wp-json\/wp\/v2\/product_tag?post=11536"}],"curies":[{"name":"wp","href":"https:\/\/api.w.org\/{rel}","templated":true}]}}