{"id":11540,"date":"2026-02-24T11:50:18","date_gmt":"2026-02-24T11:50:18","guid":{"rendered":"https:\/\/engitech.az\/?post_type=product&#038;p=11540"},"modified":"2026-02-24T11:50:18","modified_gmt":"2026-02-24T11:50:18","slug":"m325s-wireless-mouse","status":"publish","type":"product","link":"https:\/\/engitech.az\/en\/product\/m325s-wireless-mouse\/","title":{"rendered":"M325S Wireless Mouse"},"content":{"rendered":"<p>\u2022 <strong data-start=\"45\" data-end=\"56\">M\u0259hsul:<\/strong> Logitech M325S Wireless Mouse<br data-start=\"86\" data-end=\"89\" \/>\u2022 <strong data-start=\"91\" data-end=\"106\" data-is-only-node=\"\">Category:<\/strong> Simsiz Komp\u00fcter Si\u00e7an\u0131 (Wireless Mouse)<br data-start=\"146\" data-end=\"149\" \/>\u2022 <strong data-start=\"151\" data-end=\"161\">Marka:<\/strong> Logitech<br data-start=\"170\" data-end=\"173\" \/>\u2022 <strong data-start=\"175\" data-end=\"185\">Contact:<\/strong> Bluetooth \/ USB receiver<br data-start=\"210\" data-end=\"213\" \/>\u2022 <strong data-start=\"215\" data-end=\"231\">Functions:<\/strong> Kompakt \u00f6l\u00e7\u00fc, rahat tutu\u015f, uzun batareya \u00f6mr\u00fc<br data-start=\"277\" data-end=\"280\" \/>\u2022 <strong data-start=\"282\" data-end=\"295\">Usage:<\/strong> G\u00fcnd\u0259lik ofis v\u0259 ev istifad\u0259si \u00fc\u00e7\u00fcn rahat si\u00e7an<\/p>","protected":false},"excerpt":{"rendered":"<p>\u2022 M\u0259hsul: Logitech M325S Wireless Mouse\u2022 Kateqoriya: Simsiz Komp\u00fcter Si\u00e7an\u0131  [&#8230;]<\/p>","protected":false},"featured_media":11541,"comment_status":"open","ping_status":"closed","template":"","meta":[],"product_brand":[],"product_cat":[66],"product_tag":[],"class_list":{"0":"post-11540","1":"product","2":"type-product","3":"status-publish","4":"has-post-thumbnail","6":"product_cat-logitech","7":"pa_mehsul-tipi-mice","9":"first","10":"instock","11":"sold-individually","12":"shipping-taxable","13":"purchasable","14":"product-type-simple"},"_links":{"self":[{"href":"https:\/\/engitech.az\/en\/wp-json\/wp\/v2\/product\/11540","targetHints":{"allow":["GET"]}}],"collection":[{"href":"https:\/\/engitech.az\/en\/wp-json\/wp\/v2\/product"}],"about":[{"href":"https:\/\/engitech.az\/en\/wp-json\/wp\/v2\/types\/product"}],"replies":[{"embeddable":true,"href":"https:\/\/engitech.az\/en\/wp-json\/wp\/v2\/comments?post=11540"}],"wp:featuredmedia":[{"embeddable":true,"href":"https:\/\/engitech.az\/en\/wp-json\/wp\/v2\/media\/11541"}],"wp:attachment":[{"href":"https:\/\/engitech.az\/en\/wp-json\/wp\/v2\/media?parent=11540"}],"wp:term":[{"taxonomy":"product_brand","embeddable":true,"href":"https:\/\/engitech.az\/en\/wp-json\/wp\/v2\/product_brand?post=11540"},{"taxonomy":"product_cat","embeddable":true,"href":"https:\/\/engitech.az\/en\/wp-json\/wp\/v2\/product_cat?post=11540"},{"taxonomy":"product_tag","embeddable":true,"href":"https:\/\/engitech.az\/en\/wp-json\/wp\/v2\/product_tag?post=11540"}],"curies":[{"name":"wp","href":"https:\/\/api.w.org\/{rel}","templated":true}]}}