{"id":11542,"date":"2026-02-24T12:15:54","date_gmt":"2026-02-24T12:15:54","guid":{"rendered":"https:\/\/engitech.az\/?post_type=product&#038;p=11542"},"modified":"2026-02-24T12:15:54","modified_gmt":"2026-02-24T12:15:54","slug":"marathon-mouse-m705","status":"publish","type":"product","link":"https:\/\/engitech.az\/en\/product\/marathon-mouse-m705\/","title":{"rendered":"Marathon Mouse M705"},"content":{"rendered":"<p>\u2022 <strong data-start=\"45\" data-end=\"56\">M\u0259hsul:<\/strong> Logitech Marathon Mouse M705<br data-start=\"85\" data-end=\"88\" \/>\u2022 <strong data-start=\"90\" data-end=\"105\" data-is-only-node=\"\">Category:<\/strong> Simsiz Komp\u00fcter Si\u00e7an\u0131 (Wireless Mouse)<br data-start=\"145\" data-end=\"148\" \/>\u2022 <strong data-start=\"150\" data-end=\"160\">Marka:<\/strong> Logitech<br data-start=\"169\" data-end=\"172\" \/>\u2022 <strong data-start=\"174\" data-end=\"184\">Contact:<\/strong> USB receiver (Unifying)<br data-start=\"208\" data-end=\"211\" \/>\u2022 <strong data-start=\"213\" data-end=\"229\">Functions:<\/strong> Uzun batareya \u00f6mr\u00fc, komfort tutu\u015f, proqramla\u015fd\u0131r\u0131la bil\u0259n d\u00fcym\u0259l\u0259r<br data-start=\"296\" data-end=\"299\" \/>\u2022 <strong data-start=\"301\" data-end=\"314\">Usage:<\/strong> G\u00fcnd\u0259lik ofis v\u0259 ev istifad\u0259\u00e7il\u0259ri \u00fc\u00e7\u00fcn etibarl\u0131 si\u00e7an<\/p>","protected":false},"excerpt":{"rendered":"<p>\u2022 M\u0259hsul: Logitech Marathon Mouse M705\u2022 Kateqoriya: Simsiz Komp\u00fcter Si\u00e7an\u0131  [&#8230;]<\/p>","protected":false},"featured_media":11543,"comment_status":"open","ping_status":"closed","template":"","meta":[],"product_brand":[],"product_cat":[66],"product_tag":[],"class_list":{"0":"post-11542","1":"product","2":"type-product","3":"status-publish","4":"has-post-thumbnail","6":"product_cat-logitech","7":"pa_mehsul-tipi-mice","9":"first","10":"instock","11":"sold-individually","12":"shipping-taxable","13":"purchasable","14":"product-type-simple"},"_links":{"self":[{"href":"https:\/\/engitech.az\/en\/wp-json\/wp\/v2\/product\/11542","targetHints":{"allow":["GET"]}}],"collection":[{"href":"https:\/\/engitech.az\/en\/wp-json\/wp\/v2\/product"}],"about":[{"href":"https:\/\/engitech.az\/en\/wp-json\/wp\/v2\/types\/product"}],"replies":[{"embeddable":true,"href":"https:\/\/engitech.az\/en\/wp-json\/wp\/v2\/comments?post=11542"}],"wp:featuredmedia":[{"embeddable":true,"href":"https:\/\/engitech.az\/en\/wp-json\/wp\/v2\/media\/11543"}],"wp:attachment":[{"href":"https:\/\/engitech.az\/en\/wp-json\/wp\/v2\/media?parent=11542"}],"wp:term":[{"taxonomy":"product_brand","embeddable":true,"href":"https:\/\/engitech.az\/en\/wp-json\/wp\/v2\/product_brand?post=11542"},{"taxonomy":"product_cat","embeddable":true,"href":"https:\/\/engitech.az\/en\/wp-json\/wp\/v2\/product_cat?post=11542"},{"taxonomy":"product_tag","embeddable":true,"href":"https:\/\/engitech.az\/en\/wp-json\/wp\/v2\/product_tag?post=11542"}],"curies":[{"name":"wp","href":"https:\/\/api.w.org\/{rel}","templated":true}]}}