{"id":11544,"date":"2026-02-24T12:28:27","date_gmt":"2026-02-24T12:28:27","guid":{"rendered":"https:\/\/engitech.az\/?post_type=product&#038;p=11544"},"modified":"2026-02-24T12:28:27","modified_gmt":"2026-02-24T12:28:27","slug":"signature-plus-m750","status":"publish","type":"product","link":"https:\/\/engitech.az\/en\/product\/signature-plus-m750\/","title":{"rendered":"Signature Plus M750"},"content":{"rendered":"<p>\u2022 <strong data-start=\"45\" data-end=\"56\">M\u0259hsul:<\/strong> Logitech Signature Plus M750<br data-start=\"85\" data-end=\"88\" \/>\u2022 <strong data-start=\"90\" data-end=\"105\" data-is-only-node=\"\">Category:<\/strong> Simsiz Komp\u00fcter Si\u00e7an\u0131 (Wireless Mouse)<br data-start=\"145\" data-end=\"148\" \/>\u2022 <strong data-start=\"150\" data-end=\"160\">Marka:<\/strong> Logitech (Signature seriyas\u0131)<br data-start=\"190\" data-end=\"193\" \/>\u2022 <strong data-start=\"195\" data-end=\"205\">Contact:<\/strong> Bluetooth \/ USB receiver<br data-start=\"230\" data-end=\"233\" \/>\u2022 <strong data-start=\"235\" data-end=\"251\">Functions:<\/strong> Komfort tutu\u015f, proqramla\u015fd\u0131r\u0131la bil\u0259n d\u00fcym\u0259l\u0259r, \u00e7ox cihaz d\u0259st\u0259yi<br data-start=\"317\" data-end=\"320\" \/>\u2022 <strong data-start=\"322\" data-end=\"335\">Usage:<\/strong> G\u00fcnd\u0259lik v\u0259 pe\u015f\u0259kar istifad\u0259 \u00fc\u00e7\u00fcn rahat v\u0259 \u00e7oxfunksiyal\u0131 si\u00e7an<\/p>","protected":false},"excerpt":{"rendered":"<p>\u2022 M\u0259hsul: Logitech Signature Plus M750\u2022 Kateqoriya: Simsiz Komp\u00fcter Si\u00e7an\u0131  [&#8230;]<\/p>","protected":false},"featured_media":11545,"comment_status":"open","ping_status":"closed","template":"","meta":[],"product_brand":[],"product_cat":[66],"product_tag":[],"class_list":{"0":"post-11544","1":"product","2":"type-product","3":"status-publish","4":"has-post-thumbnail","6":"product_cat-logitech","7":"pa_mehsul-tipi-mice","9":"first","10":"instock","11":"sold-individually","12":"shipping-taxable","13":"purchasable","14":"product-type-simple"},"_links":{"self":[{"href":"https:\/\/engitech.az\/en\/wp-json\/wp\/v2\/product\/11544","targetHints":{"allow":["GET"]}}],"collection":[{"href":"https:\/\/engitech.az\/en\/wp-json\/wp\/v2\/product"}],"about":[{"href":"https:\/\/engitech.az\/en\/wp-json\/wp\/v2\/types\/product"}],"replies":[{"embeddable":true,"href":"https:\/\/engitech.az\/en\/wp-json\/wp\/v2\/comments?post=11544"}],"wp:featuredmedia":[{"embeddable":true,"href":"https:\/\/engitech.az\/en\/wp-json\/wp\/v2\/media\/11545"}],"wp:attachment":[{"href":"https:\/\/engitech.az\/en\/wp-json\/wp\/v2\/media?parent=11544"}],"wp:term":[{"taxonomy":"product_brand","embeddable":true,"href":"https:\/\/engitech.az\/en\/wp-json\/wp\/v2\/product_brand?post=11544"},{"taxonomy":"product_cat","embeddable":true,"href":"https:\/\/engitech.az\/en\/wp-json\/wp\/v2\/product_cat?post=11544"},{"taxonomy":"product_tag","embeddable":true,"href":"https:\/\/engitech.az\/en\/wp-json\/wp\/v2\/product_tag?post=11544"}],"curies":[{"name":"wp","href":"https:\/\/api.w.org\/{rel}","templated":true}]}}