{"id":11547,"date":"2026-02-25T07:03:16","date_gmt":"2026-02-25T07:03:16","guid":{"rendered":"https:\/\/engitech.az\/?post_type=product&#038;p=11547"},"modified":"2026-02-25T07:03:16","modified_gmt":"2026-02-25T07:03:16","slug":"g502-x-plus","status":"publish","type":"product","link":"https:\/\/engitech.az\/en\/product\/g502-x-plus\/","title":{"rendered":"G502 X PLUS"},"content":{"rendered":"<ul>\n<li data-start=\"26\" data-end=\"60\"><strong data-start=\"26\" data-end=\"37\">M\u0259hsul:<\/strong> Logitech G502 X PLUS<\/li>\n<li data-start=\"63\" data-end=\"99\"><strong data-start=\"63\" data-end=\"78\">Category:<\/strong> Simsiz oyun si\u00e7an\u0131<\/li>\n<li data-start=\"102\" data-end=\"136\"><strong data-start=\"102\" data-end=\"112\">Marka:<\/strong> Logitech (G seriyas\u0131)<\/li>\n<li data-start=\"139\" data-end=\"183\"><strong data-start=\"139\" data-end=\"149\">Contact:<\/strong> LIGHTSPEED simsiz \/ USB-C kabel<\/li>\n<li data-start=\"186\" data-end=\"280\"><strong data-start=\"186\" data-end=\"202\">Functions:<\/strong> Y\u00fcks\u0259k d\u0259qiqlikli sensor, proqramla\u015fd\u0131r\u0131la bil\u0259n d\u00fcym\u0259l\u0259r, RGB i\u015f\u0131qland\u0131rma<\/li>\n<li data-start=\"283\" data-end=\"355\"><strong data-start=\"283\" data-end=\"296\">Usage:<\/strong> Oyun v\u0259 g\u00fcnd\u0259lik istifad\u0259 \u00fc\u00e7\u00fcn y\u00fcks\u0259k performansl\u0131 si\u00e7an<\/li>\n<\/ul>","protected":false},"excerpt":{"rendered":"<p>M\u0259hsul: Logitech G502 X PLUS Kateqoriya: Simsiz oyun si\u00e7an\u0131 Marka:  [&#8230;]<\/p>","protected":false},"featured_media":11548,"comment_status":"open","ping_status":"closed","template":"","meta":[],"product_brand":[],"product_cat":[66],"product_tag":[],"class_list":{"0":"post-11547","1":"product","2":"type-product","3":"status-publish","4":"has-post-thumbnail","6":"product_cat-logitech","7":"pa_mehsul-tipi-mice","9":"first","10":"instock","11":"sold-individually","12":"shipping-taxable","13":"purchasable","14":"product-type-simple"},"_links":{"self":[{"href":"https:\/\/engitech.az\/en\/wp-json\/wp\/v2\/product\/11547","targetHints":{"allow":["GET"]}}],"collection":[{"href":"https:\/\/engitech.az\/en\/wp-json\/wp\/v2\/product"}],"about":[{"href":"https:\/\/engitech.az\/en\/wp-json\/wp\/v2\/types\/product"}],"replies":[{"embeddable":true,"href":"https:\/\/engitech.az\/en\/wp-json\/wp\/v2\/comments?post=11547"}],"wp:featuredmedia":[{"embeddable":true,"href":"https:\/\/engitech.az\/en\/wp-json\/wp\/v2\/media\/11548"}],"wp:attachment":[{"href":"https:\/\/engitech.az\/en\/wp-json\/wp\/v2\/media?parent=11547"}],"wp:term":[{"taxonomy":"product_brand","embeddable":true,"href":"https:\/\/engitech.az\/en\/wp-json\/wp\/v2\/product_brand?post=11547"},{"taxonomy":"product_cat","embeddable":true,"href":"https:\/\/engitech.az\/en\/wp-json\/wp\/v2\/product_cat?post=11547"},{"taxonomy":"product_tag","embeddable":true,"href":"https:\/\/engitech.az\/en\/wp-json\/wp\/v2\/product_tag?post=11547"}],"curies":[{"name":"wp","href":"https:\/\/api.w.org\/{rel}","templated":true}]}}