{"id":11549,"date":"2026-02-25T11:02:49","date_gmt":"2026-02-25T11:02:49","guid":{"rendered":"https:\/\/engitech.az\/?post_type=product&#038;p=11549"},"modified":"2026-02-25T11:02:49","modified_gmt":"2026-02-25T11:02:49","slug":"m240-silent-bluetooth-mouse","status":"publish","type":"product","link":"https:\/\/engitech.az\/en\/product\/m240-silent-bluetooth-mouse\/","title":{"rendered":"M240 Silent Bluetooth Mouse"},"content":{"rendered":"<ul>\n<li data-start=\"39\" data-end=\"89\"><strong data-start=\"39\" data-end=\"50\">M\u0259hsul:<\/strong> Logitech M240 Silent Bluetooth Mouse<\/li>\n<li data-start=\"92\" data-end=\"133\"><strong data-start=\"92\" data-end=\"107\">Category:<\/strong> Simsiz Bluetooth si\u00e7an\u0131<\/li>\n<li data-start=\"136\" data-end=\"157\"><strong data-start=\"136\" data-end=\"146\">Marka:<\/strong> Logitech<\/li>\n<li data-start=\"160\" data-end=\"182\"><strong data-start=\"160\" data-end=\"170\">Contact:<\/strong> Bluetooth<\/li>\n<li data-start=\"185\" data-end=\"233\"><strong data-start=\"185\" data-end=\"201\">Functions:<\/strong> S\u0259ssiz klikl\u0259r, komfort tutu\u015f<\/li>\n<li data-start=\"236\" data-end=\"294\"><strong data-start=\"236\" data-end=\"249\">Usage:<\/strong> G\u00fcnd\u0259lik v\u0259 ofis istifad\u0259si \u00fc\u00e7\u00fcn rahat si\u00e7an<\/li>\n<\/ul>","protected":false},"excerpt":{"rendered":"<p>M\u0259hsul: Logitech M240 Silent Bluetooth Mouse Kateqoriya: Simsiz Bluetooth si\u00e7an\u0131  [&#8230;]<\/p>","protected":false},"featured_media":11551,"comment_status":"open","ping_status":"closed","template":"","meta":[],"product_brand":[],"product_cat":[66],"product_tag":[],"class_list":{"0":"post-11549","1":"product","2":"type-product","3":"status-publish","4":"has-post-thumbnail","6":"product_cat-logitech","7":"pa_mehsul-tipi-mice","9":"first","10":"instock","11":"sold-individually","12":"shipping-taxable","13":"purchasable","14":"product-type-simple"},"_links":{"self":[{"href":"https:\/\/engitech.az\/en\/wp-json\/wp\/v2\/product\/11549","targetHints":{"allow":["GET"]}}],"collection":[{"href":"https:\/\/engitech.az\/en\/wp-json\/wp\/v2\/product"}],"about":[{"href":"https:\/\/engitech.az\/en\/wp-json\/wp\/v2\/types\/product"}],"replies":[{"embeddable":true,"href":"https:\/\/engitech.az\/en\/wp-json\/wp\/v2\/comments?post=11549"}],"wp:featuredmedia":[{"embeddable":true,"href":"https:\/\/engitech.az\/en\/wp-json\/wp\/v2\/media\/11551"}],"wp:attachment":[{"href":"https:\/\/engitech.az\/en\/wp-json\/wp\/v2\/media?parent=11549"}],"wp:term":[{"taxonomy":"product_brand","embeddable":true,"href":"https:\/\/engitech.az\/en\/wp-json\/wp\/v2\/product_brand?post=11549"},{"taxonomy":"product_cat","embeddable":true,"href":"https:\/\/engitech.az\/en\/wp-json\/wp\/v2\/product_cat?post=11549"},{"taxonomy":"product_tag","embeddable":true,"href":"https:\/\/engitech.az\/en\/wp-json\/wp\/v2\/product_tag?post=11549"}],"curies":[{"name":"wp","href":"https:\/\/api.w.org\/{rel}","templated":true}]}}