{"id":11552,"date":"2026-02-25T11:05:23","date_gmt":"2026-02-25T11:05:23","guid":{"rendered":"https:\/\/engitech.az\/?post_type=product&#038;p=11552"},"modified":"2026-02-25T11:05:23","modified_gmt":"2026-02-25T11:05:23","slug":"m220-silent-wireless-mouse","status":"publish","type":"product","link":"https:\/\/engitech.az\/en\/product\/m220-silent-wireless-mouse\/","title":{"rendered":"M220 Silent Wireless Mouse"},"content":{"rendered":"<ul>\n<li data-start=\"2\" data-end=\"51\"><strong data-start=\"2\" data-end=\"13\">M\u0259hsul:<\/strong> Logitech M220 Silent Wireless Mouse<\/li>\n<li data-start=\"54\" data-end=\"84\"><strong data-start=\"54\" data-end=\"69\">Category:<\/strong> Simsiz si\u00e7an<\/li>\n<li data-start=\"87\" data-end=\"108\"><strong data-start=\"87\" data-end=\"97\">Marka:<\/strong> Logitech<\/li>\n<li data-start=\"111\" data-end=\"136\"><strong data-start=\"111\" data-end=\"121\">Contact:<\/strong> USB receiver<\/li>\n<li data-start=\"139\" data-end=\"185\"><strong data-start=\"139\" data-end=\"155\">Functions:<\/strong> S\u0259ssiz klikl\u0259r, rahat tutu\u015f<\/li>\n<li data-start=\"188\" data-end=\"255\"><strong data-start=\"188\" data-end=\"201\">Usage:<\/strong> G\u00fcnd\u0259lik v\u0259 ofis istifad\u0259si \u00fc\u00e7\u00fcn sakit v\u0259 rahat si\u00e7an<\/li>\n<\/ul>","protected":false},"excerpt":{"rendered":"<p>M\u0259hsul: Logitech M220 Silent Wireless Mouse Kateqoriya: Simsiz si\u00e7an Marka:  [&#8230;]<\/p>","protected":false},"featured_media":11553,"comment_status":"open","ping_status":"closed","template":"","meta":[],"product_brand":[],"product_cat":[66],"product_tag":[],"class_list":{"0":"post-11552","1":"product","2":"type-product","3":"status-publish","4":"has-post-thumbnail","6":"product_cat-logitech","7":"pa_mehsul-tipi-mice","9":"first","10":"instock","11":"sold-individually","12":"shipping-taxable","13":"purchasable","14":"product-type-simple"},"_links":{"self":[{"href":"https:\/\/engitech.az\/en\/wp-json\/wp\/v2\/product\/11552","targetHints":{"allow":["GET"]}}],"collection":[{"href":"https:\/\/engitech.az\/en\/wp-json\/wp\/v2\/product"}],"about":[{"href":"https:\/\/engitech.az\/en\/wp-json\/wp\/v2\/types\/product"}],"replies":[{"embeddable":true,"href":"https:\/\/engitech.az\/en\/wp-json\/wp\/v2\/comments?post=11552"}],"wp:featuredmedia":[{"embeddable":true,"href":"https:\/\/engitech.az\/en\/wp-json\/wp\/v2\/media\/11553"}],"wp:attachment":[{"href":"https:\/\/engitech.az\/en\/wp-json\/wp\/v2\/media?parent=11552"}],"wp:term":[{"taxonomy":"product_brand","embeddable":true,"href":"https:\/\/engitech.az\/en\/wp-json\/wp\/v2\/product_brand?post=11552"},{"taxonomy":"product_cat","embeddable":true,"href":"https:\/\/engitech.az\/en\/wp-json\/wp\/v2\/product_cat?post=11552"},{"taxonomy":"product_tag","embeddable":true,"href":"https:\/\/engitech.az\/en\/wp-json\/wp\/v2\/product_tag?post=11552"}],"curies":[{"name":"wp","href":"https:\/\/api.w.org\/{rel}","templated":true}]}}