{"id":11554,"date":"2026-02-25T11:46:10","date_gmt":"2026-02-25T11:46:10","guid":{"rendered":"https:\/\/engitech.az\/?post_type=product&#038;p=11554"},"modified":"2026-02-25T11:46:10","modified_gmt":"2026-02-25T11:46:10","slug":"g-series-g703","status":"publish","type":"product","link":"https:\/\/engitech.az\/en\/product\/g-series-g703\/","title":{"rendered":"G Series G703"},"content":{"rendered":"<ul>\n<li data-start=\"39\" data-end=\"70\"><strong data-start=\"39\" data-end=\"50\">Seriya:<\/strong> Logitech G Series<\/li>\n<li data-start=\"73\" data-end=\"91\"><strong data-start=\"73\" data-end=\"84\">M\u0259hsul:<\/strong> G703<\/li>\n<li data-start=\"94\" data-end=\"130\"><strong data-start=\"94\" data-end=\"109\">Category:<\/strong> Simsiz oyun si\u00e7an\u0131<\/li>\n<li data-start=\"133\" data-end=\"177\"><strong data-start=\"133\" data-end=\"143\">Contact:<\/strong> LIGHTSPEED simsiz \/ USB-C kabel<\/li>\n<li data-start=\"180\" data-end=\"258\"><strong data-start=\"180\" data-end=\"196\">Functions:<\/strong> Y\u00fcks\u0259k performansl\u0131 sensor, proqramla\u015fd\u0131r\u0131la bil\u0259n d\u00fcym\u0259l\u0259r<\/li>\n<li data-start=\"261\" data-end=\"322\"><strong data-start=\"261\" data-end=\"274\">Usage:<\/strong> Oyun v\u0259 g\u00fcnd\u0259lik y\u00fcks\u0259k performansl\u0131 istifad\u0259<\/li>\n<\/ul>","protected":false},"excerpt":{"rendered":"<p>Seriya: Logitech G Series M\u0259hsul: G703 Kateqoriya: Simsiz oyun si\u00e7an\u0131  [&#8230;]<\/p>","protected":false},"featured_media":11556,"comment_status":"open","ping_status":"closed","template":"","meta":[],"product_brand":[],"product_cat":[66],"product_tag":[],"class_list":{"0":"post-11554","1":"product","2":"type-product","3":"status-publish","4":"has-post-thumbnail","6":"product_cat-logitech","7":"pa_mehsul-tipi-mice","9":"first","10":"instock","11":"sold-individually","12":"shipping-taxable","13":"purchasable","14":"product-type-simple"},"_links":{"self":[{"href":"https:\/\/engitech.az\/en\/wp-json\/wp\/v2\/product\/11554","targetHints":{"allow":["GET"]}}],"collection":[{"href":"https:\/\/engitech.az\/en\/wp-json\/wp\/v2\/product"}],"about":[{"href":"https:\/\/engitech.az\/en\/wp-json\/wp\/v2\/types\/product"}],"replies":[{"embeddable":true,"href":"https:\/\/engitech.az\/en\/wp-json\/wp\/v2\/comments?post=11554"}],"wp:featuredmedia":[{"embeddable":true,"href":"https:\/\/engitech.az\/en\/wp-json\/wp\/v2\/media\/11556"}],"wp:attachment":[{"href":"https:\/\/engitech.az\/en\/wp-json\/wp\/v2\/media?parent=11554"}],"wp:term":[{"taxonomy":"product_brand","embeddable":true,"href":"https:\/\/engitech.az\/en\/wp-json\/wp\/v2\/product_brand?post=11554"},{"taxonomy":"product_cat","embeddable":true,"href":"https:\/\/engitech.az\/en\/wp-json\/wp\/v2\/product_cat?post=11554"},{"taxonomy":"product_tag","embeddable":true,"href":"https:\/\/engitech.az\/en\/wp-json\/wp\/v2\/product_tag?post=11554"}],"curies":[{"name":"wp","href":"https:\/\/api.w.org\/{rel}","templated":true}]}}