{"id":11557,"date":"2026-02-25T11:50:22","date_gmt":"2026-02-25T11:50:22","guid":{"rendered":"https:\/\/engitech.az\/?post_type=product&#038;p=11557"},"modified":"2026-02-25T11:50:23","modified_gmt":"2026-02-25T11:50:23","slug":"g-series-g403","status":"publish","type":"product","link":"https:\/\/engitech.az\/en\/product\/g-series-g403\/","title":{"rendered":"G Series G403"},"content":{"rendered":"<ul>\n<li data-start=\"39\" data-end=\"70\"><strong data-start=\"39\" data-end=\"50\">Seriya:<\/strong> Logitech G Series<\/li>\n<li data-start=\"73\" data-end=\"91\"><strong data-start=\"73\" data-end=\"84\">M\u0259hsul:<\/strong> G403<\/li>\n<li data-start=\"94\" data-end=\"166\"><strong data-start=\"94\" data-end=\"109\">Category:<\/strong> Simsiz v\u0259 ya kabel variantl\u0131 oyun si\u00e7an\u0131 (model\u0259 g\u00f6r\u0259)<\/li>\n<li data-start=\"169\" data-end=\"215\"><strong data-start=\"169\" data-end=\"179\">Contact:<\/strong> LIGHTSPEED simsiz v\u0259 ya USB kabel<\/li>\n<li data-start=\"218\" data-end=\"311\"><strong data-start=\"218\" data-end=\"234\">Functions:<\/strong> Y\u00fcks\u0259k performansl\u0131 sensor, komfort tutu\u015f, proqramla\u015fd\u0131r\u0131la bil\u0259n d\u00fcym\u0259l\u0259r<\/li>\n<li data-start=\"314\" data-end=\"375\"><strong data-start=\"314\" data-end=\"327\">Usage:<\/strong> Oyun v\u0259 g\u00fcnd\u0259lik y\u00fcks\u0259k performansl\u0131 istifad\u0259<\/li>\n<\/ul>","protected":false},"excerpt":{"rendered":"<p>Seriya: Logitech G Series M\u0259hsul: G403 Kateqoriya: Simsiz v\u0259 ya  [&#8230;]<\/p>","protected":false},"featured_media":11558,"comment_status":"open","ping_status":"closed","template":"","meta":[],"product_brand":[],"product_cat":[66],"product_tag":[],"class_list":{"0":"post-11557","1":"product","2":"type-product","3":"status-publish","4":"has-post-thumbnail","6":"product_cat-logitech","7":"pa_mehsul-tipi-mice","9":"first","10":"instock","11":"sold-individually","12":"shipping-taxable","13":"purchasable","14":"product-type-simple"},"_links":{"self":[{"href":"https:\/\/engitech.az\/en\/wp-json\/wp\/v2\/product\/11557","targetHints":{"allow":["GET"]}}],"collection":[{"href":"https:\/\/engitech.az\/en\/wp-json\/wp\/v2\/product"}],"about":[{"href":"https:\/\/engitech.az\/en\/wp-json\/wp\/v2\/types\/product"}],"replies":[{"embeddable":true,"href":"https:\/\/engitech.az\/en\/wp-json\/wp\/v2\/comments?post=11557"}],"wp:featuredmedia":[{"embeddable":true,"href":"https:\/\/engitech.az\/en\/wp-json\/wp\/v2\/media\/11558"}],"wp:attachment":[{"href":"https:\/\/engitech.az\/en\/wp-json\/wp\/v2\/media?parent=11557"}],"wp:term":[{"taxonomy":"product_brand","embeddable":true,"href":"https:\/\/engitech.az\/en\/wp-json\/wp\/v2\/product_brand?post=11557"},{"taxonomy":"product_cat","embeddable":true,"href":"https:\/\/engitech.az\/en\/wp-json\/wp\/v2\/product_cat?post=11557"},{"taxonomy":"product_tag","embeddable":true,"href":"https:\/\/engitech.az\/en\/wp-json\/wp\/v2\/product_tag?post=11557"}],"curies":[{"name":"wp","href":"https:\/\/api.w.org\/{rel}","templated":true}]}}