{"id":11567,"date":"2026-02-25T12:09:02","date_gmt":"2026-02-25T12:09:02","guid":{"rendered":"https:\/\/engitech.az\/?post_type=product&#038;p=11567"},"modified":"2026-02-25T12:09:02","modified_gmt":"2026-02-25T12:09:02","slug":"signature-slim-solar-wireless-keyboard-k980","status":"publish","type":"product","link":"https:\/\/engitech.az\/en\/product\/signature-slim-solar-wireless-keyboard-k980\/","title":{"rendered":"Signature Slim Solar+ wireless keyboard K980"},"content":{"rendered":"<ul>\n<li data-start=\"45\" data-end=\"73\"><strong data-start=\"45\" data-end=\"56\">M\u0259hsul:<\/strong> Alto Keys K98M<\/li>\n<li data-start=\"76\" data-end=\"113\"><strong data-start=\"76\" data-end=\"91\">Category:<\/strong> Mexaniki klaviatura<\/li>\n<li data-start=\"116\" data-end=\"140\"><strong data-start=\"116\" data-end=\"126\">Contact:<\/strong> USB-C kabel<\/li>\n<li data-start=\"143\" data-end=\"213\"><strong data-start=\"143\" data-end=\"159\">Functions:<\/strong> Kompakt 98 d\u00fcym, RGB i\u015f\u0131qland\u0131rma, mexaniki a\u00e7arlar<\/li>\n<li data-start=\"216\" data-end=\"268\"><strong data-start=\"216\" data-end=\"229\">Usage:<\/strong> Oyun, yaz\u0131 v\u0259 g\u00fcnd\u0259lik istifad\u0259 \u00fc\u00e7\u00fcn<\/li>\n<\/ul>","protected":false},"excerpt":{"rendered":"<p>M\u0259hsul: Alto Keys K98M Kateqoriya: Mexaniki klaviatura \u018flaq\u0259: USB-C kabel  [&#8230;]<\/p>","protected":false},"featured_media":11568,"comment_status":"open","ping_status":"closed","template":"","meta":[],"product_brand":[],"product_cat":[66],"product_tag":[],"class_list":{"0":"post-11567","1":"product","2":"type-product","3":"status-publish","4":"has-post-thumbnail","6":"product_cat-logitech","7":"pa_mehsul-tipi-keyboards-and-consoles","9":"first","10":"instock","11":"sold-individually","12":"shipping-taxable","13":"purchasable","14":"product-type-simple"},"_links":{"self":[{"href":"https:\/\/engitech.az\/en\/wp-json\/wp\/v2\/product\/11567","targetHints":{"allow":["GET"]}}],"collection":[{"href":"https:\/\/engitech.az\/en\/wp-json\/wp\/v2\/product"}],"about":[{"href":"https:\/\/engitech.az\/en\/wp-json\/wp\/v2\/types\/product"}],"replies":[{"embeddable":true,"href":"https:\/\/engitech.az\/en\/wp-json\/wp\/v2\/comments?post=11567"}],"wp:featuredmedia":[{"embeddable":true,"href":"https:\/\/engitech.az\/en\/wp-json\/wp\/v2\/media\/11568"}],"wp:attachment":[{"href":"https:\/\/engitech.az\/en\/wp-json\/wp\/v2\/media?parent=11567"}],"wp:term":[{"taxonomy":"product_brand","embeddable":true,"href":"https:\/\/engitech.az\/en\/wp-json\/wp\/v2\/product_brand?post=11567"},{"taxonomy":"product_cat","embeddable":true,"href":"https:\/\/engitech.az\/en\/wp-json\/wp\/v2\/product_cat?post=11567"},{"taxonomy":"product_tag","embeddable":true,"href":"https:\/\/engitech.az\/en\/wp-json\/wp\/v2\/product_tag?post=11567"}],"curies":[{"name":"wp","href":"https:\/\/api.w.org\/{rel}","templated":true}]}}