{"id":11569,"date":"2026-02-25T12:17:36","date_gmt":"2026-02-25T12:17:36","guid":{"rendered":"https:\/\/engitech.az\/?post_type=product&#038;p=11569"},"modified":"2026-02-25T12:17:36","modified_gmt":"2026-02-25T12:17:36","slug":"mx-mechanical","status":"publish","type":"product","link":"https:\/\/engitech.az\/en\/product\/mx-mechanical\/","title":{"rendered":"MX Mechanical"},"content":{"rendered":"<ul>\n<li data-start=\"44\" data-end=\"80\"><strong data-start=\"44\" data-end=\"55\">M\u0259hsul:<\/strong> Logitech MX Mechanical<\/li>\n<li data-start=\"83\" data-end=\"127\"><strong data-start=\"83\" data-end=\"98\">Category:<\/strong> Simsiz mexaniki klaviatura<\/li>\n<li data-start=\"130\" data-end=\"188\"><strong data-start=\"130\" data-end=\"140\">Contact:<\/strong> Bluetooth \/ USB-C (q\u0259bulediciy\u0259 qo\u015fula bil\u0259r)<\/li>\n<li data-start=\"191\" data-end=\"277\"><strong data-start=\"191\" data-end=\"207\">Functions:<\/strong> Mexaniki a\u00e7arlar, \u00e7ox cihaz d\u0259st\u0259yi, rahat yaz\u0131 \u00fc\u00e7\u00fcn yum\u015faq klikl\u0259r<\/li>\n<li data-start=\"280\" data-end=\"349\"><strong data-start=\"280\" data-end=\"293\">Usage:<\/strong> Ofis, yarad\u0131c\u0131 i\u015fl\u0259r v\u0259 g\u00fcnd\u0259lik y\u00fcks\u0259k rahatl\u0131q \u00fc\u00e7\u00fcn<\/li>\n<\/ul>","protected":false},"excerpt":{"rendered":"<p>M\u0259hsul: Logitech MX Mechanical Kateqoriya: Simsiz mexaniki klaviatura \u018flaq\u0259: Bluetooth  [&#8230;]<\/p>","protected":false},"featured_media":11570,"comment_status":"open","ping_status":"closed","template":"","meta":[],"product_brand":[],"product_cat":[66],"product_tag":[],"class_list":{"0":"post-11569","1":"product","2":"type-product","3":"status-publish","4":"has-post-thumbnail","6":"product_cat-logitech","7":"pa_mehsul-tipi-keyboards-and-consoles","9":"first","10":"instock","11":"sold-individually","12":"shipping-taxable","13":"purchasable","14":"product-type-simple"},"_links":{"self":[{"href":"https:\/\/engitech.az\/en\/wp-json\/wp\/v2\/product\/11569","targetHints":{"allow":["GET"]}}],"collection":[{"href":"https:\/\/engitech.az\/en\/wp-json\/wp\/v2\/product"}],"about":[{"href":"https:\/\/engitech.az\/en\/wp-json\/wp\/v2\/types\/product"}],"replies":[{"embeddable":true,"href":"https:\/\/engitech.az\/en\/wp-json\/wp\/v2\/comments?post=11569"}],"wp:featuredmedia":[{"embeddable":true,"href":"https:\/\/engitech.az\/en\/wp-json\/wp\/v2\/media\/11570"}],"wp:attachment":[{"href":"https:\/\/engitech.az\/en\/wp-json\/wp\/v2\/media?parent=11569"}],"wp:term":[{"taxonomy":"product_brand","embeddable":true,"href":"https:\/\/engitech.az\/en\/wp-json\/wp\/v2\/product_brand?post=11569"},{"taxonomy":"product_cat","embeddable":true,"href":"https:\/\/engitech.az\/en\/wp-json\/wp\/v2\/product_cat?post=11569"},{"taxonomy":"product_tag","embeddable":true,"href":"https:\/\/engitech.az\/en\/wp-json\/wp\/v2\/product_tag?post=11569"}],"curies":[{"name":"wp","href":"https:\/\/api.w.org\/{rel}","templated":true}]}}