{"id":11571,"date":"2026-02-25T12:22:40","date_gmt":"2026-02-25T12:22:40","guid":{"rendered":"https:\/\/engitech.az\/?post_type=product&#038;p=11571"},"modified":"2026-02-25T12:22:40","modified_gmt":"2026-02-25T12:22:40","slug":"mx-creative-console","status":"publish","type":"product","link":"https:\/\/engitech.az\/en\/product\/mx-creative-console\/","title":{"rendered":"MX Creative Console"},"content":{"rendered":"<ul>\n<li data-start=\"76\" data-end=\"118\"><strong data-start=\"76\" data-end=\"87\">M\u0259hsul:<\/strong> Logitech MX Creative Console<\/li>\n<li data-start=\"121\" data-end=\"171\"><strong data-start=\"121\" data-end=\"136\">Category:<\/strong> Simsiz kreativ idar\u0259etm\u0259 konsolu<\/li>\n<li data-start=\"174\" data-end=\"227\"><strong data-start=\"174\" data-end=\"184\">Contact:<\/strong> Bluetooth v\u0259 USB-C q\u0259buledici vasit\u0259sil\u0259<\/li>\n<li data-start=\"230\" data-end=\"340\"><strong data-start=\"230\" data-end=\"246\">Functions:<\/strong> Multimedya v\u0259 yarad\u0131c\u0131 proqramlarda q\u0131sa yollar \u00fc\u00e7\u00fcn x\u00fcsusi d\u00fcym\u0259l\u0259r v\u0259 n\u0259zar\u0259t kontrolleri<\/li>\n<li data-start=\"343\" data-end=\"421\"><strong data-start=\"343\" data-end=\"356\">Usage:<\/strong> Video, audio, dizayn proqramlar\u0131nda s\u00fcr\u0259tli v\u0259 rahat idar\u0259etm\u0259<\/li>\n<\/ul>","protected":false},"excerpt":{"rendered":"<p>M\u0259hsul: Logitech MX Creative Console Kateqoriya: Simsiz kreativ idar\u0259etm\u0259 konsolu  [&#8230;]<\/p>","protected":false},"featured_media":11572,"comment_status":"open","ping_status":"closed","template":"","meta":[],"product_brand":[],"product_cat":[66],"product_tag":[],"class_list":{"0":"post-11571","1":"product","2":"type-product","3":"status-publish","4":"has-post-thumbnail","6":"product_cat-logitech","7":"pa_mehsul-tipi-keyboards-and-consoles","9":"first","10":"instock","11":"sold-individually","12":"shipping-taxable","13":"purchasable","14":"product-type-simple"},"_links":{"self":[{"href":"https:\/\/engitech.az\/en\/wp-json\/wp\/v2\/product\/11571","targetHints":{"allow":["GET"]}}],"collection":[{"href":"https:\/\/engitech.az\/en\/wp-json\/wp\/v2\/product"}],"about":[{"href":"https:\/\/engitech.az\/en\/wp-json\/wp\/v2\/types\/product"}],"replies":[{"embeddable":true,"href":"https:\/\/engitech.az\/en\/wp-json\/wp\/v2\/comments?post=11571"}],"wp:featuredmedia":[{"embeddable":true,"href":"https:\/\/engitech.az\/en\/wp-json\/wp\/v2\/media\/11572"}],"wp:attachment":[{"href":"https:\/\/engitech.az\/en\/wp-json\/wp\/v2\/media?parent=11571"}],"wp:term":[{"taxonomy":"product_brand","embeddable":true,"href":"https:\/\/engitech.az\/en\/wp-json\/wp\/v2\/product_brand?post=11571"},{"taxonomy":"product_cat","embeddable":true,"href":"https:\/\/engitech.az\/en\/wp-json\/wp\/v2\/product_cat?post=11571"},{"taxonomy":"product_tag","embeddable":true,"href":"https:\/\/engitech.az\/en\/wp-json\/wp\/v2\/product_tag?post=11571"}],"curies":[{"name":"wp","href":"https:\/\/api.w.org\/{rel}","templated":true}]}}