{"id":11573,"date":"2026-02-25T12:24:55","date_gmt":"2026-02-25T12:24:55","guid":{"rendered":"https:\/\/engitech.az\/?post_type=product&#038;p=11573"},"modified":"2026-02-25T12:24:56","modified_gmt":"2026-02-25T12:24:56","slug":"signature-slim-solar-for-mac-wireless-keyboard-k980","status":"publish","type":"product","link":"https:\/\/engitech.az\/en\/product\/signature-slim-solar-for-mac-wireless-keyboard-k980\/","title":{"rendered":"Signature Slim Solar+ for Mac wireless keyboard K980"},"content":{"rendered":"<ul>\n<li data-start=\"94\" data-end=\"159\"><strong data-start=\"94\" data-end=\"105\">M\u0259hsul:<\/strong> Logitech Signature Slim Solar+ for Mac (model K980)<\/li>\n<li data-start=\"162\" data-end=\"197\"><strong data-start=\"162\" data-end=\"177\">Category:<\/strong> Simsiz klaviatura<\/li>\n<li data-start=\"200\" data-end=\"237\"><strong data-start=\"200\" data-end=\"210\">Contact:<\/strong> Bluetooth \/ USB-receiver<\/li>\n<li data-start=\"240\" data-end=\"360\"><strong data-start=\"240\" data-end=\"256\">Functions:<\/strong> Mac \u00fc\u00e7\u00fcn x\u00fcsusi d\u00fcym\u0259l\u0259r, uzunm\u00fcdd\u0259tli batareya (g\u00fcn\u0259\u015f enerjisi il\u0259 d\u0259 \u015farj ola bil\u0259r), y\u0131\u011fcam dizayn<\/li>\n<li data-start=\"363\" data-end=\"440\"><strong data-start=\"363\" data-end=\"376\">Usage:<\/strong> G\u00fcnd\u0259lik yaz\u0131, ofis v\u0259 Mac ekosistemi \u00fc\u00e7\u00fcn komfort klaviatura<\/li>\n<\/ul>","protected":false},"excerpt":{"rendered":"<p>M\u0259hsul: Logitech Signature Slim Solar+ for Mac (model K980) Kateqoriya:  [&#8230;]<\/p>","protected":false},"featured_media":11574,"comment_status":"open","ping_status":"closed","template":"","meta":[],"product_brand":[],"product_cat":[66],"product_tag":[],"class_list":{"0":"post-11573","1":"product","2":"type-product","3":"status-publish","4":"has-post-thumbnail","6":"product_cat-logitech","7":"pa_mehsul-tipi-keyboards-and-consoles","9":"first","10":"instock","11":"sold-individually","12":"shipping-taxable","13":"purchasable","14":"product-type-simple"},"_links":{"self":[{"href":"https:\/\/engitech.az\/en\/wp-json\/wp\/v2\/product\/11573","targetHints":{"allow":["GET"]}}],"collection":[{"href":"https:\/\/engitech.az\/en\/wp-json\/wp\/v2\/product"}],"about":[{"href":"https:\/\/engitech.az\/en\/wp-json\/wp\/v2\/types\/product"}],"replies":[{"embeddable":true,"href":"https:\/\/engitech.az\/en\/wp-json\/wp\/v2\/comments?post=11573"}],"wp:featuredmedia":[{"embeddable":true,"href":"https:\/\/engitech.az\/en\/wp-json\/wp\/v2\/media\/11574"}],"wp:attachment":[{"href":"https:\/\/engitech.az\/en\/wp-json\/wp\/v2\/media?parent=11573"}],"wp:term":[{"taxonomy":"product_brand","embeddable":true,"href":"https:\/\/engitech.az\/en\/wp-json\/wp\/v2\/product_brand?post=11573"},{"taxonomy":"product_cat","embeddable":true,"href":"https:\/\/engitech.az\/en\/wp-json\/wp\/v2\/product_cat?post=11573"},{"taxonomy":"product_tag","embeddable":true,"href":"https:\/\/engitech.az\/en\/wp-json\/wp\/v2\/product_tag?post=11573"}],"curies":[{"name":"wp","href":"https:\/\/api.w.org\/{rel}","templated":true}]}}