{"id":11575,"date":"2026-02-25T12:31:37","date_gmt":"2026-02-25T12:31:37","guid":{"rendered":"https:\/\/engitech.az\/?post_type=product&#038;p=11575"},"modified":"2026-02-25T12:31:37","modified_gmt":"2026-02-25T12:31:37","slug":"ergo-wave-keys","status":"publish","type":"product","link":"https:\/\/engitech.az\/en\/product\/ergo-wave-keys\/","title":{"rendered":"Ergo Wave Keys"},"content":{"rendered":"<ul>\n<li data-start=\"54\" data-end=\"91\"><strong data-start=\"54\" data-end=\"65\">M\u0259hsul:<\/strong> Logitech Ergo Wave Keys<\/li>\n<li data-start=\"94\" data-end=\"139\"><strong data-start=\"94\" data-end=\"109\">Category:<\/strong> Simsiz ergonomik klaviatura<\/li>\n<li data-start=\"142\" data-end=\"172\"><strong data-start=\"142\" data-end=\"152\">Contact:<\/strong> Bluetooth \/ USB-C<\/li>\n<li data-start=\"175\" data-end=\"253\"><strong data-start=\"175\" data-end=\"191\">Functions:<\/strong> Dal\u011fa formas\u0131nda ergonomik d\u00fczbucaq, rahat yaz\u0131 \u00fc\u00e7\u00fcn dizayn<\/li>\n<li data-start=\"256\" data-end=\"333\"><strong data-start=\"256\" data-end=\"269\">Usage:<\/strong> G\u00fcnd\u0259lik v\u0259 ofis yaz\u0131lar\u0131 \u00fc\u00e7\u00fcn komfortlu ergonomik klaviatura<\/li>\n<\/ul>","protected":false},"excerpt":{"rendered":"<p>M\u0259hsul: Logitech Ergo Wave Keys Kateqoriya: Simsiz ergonomik klaviatura \u018flaq\u0259:  [&#8230;]<\/p>","protected":false},"featured_media":11576,"comment_status":"open","ping_status":"closed","template":"","meta":[],"product_brand":[],"product_cat":[66],"product_tag":[],"class_list":{"0":"post-11575","1":"product","2":"type-product","3":"status-publish","4":"has-post-thumbnail","6":"product_cat-logitech","7":"pa_mehsul-tipi-keyboards-and-consoles","9":"first","10":"instock","11":"sold-individually","12":"shipping-taxable","13":"purchasable","14":"product-type-simple"},"_links":{"self":[{"href":"https:\/\/engitech.az\/en\/wp-json\/wp\/v2\/product\/11575","targetHints":{"allow":["GET"]}}],"collection":[{"href":"https:\/\/engitech.az\/en\/wp-json\/wp\/v2\/product"}],"about":[{"href":"https:\/\/engitech.az\/en\/wp-json\/wp\/v2\/types\/product"}],"replies":[{"embeddable":true,"href":"https:\/\/engitech.az\/en\/wp-json\/wp\/v2\/comments?post=11575"}],"wp:featuredmedia":[{"embeddable":true,"href":"https:\/\/engitech.az\/en\/wp-json\/wp\/v2\/media\/11576"}],"wp:attachment":[{"href":"https:\/\/engitech.az\/en\/wp-json\/wp\/v2\/media?parent=11575"}],"wp:term":[{"taxonomy":"product_brand","embeddable":true,"href":"https:\/\/engitech.az\/en\/wp-json\/wp\/v2\/product_brand?post=11575"},{"taxonomy":"product_cat","embeddable":true,"href":"https:\/\/engitech.az\/en\/wp-json\/wp\/v2\/product_cat?post=11575"},{"taxonomy":"product_tag","embeddable":true,"href":"https:\/\/engitech.az\/en\/wp-json\/wp\/v2\/product_tag?post=11575"}],"curies":[{"name":"wp","href":"https:\/\/api.w.org\/{rel}","templated":true}]}}