{"id":11577,"date":"2026-02-25T12:47:05","date_gmt":"2026-02-25T12:47:05","guid":{"rendered":"https:\/\/engitech.az\/?post_type=product&#038;p=11577"},"modified":"2026-02-25T12:47:06","modified_gmt":"2026-02-25T12:47:06","slug":"signature-slim-keyboard-k950","status":"publish","type":"product","link":"https:\/\/engitech.az\/en\/product\/signature-slim-keyboard-k950\/","title":{"rendered":"Signature Slim Keyboard K950"},"content":{"rendered":"<ul>\n<li data-start=\"68\" data-end=\"119\"><strong data-start=\"68\" data-end=\"79\">M\u0259hsul:<\/strong> Logitech Signature Slim Keyboard K950<\/li>\n<li data-start=\"122\" data-end=\"157\"><strong data-start=\"122\" data-end=\"137\">Category:<\/strong> Simsiz klaviatura<\/li>\n<li data-start=\"160\" data-end=\"197\"><strong data-start=\"160\" data-end=\"170\">Contact:<\/strong> Bluetooth \/ USB-receiver<\/li>\n<li data-start=\"200\" data-end=\"284\"><strong data-start=\"200\" data-end=\"216\">Functions:<\/strong> Y\u0131\u011fcam v\u0259 inc\u0259 dizayn, komfort yaz\u0131 t\u0259cr\u00fcb\u0259si, uzun batareya \u00f6mr\u00fc<\/li>\n<li data-start=\"287\" data-end=\"360\"><strong data-start=\"287\" data-end=\"300\">Usage:<\/strong> Ofis, g\u00fcnd\u0259lik yaz\u0131 v\u0259 m\u0259hsuldarl\u0131q \u00fc\u00e7\u00fcn rahat klaviatura<\/li>\n<\/ul>","protected":false},"excerpt":{"rendered":"<p>M\u0259hsul: Logitech Signature Slim Keyboard K950 Kateqoriya: Simsiz klaviatura \u018flaq\u0259:  [&#8230;]<\/p>","protected":false},"featured_media":11578,"comment_status":"open","ping_status":"closed","template":"","meta":[],"product_brand":[],"product_cat":[66],"product_tag":[],"class_list":{"0":"post-11577","1":"product","2":"type-product","3":"status-publish","4":"has-post-thumbnail","6":"product_cat-logitech","7":"pa_mehsul-tipi-keyboards-and-consoles","9":"first","10":"instock","11":"sold-individually","12":"shipping-taxable","13":"purchasable","14":"product-type-simple"},"_links":{"self":[{"href":"https:\/\/engitech.az\/en\/wp-json\/wp\/v2\/product\/11577","targetHints":{"allow":["GET"]}}],"collection":[{"href":"https:\/\/engitech.az\/en\/wp-json\/wp\/v2\/product"}],"about":[{"href":"https:\/\/engitech.az\/en\/wp-json\/wp\/v2\/types\/product"}],"replies":[{"embeddable":true,"href":"https:\/\/engitech.az\/en\/wp-json\/wp\/v2\/comments?post=11577"}],"wp:featuredmedia":[{"embeddable":true,"href":"https:\/\/engitech.az\/en\/wp-json\/wp\/v2\/media\/11578"}],"wp:attachment":[{"href":"https:\/\/engitech.az\/en\/wp-json\/wp\/v2\/media?parent=11577"}],"wp:term":[{"taxonomy":"product_brand","embeddable":true,"href":"https:\/\/engitech.az\/en\/wp-json\/wp\/v2\/product_brand?post=11577"},{"taxonomy":"product_cat","embeddable":true,"href":"https:\/\/engitech.az\/en\/wp-json\/wp\/v2\/product_cat?post=11577"},{"taxonomy":"product_tag","embeddable":true,"href":"https:\/\/engitech.az\/en\/wp-json\/wp\/v2\/product_tag?post=11577"}],"curies":[{"name":"wp","href":"https:\/\/api.w.org\/{rel}","templated":true}]}}