{"id":11579,"date":"2026-02-25T12:51:02","date_gmt":"2026-02-25T12:51:02","guid":{"rendered":"https:\/\/engitech.az\/?post_type=product&#038;p=11579"},"modified":"2026-02-25T12:51:02","modified_gmt":"2026-02-25T12:51:02","slug":"pop-keys","status":"publish","type":"product","link":"https:\/\/engitech.az\/en\/product\/pop-keys\/","title":{"rendered":"POP Keys"},"content":{"rendered":"<ul>\n<li data-start=\"48\" data-end=\"79\"><strong data-start=\"48\" data-end=\"59\">M\u0259hsul:<\/strong> Logitech POP Keys<\/li>\n<li data-start=\"82\" data-end=\"126\"><strong data-start=\"82\" data-end=\"97\">Category:<\/strong> Simsiz mexaniki klaviatura<\/li>\n<li data-start=\"129\" data-end=\"166\"><strong data-start=\"129\" data-end=\"139\">Contact:<\/strong> Bluetooth \/ USB-receiver<\/li>\n<li data-start=\"169\" data-end=\"252\"><strong data-start=\"169\" data-end=\"185\">Functions:<\/strong> R\u0259ngli dizayn, komfort yaz\u0131 \u00fc\u00e7\u00fcn mexaniki a\u00e7arlar, emoji d\u00fcym\u0259si<\/li>\n<li data-start=\"255\" data-end=\"313\"><strong data-start=\"255\" data-end=\"268\">Usage:<\/strong> G\u00fcnd\u0259lik yaz\u0131, ofis v\u0259 \u015f\u0259xsi istifad\u0259 \u00fc\u00e7\u00fcn<\/li>\n<\/ul>","protected":false},"excerpt":{"rendered":"<p>M\u0259hsul: Logitech POP Keys Kateqoriya: Simsiz mexaniki klaviatura \u018flaq\u0259: Bluetooth  [&#8230;]<\/p>","protected":false},"featured_media":11580,"comment_status":"open","ping_status":"closed","template":"","meta":[],"product_brand":[],"product_cat":[66],"product_tag":[],"class_list":{"0":"post-11579","1":"product","2":"type-product","3":"status-publish","4":"has-post-thumbnail","6":"product_cat-logitech","7":"pa_mehsul-tipi-keyboards-and-consoles","9":"first","10":"instock","11":"sold-individually","12":"shipping-taxable","13":"purchasable","14":"product-type-simple"},"_links":{"self":[{"href":"https:\/\/engitech.az\/en\/wp-json\/wp\/v2\/product\/11579","targetHints":{"allow":["GET"]}}],"collection":[{"href":"https:\/\/engitech.az\/en\/wp-json\/wp\/v2\/product"}],"about":[{"href":"https:\/\/engitech.az\/en\/wp-json\/wp\/v2\/types\/product"}],"replies":[{"embeddable":true,"href":"https:\/\/engitech.az\/en\/wp-json\/wp\/v2\/comments?post=11579"}],"wp:featuredmedia":[{"embeddable":true,"href":"https:\/\/engitech.az\/en\/wp-json\/wp\/v2\/media\/11580"}],"wp:attachment":[{"href":"https:\/\/engitech.az\/en\/wp-json\/wp\/v2\/media?parent=11579"}],"wp:term":[{"taxonomy":"product_brand","embeddable":true,"href":"https:\/\/engitech.az\/en\/wp-json\/wp\/v2\/product_brand?post=11579"},{"taxonomy":"product_cat","embeddable":true,"href":"https:\/\/engitech.az\/en\/wp-json\/wp\/v2\/product_cat?post=11579"},{"taxonomy":"product_tag","embeddable":true,"href":"https:\/\/engitech.az\/en\/wp-json\/wp\/v2\/product_tag?post=11579"}],"curies":[{"name":"wp","href":"https:\/\/api.w.org\/{rel}","templated":true}]}}