{"id":11581,"date":"2026-02-25T12:53:46","date_gmt":"2026-02-25T12:53:46","guid":{"rendered":"https:\/\/engitech.az\/?post_type=product&#038;p=11581"},"modified":"2026-02-25T12:53:46","modified_gmt":"2026-02-25T12:53:46","slug":"pro-x-tkl-wireless-gaming-keyboard","status":"publish","type":"product","link":"https:\/\/engitech.az\/en\/product\/pro-x-tkl-wireless-gaming-keyboard\/","title":{"rendered":"PRO X TKL WIRELESS GAMING KEYBOARD"},"content":{"rendered":"<ul>\n<li data-start=\"74\" data-end=\"131\"><strong data-start=\"74\" data-end=\"85\">M\u0259hsul:<\/strong> Logitech PRO X TKL Wireless Gaming Keyboard<\/li>\n<li data-start=\"134\" data-end=\"189\"><strong data-start=\"134\" data-end=\"149\">Category:<\/strong> Simsiz oyun klaviaturas\u0131 (Tenkeyless)<\/li>\n<li data-start=\"192\" data-end=\"234\"><strong data-start=\"192\" data-end=\"202\">Contact:<\/strong> LIGHTSPEED simsiz \/ Bluetooth<\/li>\n<li data-start=\"237\" data-end=\"255\"><strong data-start=\"237\" data-end=\"253\">Functions:<\/strong><\/li>\n<li data-start=\"260\" data-end=\"307\">Tenkeyless (r\u0259q\u0259msal hiss\u0259siz) kompakt dizayn<\/li>\n<li data-start=\"312\" data-end=\"370\">Oyun \u00fc\u00e7\u00fcn performans optimalla\u015fd\u0131r\u0131lm\u0131\u015f mexaniki a\u00e7arlar<\/li>\n<li data-start=\"375\" data-end=\"431\">RGB i\u015f\u0131qland\u0131rma v\u0259 proqramla\u015fd\u0131r\u0131la bil\u0259n funksiyalar<\/li>\n<li data-start=\"434\" data-end=\"487\"><strong data-start=\"434\" data-end=\"447\">Usage:<\/strong> Oyun v\u0259 y\u00fcks\u0259k performansl\u0131 yaz\u0131 \u00fc\u00e7\u00fcn<\/li>\n<\/ul>","protected":false},"excerpt":{"rendered":"<p>M\u0259hsul: Logitech PRO X TKL Wireless Gaming Keyboard Kateqoriya: Simsiz  [&#8230;]<\/p>","protected":false},"featured_media":11582,"comment_status":"open","ping_status":"closed","template":"","meta":[],"product_brand":[],"product_cat":[66],"product_tag":[],"class_list":{"0":"post-11581","1":"product","2":"type-product","3":"status-publish","4":"has-post-thumbnail","6":"product_cat-logitech","7":"pa_mehsul-tipi-keyboards-and-consoles","9":"first","10":"instock","11":"sold-individually","12":"shipping-taxable","13":"purchasable","14":"product-type-simple"},"_links":{"self":[{"href":"https:\/\/engitech.az\/en\/wp-json\/wp\/v2\/product\/11581","targetHints":{"allow":["GET"]}}],"collection":[{"href":"https:\/\/engitech.az\/en\/wp-json\/wp\/v2\/product"}],"about":[{"href":"https:\/\/engitech.az\/en\/wp-json\/wp\/v2\/types\/product"}],"replies":[{"embeddable":true,"href":"https:\/\/engitech.az\/en\/wp-json\/wp\/v2\/comments?post=11581"}],"wp:featuredmedia":[{"embeddable":true,"href":"https:\/\/engitech.az\/en\/wp-json\/wp\/v2\/media\/11582"}],"wp:attachment":[{"href":"https:\/\/engitech.az\/en\/wp-json\/wp\/v2\/media?parent=11581"}],"wp:term":[{"taxonomy":"product_brand","embeddable":true,"href":"https:\/\/engitech.az\/en\/wp-json\/wp\/v2\/product_brand?post=11581"},{"taxonomy":"product_cat","embeddable":true,"href":"https:\/\/engitech.az\/en\/wp-json\/wp\/v2\/product_cat?post=11581"},{"taxonomy":"product_tag","embeddable":true,"href":"https:\/\/engitech.az\/en\/wp-json\/wp\/v2\/product_tag?post=11581"}],"curies":[{"name":"wp","href":"https:\/\/api.w.org\/{rel}","templated":true}]}}