{"id":11593,"date":"2026-03-05T05:35:40","date_gmt":"2026-03-05T05:35:40","guid":{"rendered":"https:\/\/engitech.az\/?post_type=product&#038;p=11593"},"modified":"2026-03-05T05:35:40","modified_gmt":"2026-03-05T05:35:40","slug":"keys-to-go-2","status":"publish","type":"product","link":"https:\/\/engitech.az\/en\/product\/keys-to-go-2\/","title":{"rendered":"Keys-To-Go 2"},"content":{"rendered":"<div class=\"flex flex-col text-sm pb-25\">\n<article class=\"text-token-text-primary w-full focus:outline-none [--shadow-height:45px] has-data-writing-block:pointer-events-none has-data-writing-block:-mt-(--shadow-height) has-data-writing-block:pt-(--shadow-height) [&amp;:has([data-writing-block])&gt;*]:pointer-events-auto scroll-mt-[calc(var(--header-height)+min(200px,max(70px,20svh)))]\" dir=\"auto\" tabindex=\"-1\" data-turn-id=\"request-WEB:bac76632-c9be-43b6-85a8-f166a169b2b3-22\" data-testid=\"conversation-turn-44\" data-scroll-anchor=\"true\" data-turn=\"assistant\">\n<div class=\"text-base my-auto mx-auto pb-10 [--thread-content-margin:--spacing(4)] @w-sm\/main:[--thread-content-margin:--spacing(6)] @w-lg\/main:[--thread-content-margin:--spacing(16)] px-(--thread-content-margin)\">\n<div class=\"[--thread-content-max-width:40rem] @w-lg\/main:[--thread-content-max-width:48rem] mx-auto max-w-(--thread-content-max-width) flex-1 group\/turn-messages focus-visible:outline-hidden relative flex w-full min-w-0 flex-col agent-turn\" tabindex=\"-1\">\n<div class=\"flex max-w-full flex-col grow\">\n<div class=\"min-h-8 text-message relative flex w-full flex-col items-end gap-2 text-start break-words whitespace-normal [.text-message+&amp;]:mt-1\" dir=\"auto\" data-message-author-role=\"assistant\" data-message-id=\"789266e5-f49d-446e-aef8-6144ed184704\" data-message-model-slug=\"gpt-5-2\">\n<div class=\"flex w-full flex-col gap-1 empty:hidden first:pt-[1px]\">\n<div class=\"markdown prose dark:prose-invert w-full wrap-break-word dark markdown-new-styling\">\n<ul>\n<li data-start=\"2\" data-end=\"37\"><strong data-start=\"2\" data-end=\"13\" data-is-only-node=\"\">M\u0259hsul:<\/strong> Logitech Keys-To-Go 2<\/li>\n<li data-start=\"40\" data-end=\"84\"><strong data-start=\"40\" data-end=\"55\" data-is-only-node=\"\">Category:<\/strong> Simsiz portativ klaviatura<\/li>\n<li data-start=\"87\" data-end=\"109\"><strong data-start=\"87\" data-end=\"97\" data-is-only-node=\"\">Contact:<\/strong> Bluetooth<\/li>\n<li data-start=\"112\" data-end=\"181\"><strong data-start=\"112\" data-end=\"128\" data-is-only-node=\"\">Functions:<\/strong> Nazik v\u0259 y\u00fcng\u00fcl dizayn, qoruyucu \u00f6rt\u00fck, rahat yaz\u0131<\/li>\n<li data-start=\"184\" data-end=\"250\"><strong data-start=\"184\" data-end=\"197\" data-is-only-node=\"\">Usage:<\/strong> Plan\u015fet, telefon v\u0259 noutbuk \u00fc\u00e7\u00fcn portativ klaviatura<\/li>\n<\/ul>\n<\/div>\n<\/div>\n<\/div>\n<\/div>\n<div class=\"z-0 flex min-h-[46px] justify-start\"><\/div>\n<div class=\"mt-3 w-full empty:hidden\">\n<div class=\"text-center\"><\/div>\n<\/div>\n<\/div>\n<\/div>\n<\/article>\n<\/div>\n<div class=\"pointer-events-none h-px w-px absolute bottom-0\" aria-hidden=\"true\" data-edge=\"true\"><\/div>","protected":false},"excerpt":{"rendered":"<p>M\u0259hsul: Logitech Keys-To-Go 2 Kateqoriya: Simsiz portativ klaviatura \u018flaq\u0259: Bluetooth  [&#8230;]<\/p>","protected":false},"featured_media":11594,"comment_status":"open","ping_status":"closed","template":"","meta":[],"product_brand":[],"product_cat":[66],"product_tag":[],"class_list":{"0":"post-11593","1":"product","2":"type-product","3":"status-publish","4":"has-post-thumbnail","6":"product_cat-logitech","7":"pa_mehsul-tipi-keyboards-and-consoles","9":"first","10":"instock","11":"sold-individually","12":"shipping-taxable","13":"purchasable","14":"product-type-simple"},"_links":{"self":[{"href":"https:\/\/engitech.az\/en\/wp-json\/wp\/v2\/product\/11593","targetHints":{"allow":["GET"]}}],"collection":[{"href":"https:\/\/engitech.az\/en\/wp-json\/wp\/v2\/product"}],"about":[{"href":"https:\/\/engitech.az\/en\/wp-json\/wp\/v2\/types\/product"}],"replies":[{"embeddable":true,"href":"https:\/\/engitech.az\/en\/wp-json\/wp\/v2\/comments?post=11593"}],"wp:featuredmedia":[{"embeddable":true,"href":"https:\/\/engitech.az\/en\/wp-json\/wp\/v2\/media\/11594"}],"wp:attachment":[{"href":"https:\/\/engitech.az\/en\/wp-json\/wp\/v2\/media?parent=11593"}],"wp:term":[{"taxonomy":"product_brand","embeddable":true,"href":"https:\/\/engitech.az\/en\/wp-json\/wp\/v2\/product_brand?post=11593"},{"taxonomy":"product_cat","embeddable":true,"href":"https:\/\/engitech.az\/en\/wp-json\/wp\/v2\/product_cat?post=11593"},{"taxonomy":"product_tag","embeddable":true,"href":"https:\/\/engitech.az\/en\/wp-json\/wp\/v2\/product_tag?post=11593"}],"curies":[{"name":"wp","href":"https:\/\/api.w.org\/{rel}","templated":true}]}}