{"id":11595,"date":"2026-03-05T05:38:52","date_gmt":"2026-03-05T05:38:52","guid":{"rendered":"https:\/\/engitech.az\/?post_type=product&#038;p=11595"},"modified":"2026-03-05T05:38:52","modified_gmt":"2026-03-05T05:38:52","slug":"g-series-g713","status":"publish","type":"product","link":"https:\/\/engitech.az\/en\/product\/g-series-g713\/","title":{"rendered":"G Series G713"},"content":{"rendered":"<div class=\"flex flex-col text-sm pb-25\">\n<article class=\"text-token-text-primary w-full focus:outline-none [--shadow-height:45px] has-data-writing-block:pointer-events-none has-data-writing-block:-mt-(--shadow-height) has-data-writing-block:pt-(--shadow-height) [&amp;:has([data-writing-block])&gt;*]:pointer-events-auto scroll-mt-[calc(var(--header-height)+min(200px,max(70px,20svh)))]\" dir=\"auto\" tabindex=\"-1\" data-turn-id=\"request-WEB:bac76632-c9be-43b6-85a8-f166a169b2b3-23\" data-testid=\"conversation-turn-46\" data-scroll-anchor=\"true\" data-turn=\"assistant\">\n<div class=\"text-base my-auto mx-auto pb-10 [--thread-content-margin:--spacing(4)] @w-sm\/main:[--thread-content-margin:--spacing(6)] @w-lg\/main:[--thread-content-margin:--spacing(16)] px-(--thread-content-margin)\">\n<div class=\"[--thread-content-max-width:40rem] @w-lg\/main:[--thread-content-max-width:48rem] mx-auto max-w-(--thread-content-max-width) flex-1 group\/turn-messages focus-visible:outline-hidden relative flex w-full min-w-0 flex-col agent-turn\" tabindex=\"-1\">\n<div class=\"flex max-w-full flex-col grow\">\n<div class=\"min-h-8 text-message relative flex w-full flex-col items-end gap-2 text-start break-words whitespace-normal [.text-message+&amp;]:mt-1\" dir=\"auto\" data-message-author-role=\"assistant\" data-message-id=\"89d67e77-bf5e-4977-9892-d0fe29e3dfaf\" data-message-model-slug=\"gpt-5-2\">\n<div class=\"flex w-full flex-col gap-1 empty:hidden first:pt-[1px]\">\n<div class=\"markdown prose dark:prose-invert w-full wrap-break-word dark markdown-new-styling\">\n<ul>\n<li data-start=\"2\" data-end=\"33\"><strong data-start=\"2\" data-end=\"13\">Seriya:<\/strong> Logitech G Series<\/li>\n<li data-start=\"36\" data-end=\"54\"><strong data-start=\"36\" data-end=\"47\">M\u0259hsul:<\/strong> G713<\/li>\n<li data-start=\"57\" data-end=\"107\"><strong data-start=\"57\" data-end=\"72\">Category:<\/strong> Mexaniki oyun klaviaturas\u0131 (TKL)<\/li>\n<li data-start=\"110\" data-end=\"134\"><strong data-start=\"110\" data-end=\"120\">Contact:<\/strong> USB-C kabel<\/li>\n<li data-start=\"137\" data-end=\"278\"><strong data-start=\"137\" data-end=\"153\">Functions:<\/strong> RGB LIGHTSYNC i\u015f\u0131qland\u0131rma, mexaniki GX switchl\u0259r, kompakt dizayn v\u0259 rahat palm rest<\/li>\n<li data-start=\"281\" data-end=\"343\"><strong data-start=\"281\" data-end=\"294\">Usage:<\/strong> Oyun v\u0259 y\u00fcks\u0259k performansl\u0131 yaz\u0131 \u00fc\u00e7\u00fcn klaviatura<\/li>\n<\/ul>\n<\/div>\n<\/div>\n<\/div>\n<\/div>\n<div class=\"z-0 flex min-h-[46px] justify-start\"><\/div>\n<div class=\"mt-3 w-full empty:hidden\">\n<div class=\"text-center\"><\/div>\n<\/div>\n<\/div>\n<\/div>\n<\/article>\n<\/div>\n<div class=\"pointer-events-none h-px w-px absolute bottom-0\" aria-hidden=\"true\" data-edge=\"true\"><\/div>","protected":false},"excerpt":{"rendered":"<p>Seriya: Logitech G Series M\u0259hsul: G713 Kateqoriya: Mexaniki oyun klaviaturas\u0131  [&#8230;]<\/p>","protected":false},"featured_media":11596,"comment_status":"open","ping_status":"closed","template":"","meta":[],"product_brand":[],"product_cat":[66],"product_tag":[],"class_list":{"0":"post-11595","1":"product","2":"type-product","3":"status-publish","4":"has-post-thumbnail","6":"product_cat-logitech","7":"pa_mehsul-tipi-keyboards-and-consoles","9":"first","10":"instock","11":"sold-individually","12":"shipping-taxable","13":"purchasable","14":"product-type-simple"},"_links":{"self":[{"href":"https:\/\/engitech.az\/en\/wp-json\/wp\/v2\/product\/11595","targetHints":{"allow":["GET"]}}],"collection":[{"href":"https:\/\/engitech.az\/en\/wp-json\/wp\/v2\/product"}],"about":[{"href":"https:\/\/engitech.az\/en\/wp-json\/wp\/v2\/types\/product"}],"replies":[{"embeddable":true,"href":"https:\/\/engitech.az\/en\/wp-json\/wp\/v2\/comments?post=11595"}],"wp:featuredmedia":[{"embeddable":true,"href":"https:\/\/engitech.az\/en\/wp-json\/wp\/v2\/media\/11596"}],"wp:attachment":[{"href":"https:\/\/engitech.az\/en\/wp-json\/wp\/v2\/media?parent=11595"}],"wp:term":[{"taxonomy":"product_brand","embeddable":true,"href":"https:\/\/engitech.az\/en\/wp-json\/wp\/v2\/product_brand?post=11595"},{"taxonomy":"product_cat","embeddable":true,"href":"https:\/\/engitech.az\/en\/wp-json\/wp\/v2\/product_cat?post=11595"},{"taxonomy":"product_tag","embeddable":true,"href":"https:\/\/engitech.az\/en\/wp-json\/wp\/v2\/product_tag?post=11595"}],"curies":[{"name":"wp","href":"https:\/\/api.w.org\/{rel}","templated":true}]}}