{"id":11597,"date":"2026-03-05T05:41:33","date_gmt":"2026-03-05T05:41:33","guid":{"rendered":"https:\/\/engitech.az\/?post_type=product&#038;p=11597"},"modified":"2026-03-05T05:41:33","modified_gmt":"2026-03-05T05:41:33","slug":"g-series-g413-tkl-se","status":"publish","type":"product","link":"https:\/\/engitech.az\/en\/product\/g-series-g413-tkl-se\/","title":{"rendered":"G Series G413 TKL SE"},"content":{"rendered":"<ul>\n<li data-start=\"2\" data-end=\"33\"><strong data-start=\"2\" data-end=\"13\">Seriya:<\/strong> Logitech G Series<\/li>\n<li data-start=\"36\" data-end=\"61\"><strong data-start=\"36\" data-end=\"47\">M\u0259hsul:<\/strong> G413 TKL SE<\/li>\n<li data-start=\"64\" data-end=\"121\"><strong data-start=\"64\" data-end=\"79\">Category:<\/strong> Mexaniki oyun klaviaturas\u0131 (Tenkeyless)<\/li>\n<li data-start=\"124\" data-end=\"146\"><strong data-start=\"124\" data-end=\"134\">Contact:<\/strong> USB kabel<\/li>\n<li data-start=\"149\" data-end=\"292\"><strong data-start=\"149\" data-end=\"165\">Functions:<\/strong> Mexaniki tactile switchl\u0259r, a\u011f arxa i\u015f\u0131qland\u0131rma, PBT keycaplar, anti-ghosting d\u0259st\u0259yi<\/li>\n<li data-start=\"295\" data-end=\"365\"><strong data-start=\"295\" data-end=\"308\">Usage:<\/strong> Oyun v\u0259 y\u00fcks\u0259k performansl\u0131 yaz\u0131 \u00fc\u00e7\u00fcn kompakt klaviatura<\/li>\n<\/ul>","protected":false},"excerpt":{"rendered":"<p>Seriya: Logitech G Series M\u0259hsul: G413 TKL SE Kateqoriya: Mexaniki  [&#8230;]<\/p>","protected":false},"featured_media":11598,"comment_status":"open","ping_status":"closed","template":"","meta":[],"product_brand":[],"product_cat":[66],"product_tag":[],"class_list":{"0":"post-11597","1":"product","2":"type-product","3":"status-publish","4":"has-post-thumbnail","6":"product_cat-logitech","7":"pa_mehsul-tipi-keyboards-and-consoles","9":"first","10":"instock","11":"sold-individually","12":"shipping-taxable","13":"purchasable","14":"product-type-simple"},"_links":{"self":[{"href":"https:\/\/engitech.az\/en\/wp-json\/wp\/v2\/product\/11597","targetHints":{"allow":["GET"]}}],"collection":[{"href":"https:\/\/engitech.az\/en\/wp-json\/wp\/v2\/product"}],"about":[{"href":"https:\/\/engitech.az\/en\/wp-json\/wp\/v2\/types\/product"}],"replies":[{"embeddable":true,"href":"https:\/\/engitech.az\/en\/wp-json\/wp\/v2\/comments?post=11597"}],"wp:featuredmedia":[{"embeddable":true,"href":"https:\/\/engitech.az\/en\/wp-json\/wp\/v2\/media\/11598"}],"wp:attachment":[{"href":"https:\/\/engitech.az\/en\/wp-json\/wp\/v2\/media?parent=11597"}],"wp:term":[{"taxonomy":"product_brand","embeddable":true,"href":"https:\/\/engitech.az\/en\/wp-json\/wp\/v2\/product_brand?post=11597"},{"taxonomy":"product_cat","embeddable":true,"href":"https:\/\/engitech.az\/en\/wp-json\/wp\/v2\/product_cat?post=11597"},{"taxonomy":"product_tag","embeddable":true,"href":"https:\/\/engitech.az\/en\/wp-json\/wp\/v2\/product_tag?post=11597"}],"curies":[{"name":"wp","href":"https:\/\/api.w.org\/{rel}","templated":true}]}}