{"id":11599,"date":"2026-03-05T05:51:34","date_gmt":"2026-03-05T05:51:34","guid":{"rendered":"https:\/\/engitech.az\/?post_type=product&#038;p=11599"},"modified":"2026-03-05T05:51:34","modified_gmt":"2026-03-05T05:51:34","slug":"master-series-mx-brio","status":"publish","type":"product","link":"https:\/\/engitech.az\/en\/product\/master-series-mx-brio\/","title":{"rendered":"Master Series MX Brio"},"content":{"rendered":"<ul>\n<li data-start=\"2\" data-end=\"38\"><strong data-start=\"2\" data-end=\"13\">Seriya:<\/strong> Logitech Master Series<\/li>\n<li data-start=\"41\" data-end=\"62\"><strong data-start=\"41\" data-end=\"52\">M\u0259hsul:<\/strong> MX Brio<\/li>\n<li data-start=\"65\" data-end=\"96\"><strong data-start=\"65\" data-end=\"80\">Category:<\/strong> 4K veb kamera<\/li>\n<li data-start=\"99\" data-end=\"117\"><strong data-start=\"99\" data-end=\"109\">Contact:<\/strong> USB-C<\/li>\n<li data-start=\"120\" data-end=\"262\"><strong data-start=\"120\" data-end=\"136\">Functions:<\/strong> 4K video (30 fps), HDR, avtomatik fokus, ikili mikrofon v\u0259 t\u0259nziml\u0259n\u0259n g\u00f6r\u00fcnt\u00fc buca\u011f\u0131<\/li>\n<li data-start=\"265\" data-end=\"364\"><strong data-start=\"265\" data-end=\"278\">Usage:<\/strong> Video konfrans, streaming v\u0259 professional i\u015f g\u00f6r\u00fc\u015fl\u0259ri \u00fc\u00e7\u00fcn y\u00fcks\u0259k keyfiyy\u0259tli kamera<\/li>\n<\/ul>","protected":false},"excerpt":{"rendered":"<p>Seriya: Logitech Master Series M\u0259hsul: MX Brio Kateqoriya: 4K veb  [&#8230;]<\/p>","protected":false},"featured_media":11605,"comment_status":"open","ping_status":"closed","template":"","meta":[],"product_brand":[],"product_cat":[66],"product_tag":[],"class_list":{"0":"post-11599","1":"product","2":"type-product","3":"status-publish","4":"has-post-thumbnail","6":"product_cat-logitech","7":"pa_mehsul-tipi-webcams","9":"first","10":"instock","11":"sold-individually","12":"shipping-taxable","13":"purchasable","14":"product-type-simple"},"_links":{"self":[{"href":"https:\/\/engitech.az\/en\/wp-json\/wp\/v2\/product\/11599","targetHints":{"allow":["GET"]}}],"collection":[{"href":"https:\/\/engitech.az\/en\/wp-json\/wp\/v2\/product"}],"about":[{"href":"https:\/\/engitech.az\/en\/wp-json\/wp\/v2\/types\/product"}],"replies":[{"embeddable":true,"href":"https:\/\/engitech.az\/en\/wp-json\/wp\/v2\/comments?post=11599"}],"wp:featuredmedia":[{"embeddable":true,"href":"https:\/\/engitech.az\/en\/wp-json\/wp\/v2\/media\/11605"}],"wp:attachment":[{"href":"https:\/\/engitech.az\/en\/wp-json\/wp\/v2\/media?parent=11599"}],"wp:term":[{"taxonomy":"product_brand","embeddable":true,"href":"https:\/\/engitech.az\/en\/wp-json\/wp\/v2\/product_brand?post=11599"},{"taxonomy":"product_cat","embeddable":true,"href":"https:\/\/engitech.az\/en\/wp-json\/wp\/v2\/product_cat?post=11599"},{"taxonomy":"product_tag","embeddable":true,"href":"https:\/\/engitech.az\/en\/wp-json\/wp\/v2\/product_tag?post=11599"}],"curies":[{"name":"wp","href":"https:\/\/api.w.org\/{rel}","templated":true}]}}