{"id":11608,"date":"2026-03-05T06:53:35","date_gmt":"2026-03-05T06:53:35","guid":{"rendered":"https:\/\/engitech.az\/?post_type=product&#038;p=11608"},"modified":"2026-03-05T06:53:36","modified_gmt":"2026-03-05T06:53:36","slug":"mevo-core","status":"publish","type":"product","link":"https:\/\/engitech.az\/en\/product\/mevo-core\/","title":{"rendered":"Mevo Core"},"content":{"rendered":"<ul>\n<li data-start=\"2\" data-end=\"34\"><strong data-start=\"2\" data-end=\"13\">M\u0259hsul:<\/strong> Logitech Mevo Core<\/li>\n<li data-start=\"37\" data-end=\"76\"><strong data-start=\"37\" data-end=\"52\">Category:<\/strong> 4K live-stream kamera<\/li>\n<li data-start=\"79\" data-end=\"124\"><strong data-start=\"79\" data-end=\"89\">Contact:<\/strong> Wi-Fi 6E, Bluetooth, USB-C, HDMI<\/li>\n<li data-start=\"127\" data-end=\"300\"><strong data-start=\"127\" data-end=\"143\">Functions:<\/strong> 4\/3 CMOS sensor (8.3 MP), 4K 30fps video, d\u0259yi\u015fdiril\u0259 bil\u0259n Micro Four Thirds lens, daxili mikrofon v\u0259 stabilizasiya<\/li>\n<li data-start=\"303\" data-end=\"421\"><strong data-start=\"303\" data-end=\"316\">Usage:<\/strong> Canl\u0131 yay\u0131m, kontent istehsal\u0131 v\u0259 professional video \u00e7\u0259kili\u015fi \u00fc\u00e7\u00fcn<\/li>\n<\/ul>","protected":false},"excerpt":{"rendered":"<p>M\u0259hsul: Logitech Mevo Core Kateqoriya: 4K live-stream kamera \u018flaq\u0259: Wi-Fi  [&#8230;]<\/p>","protected":false},"featured_media":11609,"comment_status":"open","ping_status":"closed","template":"","meta":[],"product_brand":[],"product_cat":[66],"product_tag":[],"class_list":{"0":"post-11608","1":"product","2":"type-product","3":"status-publish","4":"has-post-thumbnail","6":"product_cat-logitech","7":"pa_mehsul-tipi-webcams","9":"first","10":"instock","11":"sold-individually","12":"shipping-taxable","13":"purchasable","14":"product-type-simple"},"_links":{"self":[{"href":"https:\/\/engitech.az\/en\/wp-json\/wp\/v2\/product\/11608","targetHints":{"allow":["GET"]}}],"collection":[{"href":"https:\/\/engitech.az\/en\/wp-json\/wp\/v2\/product"}],"about":[{"href":"https:\/\/engitech.az\/en\/wp-json\/wp\/v2\/types\/product"}],"replies":[{"embeddable":true,"href":"https:\/\/engitech.az\/en\/wp-json\/wp\/v2\/comments?post=11608"}],"wp:featuredmedia":[{"embeddable":true,"href":"https:\/\/engitech.az\/en\/wp-json\/wp\/v2\/media\/11609"}],"wp:attachment":[{"href":"https:\/\/engitech.az\/en\/wp-json\/wp\/v2\/media?parent=11608"}],"wp:term":[{"taxonomy":"product_brand","embeddable":true,"href":"https:\/\/engitech.az\/en\/wp-json\/wp\/v2\/product_brand?post=11608"},{"taxonomy":"product_cat","embeddable":true,"href":"https:\/\/engitech.az\/en\/wp-json\/wp\/v2\/product_cat?post=11608"},{"taxonomy":"product_tag","embeddable":true,"href":"https:\/\/engitech.az\/en\/wp-json\/wp\/v2\/product_tag?post=11608"}],"curies":[{"name":"wp","href":"https:\/\/api.w.org\/{rel}","templated":true}]}}