{"id":11616,"date":"2026-03-05T07:01:46","date_gmt":"2026-03-05T07:01:46","guid":{"rendered":"https:\/\/engitech.az\/?post_type=product&#038;p=11616"},"modified":"2026-03-05T07:01:47","modified_gmt":"2026-03-05T07:01:47","slug":"mevo-start","status":"publish","type":"product","link":"https:\/\/engitech.az\/en\/product\/mevo-start\/","title":{"rendered":"Mevo Start"},"content":{"rendered":"<div class=\"flex flex-col text-sm pb-25\">\n<article class=\"text-token-text-primary w-full focus:outline-none [--shadow-height:45px] has-data-writing-block:pointer-events-none has-data-writing-block:-mt-(--shadow-height) has-data-writing-block:pt-(--shadow-height) [&amp;:has([data-writing-block])&gt;*]:pointer-events-auto scroll-mt-[calc(var(--header-height)+min(200px,max(70px,20svh)))]\" dir=\"auto\" tabindex=\"-1\" data-turn-id=\"request-WEB:bac76632-c9be-43b6-85a8-f166a169b2b3-31\" data-testid=\"conversation-turn-62\" data-scroll-anchor=\"true\" data-turn=\"assistant\">\n<div class=\"text-base my-auto mx-auto pb-10 [--thread-content-margin:--spacing(4)] @w-sm\/main:[--thread-content-margin:--spacing(6)] @w-lg\/main:[--thread-content-margin:--spacing(16)] px-(--thread-content-margin)\">\n<div class=\"[--thread-content-max-width:40rem] @w-lg\/main:[--thread-content-max-width:48rem] mx-auto max-w-(--thread-content-max-width) flex-1 group\/turn-messages focus-visible:outline-hidden relative flex w-full min-w-0 flex-col agent-turn\" tabindex=\"-1\">\n<div class=\"flex max-w-full flex-col grow\">\n<div class=\"min-h-8 text-message relative flex w-full flex-col items-end gap-2 text-start break-words whitespace-normal [.text-message+&amp;]:mt-1\" dir=\"auto\" data-message-author-role=\"assistant\" data-message-id=\"6a299fdf-5d1e-47e7-9fc9-71a2d4e5b704\" data-message-model-slug=\"gpt-5-2\">\n<div class=\"flex w-full flex-col gap-1 empty:hidden first:pt-[1px]\">\n<div class=\"markdown prose dark:prose-invert w-full wrap-break-word dark markdown-new-styling\">\n<ul>\n<li data-start=\"2\" data-end=\"35\"><strong data-start=\"2\" data-end=\"13\">M\u0259hsul:<\/strong> Logitech Mevo Start<\/li>\n<li data-start=\"38\" data-end=\"81\"><strong data-start=\"38\" data-end=\"53\">Category:<\/strong> Simsiz live-stream kamera<\/li>\n<li data-start=\"84\" data-end=\"122\"><strong data-start=\"84\" data-end=\"94\">Contact:<\/strong> Wi-Fi \/ Bluetooth \/ USB-C<\/li>\n<li data-start=\"125\" data-end=\"272\"><strong data-start=\"125\" data-end=\"141\">Functions:<\/strong> 1080p 30 fps video, t\u0259tbiq vasit\u0259sil\u0259 idar\u0259etm\u0259, daxili mikrofon, 6 saatad\u0259k batareya \u00f6mr\u00fc<\/li>\n<li data-start=\"275\" data-end=\"404\"><strong data-start=\"275\" data-end=\"288\">Usage:<\/strong> Canl\u0131 yay\u0131m, kontent istehsal\u0131 v\u0259 t\u0259dbirl\u0259rin onlayn yay\u0131mlanmas\u0131 \u00fc\u00e7\u00fcn kamera<\/li>\n<\/ul>\n<\/div>\n<\/div>\n<\/div>\n<\/div>\n<div class=\"z-0 flex min-h-[46px] justify-start\"><\/div>\n<div class=\"mt-3 w-full empty:hidden\">\n<div class=\"text-center\"><\/div>\n<\/div>\n<\/div>\n<\/div>\n<\/article>\n<\/div>\n<div class=\"pointer-events-none h-px w-px absolute bottom-0\" aria-hidden=\"true\" data-edge=\"true\"><\/div>","protected":false},"excerpt":{"rendered":"<p>M\u0259hsul: Logitech Mevo Start Kateqoriya: Simsiz live-stream kamera \u018flaq\u0259: Wi-Fi  [&#8230;]<\/p>","protected":false},"featured_media":11617,"comment_status":"open","ping_status":"closed","template":"","meta":[],"product_brand":[],"product_cat":[66],"product_tag":[],"class_list":{"0":"post-11616","1":"product","2":"type-product","3":"status-publish","4":"has-post-thumbnail","6":"product_cat-logitech","7":"pa_mehsul-tipi-webcams","9":"first","10":"instock","11":"sold-individually","12":"shipping-taxable","13":"purchasable","14":"product-type-simple"},"_links":{"self":[{"href":"https:\/\/engitech.az\/en\/wp-json\/wp\/v2\/product\/11616","targetHints":{"allow":["GET"]}}],"collection":[{"href":"https:\/\/engitech.az\/en\/wp-json\/wp\/v2\/product"}],"about":[{"href":"https:\/\/engitech.az\/en\/wp-json\/wp\/v2\/types\/product"}],"replies":[{"embeddable":true,"href":"https:\/\/engitech.az\/en\/wp-json\/wp\/v2\/comments?post=11616"}],"wp:featuredmedia":[{"embeddable":true,"href":"https:\/\/engitech.az\/en\/wp-json\/wp\/v2\/media\/11617"}],"wp:attachment":[{"href":"https:\/\/engitech.az\/en\/wp-json\/wp\/v2\/media?parent=11616"}],"wp:term":[{"taxonomy":"product_brand","embeddable":true,"href":"https:\/\/engitech.az\/en\/wp-json\/wp\/v2\/product_brand?post=11616"},{"taxonomy":"product_cat","embeddable":true,"href":"https:\/\/engitech.az\/en\/wp-json\/wp\/v2\/product_cat?post=11616"},{"taxonomy":"product_tag","embeddable":true,"href":"https:\/\/engitech.az\/en\/wp-json\/wp\/v2\/product_tag?post=11616"}],"curies":[{"name":"wp","href":"https:\/\/api.w.org\/{rel}","templated":true}]}}