{"id":11618,"date":"2026-03-05T07:03:41","date_gmt":"2026-03-05T07:03:41","guid":{"rendered":"https:\/\/engitech.az\/?post_type=product&#038;p=11618"},"modified":"2026-03-05T07:03:42","modified_gmt":"2026-03-05T07:03:42","slug":"brio-100","status":"publish","type":"product","link":"https:\/\/engitech.az\/en\/product\/brio-100\/","title":{"rendered":"BRIO 100"},"content":{"rendered":"<ul>\n<li data-start=\"2\" data-end=\"33\"><strong data-start=\"2\" data-end=\"13\">M\u0259hsul:<\/strong> Logitech BRIO 100<\/li>\n<li data-start=\"36\" data-end=\"72\"><strong data-start=\"36\" data-end=\"51\">Category:<\/strong> Full HD veb kamera<\/li>\n<li data-start=\"75\" data-end=\"93\"><strong data-start=\"75\" data-end=\"85\">Contact:<\/strong> USB-A<\/li>\n<li data-start=\"96\" data-end=\"234\"><strong data-start=\"96\" data-end=\"112\">Functions:<\/strong> 1080p 30 fps video, avtomatik i\u015f\u0131q t\u0259nziml\u0259m\u0259, daxili mikrofon v\u0259 gizlilik \u00f6rt\u00fcy\u00fc<\/li>\n<li data-start=\"237\" data-end=\"334\"><strong data-start=\"237\" data-end=\"250\">Usage:<\/strong> Video konfrans v\u0259 onlayn g\u00f6r\u00fc\u015fl\u0259r \u00fc\u00e7\u00fcn kamera<\/li>\n<\/ul>","protected":false},"excerpt":{"rendered":"<p>M\u0259hsul: Logitech BRIO 100 Kateqoriya: Full HD veb kamera \u018flaq\u0259:  [&#8230;]<\/p>","protected":false},"featured_media":11619,"comment_status":"open","ping_status":"closed","template":"","meta":[],"product_brand":[],"product_cat":[66],"product_tag":[],"class_list":{"0":"post-11618","1":"product","2":"type-product","3":"status-publish","4":"has-post-thumbnail","6":"product_cat-logitech","7":"pa_mehsul-tipi-webcams","9":"first","10":"instock","11":"sold-individually","12":"shipping-taxable","13":"purchasable","14":"product-type-simple"},"_links":{"self":[{"href":"https:\/\/engitech.az\/en\/wp-json\/wp\/v2\/product\/11618","targetHints":{"allow":["GET"]}}],"collection":[{"href":"https:\/\/engitech.az\/en\/wp-json\/wp\/v2\/product"}],"about":[{"href":"https:\/\/engitech.az\/en\/wp-json\/wp\/v2\/types\/product"}],"replies":[{"embeddable":true,"href":"https:\/\/engitech.az\/en\/wp-json\/wp\/v2\/comments?post=11618"}],"wp:featuredmedia":[{"embeddable":true,"href":"https:\/\/engitech.az\/en\/wp-json\/wp\/v2\/media\/11619"}],"wp:attachment":[{"href":"https:\/\/engitech.az\/en\/wp-json\/wp\/v2\/media?parent=11618"}],"wp:term":[{"taxonomy":"product_brand","embeddable":true,"href":"https:\/\/engitech.az\/en\/wp-json\/wp\/v2\/product_brand?post=11618"},{"taxonomy":"product_cat","embeddable":true,"href":"https:\/\/engitech.az\/en\/wp-json\/wp\/v2\/product_cat?post=11618"},{"taxonomy":"product_tag","embeddable":true,"href":"https:\/\/engitech.az\/en\/wp-json\/wp\/v2\/product_tag?post=11618"}],"curies":[{"name":"wp","href":"https:\/\/api.w.org\/{rel}","templated":true}]}}