{"id":11629,"date":"2026-03-05T07:17:03","date_gmt":"2026-03-05T07:17:03","guid":{"rendered":"https:\/\/engitech.az\/?post_type=product&#038;p=11629"},"modified":"2026-03-05T07:17:04","modified_gmt":"2026-03-05T07:17:04","slug":"zone-vibe-100","status":"publish","type":"product","link":"https:\/\/engitech.az\/en\/product\/zone-vibe-100\/","title":{"rendered":"ZONE VIBE 100"},"content":{"rendered":"<ul>\n<li data-start=\"2\" data-end=\"38\"><strong data-start=\"2\" data-end=\"13\">M\u0259hsul:<\/strong> Logitech Zone Vibe 100<\/li>\n<li data-start=\"41\" data-end=\"95\"><strong data-start=\"41\" data-end=\"56\">Category:<\/strong> Simsiz headset (qulaqc\u0131q + mikrofon)<\/li>\n<li data-start=\"98\" data-end=\"120\"><strong data-start=\"98\" data-end=\"108\">Contact:<\/strong> Bluetooth<\/li>\n<li data-start=\"123\" data-end=\"270\"><strong data-start=\"123\" data-end=\"139\">Functions:<\/strong> 40 mm s\u00fcr\u00fcc\u00fcl\u0259r, s\u0259s-azaldan mikrofon, multipoint ba\u011flant\u0131 v\u0259 20 saata q\u0259d\u0259r batareya \u00f6mr\u00fc<\/li>\n<li data-start=\"273\" data-end=\"382\"><strong data-start=\"273\" data-end=\"286\">Usage:<\/strong> Video konfrans, ofis i\u015fi v\u0259 g\u00fcnd\u0259lik musiqi dinl\u0259m\u0259k \u00fc\u00e7\u00fcn<\/li>\n<\/ul>","protected":false},"excerpt":{"rendered":"<p>M\u0259hsul: Logitech Zone Vibe 100 Kateqoriya: Simsiz headset (qulaqc\u0131q +  [&#8230;]<\/p>","protected":false},"featured_media":11630,"comment_status":"open","ping_status":"closed","template":"","meta":[],"product_brand":[],"product_cat":[66],"product_tag":[],"class_list":{"0":"post-11629","1":"product","2":"type-product","3":"status-publish","4":"has-post-thumbnail","6":"product_cat-logitech","7":"pa_mehsul-tipi-headsets-earbuds","9":"first","10":"instock","11":"sold-individually","12":"shipping-taxable","13":"purchasable","14":"product-type-simple"},"_links":{"self":[{"href":"https:\/\/engitech.az\/en\/wp-json\/wp\/v2\/product\/11629","targetHints":{"allow":["GET"]}}],"collection":[{"href":"https:\/\/engitech.az\/en\/wp-json\/wp\/v2\/product"}],"about":[{"href":"https:\/\/engitech.az\/en\/wp-json\/wp\/v2\/types\/product"}],"replies":[{"embeddable":true,"href":"https:\/\/engitech.az\/en\/wp-json\/wp\/v2\/comments?post=11629"}],"wp:featuredmedia":[{"embeddable":true,"href":"https:\/\/engitech.az\/en\/wp-json\/wp\/v2\/media\/11630"}],"wp:attachment":[{"href":"https:\/\/engitech.az\/en\/wp-json\/wp\/v2\/media?parent=11629"}],"wp:term":[{"taxonomy":"product_brand","embeddable":true,"href":"https:\/\/engitech.az\/en\/wp-json\/wp\/v2\/product_brand?post=11629"},{"taxonomy":"product_cat","embeddable":true,"href":"https:\/\/engitech.az\/en\/wp-json\/wp\/v2\/product_cat?post=11629"},{"taxonomy":"product_tag","embeddable":true,"href":"https:\/\/engitech.az\/en\/wp-json\/wp\/v2\/product_tag?post=11629"}],"curies":[{"name":"wp","href":"https:\/\/api.w.org\/{rel}","templated":true}]}}