{"id":11633,"date":"2026-03-05T07:21:34","date_gmt":"2026-03-05T07:21:34","guid":{"rendered":"https:\/\/engitech.az\/?post_type=product&#038;p=11633"},"modified":"2026-03-05T07:21:35","modified_gmt":"2026-03-05T07:21:35","slug":"h151-stereo-headset","status":"publish","type":"product","link":"https:\/\/engitech.az\/en\/product\/h151-stereo-headset\/","title":{"rendered":"H151 Stereo Headset"},"content":{"rendered":"<ul>\n<li data-start=\"2\" data-end=\"44\"><strong data-start=\"2\" data-end=\"13\">M\u0259hsul:<\/strong> Logitech H151 Stereo Headset<\/li>\n<li data-start=\"47\" data-end=\"90\"><strong data-start=\"47\" data-end=\"62\">Category:<\/strong> Kabel il\u0259 qo\u015fulan headset<\/li>\n<li data-start=\"93\" data-end=\"123\"><strong data-start=\"93\" data-end=\"103\">Contact:<\/strong> 3.5 mm audio jack<\/li>\n<li data-start=\"126\" data-end=\"256\"><strong data-start=\"126\" data-end=\"142\">Functions:<\/strong> Stereo s\u0259s, s\u0259s-azaldan f\u0131rlanan mikrofon, kabel \u00fcz\u0259rind\u0259 s\u0259s idar\u0259etm\u0259si<\/li>\n<li data-start=\"259\" data-end=\"372\"><strong data-start=\"259\" data-end=\"272\">Usage:<\/strong> Video konfrans, onlayn d\u0259rs v\u0259 g\u00fcnd\u0259lik istifad\u0259 \u00fc\u00e7\u00fcn headset<\/li>\n<\/ul>","protected":false},"excerpt":{"rendered":"<p>M\u0259hsul: Logitech H151 Stereo Headset Kateqoriya: Kabel il\u0259 qo\u015fulan headset  [&#8230;]<\/p>","protected":false},"featured_media":11634,"comment_status":"open","ping_status":"closed","template":"","meta":[],"product_brand":[],"product_cat":[66],"product_tag":[],"class_list":{"0":"post-11633","1":"product","2":"type-product","3":"status-publish","4":"has-post-thumbnail","6":"product_cat-logitech","7":"pa_mehsul-tipi-headsets-earbuds","9":"first","10":"instock","11":"sold-individually","12":"shipping-taxable","13":"purchasable","14":"product-type-simple"},"_links":{"self":[{"href":"https:\/\/engitech.az\/en\/wp-json\/wp\/v2\/product\/11633","targetHints":{"allow":["GET"]}}],"collection":[{"href":"https:\/\/engitech.az\/en\/wp-json\/wp\/v2\/product"}],"about":[{"href":"https:\/\/engitech.az\/en\/wp-json\/wp\/v2\/types\/product"}],"replies":[{"embeddable":true,"href":"https:\/\/engitech.az\/en\/wp-json\/wp\/v2\/comments?post=11633"}],"wp:featuredmedia":[{"embeddable":true,"href":"https:\/\/engitech.az\/en\/wp-json\/wp\/v2\/media\/11634"}],"wp:attachment":[{"href":"https:\/\/engitech.az\/en\/wp-json\/wp\/v2\/media?parent=11633"}],"wp:term":[{"taxonomy":"product_brand","embeddable":true,"href":"https:\/\/engitech.az\/en\/wp-json\/wp\/v2\/product_brand?post=11633"},{"taxonomy":"product_cat","embeddable":true,"href":"https:\/\/engitech.az\/en\/wp-json\/wp\/v2\/product_cat?post=11633"},{"taxonomy":"product_tag","embeddable":true,"href":"https:\/\/engitech.az\/en\/wp-json\/wp\/v2\/product_tag?post=11633"}],"curies":[{"name":"wp","href":"https:\/\/api.w.org\/{rel}","templated":true}]}}