{"id":11642,"date":"2026-03-05T07:45:55","date_gmt":"2026-03-05T07:45:55","guid":{"rendered":"https:\/\/engitech.az\/?post_type=product&#038;p=11642"},"modified":"2026-03-05T07:45:56","modified_gmt":"2026-03-05T07:45:56","slug":"miniroll","status":"publish","type":"product","link":"https:\/\/engitech.az\/en\/product\/miniroll\/","title":{"rendered":"MINIROLL"},"content":{"rendered":"<ul>\n<li data-start=\"2\" data-end=\"33\"><strong data-start=\"2\" data-end=\"13\">M\u0259hsul:<\/strong> Logitech MINIROLL<\/li>\n<li data-start=\"36\" data-end=\"86\"><strong data-start=\"36\" data-end=\"51\">Category:<\/strong> Ultra-portativ Bluetooth dinamik<\/li>\n<li data-start=\"89\" data-end=\"111\"><strong data-start=\"89\" data-end=\"99\">Contact:<\/strong> Bluetooth<\/li>\n<li data-start=\"114\" data-end=\"273\"><strong data-start=\"114\" data-end=\"130\">Functions:<\/strong> K\u0259m\u0259r (strap) il\u0259 as\u0131la bil\u0259n dizayn, IP67 su v\u0259 toza davaml\u0131, 12 saata q\u0259d\u0259r batareya, g\u00fccl\u00fc bass s\u0259s<\/li>\n<li data-start=\"276\" data-end=\"396\"><strong data-start=\"276\" data-end=\"289\">Usage:<\/strong> S\u0259yah\u0259t, a\u00e7\u0131q hava v\u0259 g\u00fcnd\u0259lik musiqi dinl\u0259m\u0259k \u00fc\u00e7\u00fcn portativ speaker<\/li>\n<\/ul>","protected":false},"excerpt":{"rendered":"<p>M\u0259hsul: Logitech MINIROLL Kateqoriya: Ultra-portativ Bluetooth dinamik \u018flaq\u0259: Bluetooth Funksiyalar:  [&#8230;]<\/p>","protected":false},"featured_media":11648,"comment_status":"open","ping_status":"closed","template":"","meta":[],"product_brand":[],"product_cat":[66],"product_tag":[],"class_list":{"0":"post-11642","1":"product","2":"type-product","3":"status-publish","4":"has-post-thumbnail","6":"product_cat-logitech","7":"pa_mehsul-tipi-headsets-earbuds","9":"first","10":"instock","11":"sold-individually","12":"shipping-taxable","13":"purchasable","14":"product-type-simple"},"_links":{"self":[{"href":"https:\/\/engitech.az\/en\/wp-json\/wp\/v2\/product\/11642","targetHints":{"allow":["GET"]}}],"collection":[{"href":"https:\/\/engitech.az\/en\/wp-json\/wp\/v2\/product"}],"about":[{"href":"https:\/\/engitech.az\/en\/wp-json\/wp\/v2\/types\/product"}],"replies":[{"embeddable":true,"href":"https:\/\/engitech.az\/en\/wp-json\/wp\/v2\/comments?post=11642"}],"wp:featuredmedia":[{"embeddable":true,"href":"https:\/\/engitech.az\/en\/wp-json\/wp\/v2\/media\/11648"}],"wp:attachment":[{"href":"https:\/\/engitech.az\/en\/wp-json\/wp\/v2\/media?parent=11642"}],"wp:term":[{"taxonomy":"product_brand","embeddable":true,"href":"https:\/\/engitech.az\/en\/wp-json\/wp\/v2\/product_brand?post=11642"},{"taxonomy":"product_cat","embeddable":true,"href":"https:\/\/engitech.az\/en\/wp-json\/wp\/v2\/product_cat?post=11642"},{"taxonomy":"product_tag","embeddable":true,"href":"https:\/\/engitech.az\/en\/wp-json\/wp\/v2\/product_tag?post=11642"}],"curies":[{"name":"wp","href":"https:\/\/api.w.org\/{rel}","templated":true}]}}