{"id":11649,"date":"2026-03-05T07:52:20","date_gmt":"2026-03-05T07:52:20","guid":{"rendered":"https:\/\/engitech.az\/?post_type=product&#038;p=11649"},"modified":"2026-03-05T07:52:20","modified_gmt":"2026-03-05T07:52:20","slug":"wonderboom-4","status":"publish","type":"product","link":"https:\/\/engitech.az\/en\/product\/wonderboom-4\/","title":{"rendered":"WONDERBOOM 4"},"content":{"rendered":"<ul>\n<li data-start=\"2\" data-end=\"42\"><strong data-start=\"2\" data-end=\"13\">M\u0259hsul:<\/strong> Ultimate Ears WONDERBOOM 4<\/li>\n<li data-start=\"45\" data-end=\"89\"><strong data-start=\"45\" data-end=\"60\">Category:<\/strong> Portativ Bluetooth dinamik<\/li>\n<li data-start=\"92\" data-end=\"114\"><strong data-start=\"92\" data-end=\"102\">Contact:<\/strong> Bluetooth<\/li>\n<li data-start=\"117\" data-end=\"259\"><strong data-start=\"117\" data-end=\"133\">Functions:<\/strong> 360\u00b0 s\u0259s, g\u00fccl\u00fc bass, IP67 su v\u0259 toza davaml\u0131, suda \u00fcz\u0259 bilir, ~14 saat batareya \u00f6mr\u00fc<\/li>\n<li data-start=\"262\" data-end=\"382\"><strong data-start=\"262\" data-end=\"275\">Usage:<\/strong> S\u0259yah\u0259t, a\u00e7\u0131q hava v\u0259 g\u00fcnd\u0259lik musiqi dinl\u0259m\u0259k \u00fc\u00e7\u00fcn portativ speaker<\/li>\n<\/ul>","protected":false},"excerpt":{"rendered":"<p>M\u0259hsul: Ultimate Ears WONDERBOOM 4 Kateqoriya: Portativ Bluetooth dinamik \u018flaq\u0259:  [&#8230;]<\/p>","protected":false},"featured_media":11650,"comment_status":"open","ping_status":"closed","template":"","meta":[],"product_brand":[],"product_cat":[66],"product_tag":[],"class_list":{"0":"post-11649","1":"product","2":"type-product","3":"status-publish","4":"has-post-thumbnail","6":"product_cat-logitech","7":"pa_mehsul-tipi-speakers","9":"first","10":"instock","11":"sold-individually","12":"shipping-taxable","13":"purchasable","14":"product-type-simple"},"_links":{"self":[{"href":"https:\/\/engitech.az\/en\/wp-json\/wp\/v2\/product\/11649","targetHints":{"allow":["GET"]}}],"collection":[{"href":"https:\/\/engitech.az\/en\/wp-json\/wp\/v2\/product"}],"about":[{"href":"https:\/\/engitech.az\/en\/wp-json\/wp\/v2\/types\/product"}],"replies":[{"embeddable":true,"href":"https:\/\/engitech.az\/en\/wp-json\/wp\/v2\/comments?post=11649"}],"wp:featuredmedia":[{"embeddable":true,"href":"https:\/\/engitech.az\/en\/wp-json\/wp\/v2\/media\/11650"}],"wp:attachment":[{"href":"https:\/\/engitech.az\/en\/wp-json\/wp\/v2\/media?parent=11649"}],"wp:term":[{"taxonomy":"product_brand","embeddable":true,"href":"https:\/\/engitech.az\/en\/wp-json\/wp\/v2\/product_brand?post=11649"},{"taxonomy":"product_cat","embeddable":true,"href":"https:\/\/engitech.az\/en\/wp-json\/wp\/v2\/product_cat?post=11649"},{"taxonomy":"product_tag","embeddable":true,"href":"https:\/\/engitech.az\/en\/wp-json\/wp\/v2\/product_tag?post=11649"}],"curies":[{"name":"wp","href":"https:\/\/api.w.org\/{rel}","templated":true}]}}