{"id":11651,"date":"2026-03-05T07:54:20","date_gmt":"2026-03-05T07:54:20","guid":{"rendered":"https:\/\/engitech.az\/?post_type=product&#038;p=11651"},"modified":"2026-03-05T07:54:20","modified_gmt":"2026-03-05T07:54:20","slug":"megaboom-4","status":"publish","type":"product","link":"https:\/\/engitech.az\/en\/product\/megaboom-4\/","title":{"rendered":"MEGABOOM 4"},"content":{"rendered":"<ul>\n<li data-start=\"2\" data-end=\"40\"><strong data-start=\"2\" data-end=\"13\">M\u0259hsul:<\/strong> Ultimate Ears MEGABOOM 4<\/li>\n<li data-start=\"43\" data-end=\"87\"><strong data-start=\"43\" data-end=\"58\">Category:<\/strong> Portativ Bluetooth dinamik<\/li>\n<li data-start=\"90\" data-end=\"112\"><strong data-start=\"90\" data-end=\"100\">Contact:<\/strong> Bluetooth<\/li>\n<li data-start=\"115\" data-end=\"282\"><strong data-start=\"115\" data-end=\"131\">Functions:<\/strong> 360\u00b0 g\u00fccl\u00fc s\u0259s v\u0259 bass, IP67 su v\u0259 toza davaml\u0131, ~20 saat batareya, PartyUp il\u0259 bir ne\u00e7\u0259 speaker qo\u015fmaq imkan\u0131<\/li>\n<li data-start=\"285\" data-end=\"401\"><strong data-start=\"285\" data-end=\"298\">Usage:<\/strong> A\u00e7\u0131q hava, s\u0259yah\u0259t v\u0259 t\u0259dbirl\u0259r \u00fc\u00e7\u00fcn portativ musiqi dinamikl\u0259ri<\/li>\n<\/ul>","protected":false},"excerpt":{"rendered":"<p>M\u0259hsul: Ultimate Ears MEGABOOM 4 Kateqoriya: Portativ Bluetooth dinamik \u018flaq\u0259:  [&#8230;]<\/p>","protected":false},"featured_media":11652,"comment_status":"open","ping_status":"closed","template":"","meta":[],"product_brand":[],"product_cat":[66],"product_tag":[],"class_list":{"0":"post-11651","1":"product","2":"type-product","3":"status-publish","4":"has-post-thumbnail","6":"product_cat-logitech","7":"pa_mehsul-tipi-speakers","9":"first","10":"instock","11":"sold-individually","12":"shipping-taxable","13":"purchasable","14":"product-type-simple"},"_links":{"self":[{"href":"https:\/\/engitech.az\/en\/wp-json\/wp\/v2\/product\/11651","targetHints":{"allow":["GET"]}}],"collection":[{"href":"https:\/\/engitech.az\/en\/wp-json\/wp\/v2\/product"}],"about":[{"href":"https:\/\/engitech.az\/en\/wp-json\/wp\/v2\/types\/product"}],"replies":[{"embeddable":true,"href":"https:\/\/engitech.az\/en\/wp-json\/wp\/v2\/comments?post=11651"}],"wp:featuredmedia":[{"embeddable":true,"href":"https:\/\/engitech.az\/en\/wp-json\/wp\/v2\/media\/11652"}],"wp:attachment":[{"href":"https:\/\/engitech.az\/en\/wp-json\/wp\/v2\/media?parent=11651"}],"wp:term":[{"taxonomy":"product_brand","embeddable":true,"href":"https:\/\/engitech.az\/en\/wp-json\/wp\/v2\/product_brand?post=11651"},{"taxonomy":"product_cat","embeddable":true,"href":"https:\/\/engitech.az\/en\/wp-json\/wp\/v2\/product_cat?post=11651"},{"taxonomy":"product_tag","embeddable":true,"href":"https:\/\/engitech.az\/en\/wp-json\/wp\/v2\/product_tag?post=11651"}],"curies":[{"name":"wp","href":"https:\/\/api.w.org\/{rel}","templated":true}]}}